{"id":9267,"date":"2017-02-02T12:50:20","date_gmt":"2017-02-02T18:50:20","guid":{"rendered":"https:\/\/cloeren.com\/acerca-de-cloeren\/historia\/"},"modified":"2024-06-11T13:15:28","modified_gmt":"2024-06-11T18:15:28","slug":"historia","status":"publish","type":"page","link":"https:\/\/cloeren.com\/es\/acerca-de-cloeren\/historia\/","title":{"rendered":"Historia"},"content":{"rendered":"<p><div class=\"fusion-fullwidth fullwidth-box fusion-builder-row-1 fusion-flex-container has-pattern-background has-mask-background nonhundred-percent-fullwidth non-hundred-percent-height-scrolling\" style=\"--awb-border-radius-top-left:0px;--awb-border-radius-top-right:0px;--awb-border-radius-bottom-right:0px;--awb-border-radius-bottom-left:0px;--awb-padding-top:60px;--awb-padding-bottom:40px;--awb-margin-top:0px;--awb-margin-bottom:0px;--awb-background-color:#ffffff;--awb-flex-wrap:wrap;\" ><div class=\"fusion-builder-row fusion-row fusion-flex-align-items-flex-start fusion-flex-content-wrap\" style=\"max-width:1456px;margin-left: calc(-4% \/ 2 );margin-right: calc(-4% \/ 2 );\"><div class=\"fusion-layout-column fusion_builder_column fusion-builder-column-0 fusion_builder_column_1_1 1_1 fusion-flex-column\" style=\"--awb-bg-size:cover;--awb-width-large:100%;--awb-margin-top-large:0px;--awb-spacing-right-large:1.92%;--awb-margin-bottom-large:0px;--awb-spacing-left-large:1.92%;--awb-width-medium:100%;--awb-spacing-right-medium:1.92%;--awb-spacing-left-medium:1.92%;--awb-width-small:100%;--awb-spacing-right-small:1.92%;--awb-spacing-left-small:1.92%;\"><div class=\"fusion-column-wrapper fusion-flex-justify-content-center fusion-content-layout-column\"><div class=\"fusion-title title fusion-title-1 fusion-sep-none fusion-title-text fusion-title-size-two title-large\" style=\"--awb-margin-top-small:0px;--awb-margin-right-small:0px;--awb-margin-bottom-small:20px;--awb-margin-left-small:0px;\"><h2 class=\"fusion-title-heading title-heading-left fusion-responsive-typography-calculated\" style=\"margin:0;--fontSize:26;line-height:1.4;\">Nuestra historia en profundidad<\/h2><\/div><div class=\"fusion-text fusion-text-1\"><p>Obtenga los detalles, a\u00f1o tras a\u00f1o, en Cloeren Incorporated como compa\u00f1\u00eda durante m\u00e1s de una d\u00e9cada.<\/p>\n<\/div><\/div><\/div><\/div><\/div><div class=\"fusion-fullwidth fullwidth-box fusion-builder-row-2 fusion-flex-container has-pattern-background has-mask-background nonhundred-percent-fullwidth non-hundred-percent-height-scrolling\" style=\"--awb-border-radius-top-left:0px;--awb-border-radius-top-right:0px;--awb-border-radius-bottom-right:0px;--awb-border-radius-bottom-left:0px;--awb-margin-top:80px;--awb-flex-wrap:wrap;\" ><div class=\"fusion-builder-row fusion-row fusion-flex-align-items-flex-start fusion-flex-content-wrap\" style=\"max-width:1456px;margin-left: calc(-4% \/ 2 );margin-right: calc(-4% \/ 2 );\"><div class=\"fusion-layout-column fusion_builder_column fusion-builder-column-1 fusion_builder_column_1_1 1_1 fusion-flex-column\" style=\"--awb-bg-size:cover;--awb-width-large:100%;--awb-margin-top-large:0px;--awb-spacing-right-large:1.92%;--awb-margin-bottom-large:30px;--awb-spacing-left-large:1.92%;--awb-width-medium:100%;--awb-spacing-right-medium:1.92%;--awb-spacing-left-medium:1.92%;--awb-width-small:100%;--awb-spacing-right-small:1.92%;--awb-spacing-left-small:1.92%;\"><div class=\"fusion-column-wrapper fusion-flex-justify-content-flex-start fusion-content-layout-column\"><div class=\"fusion-title title fusion-title-2 fusion-sep-none fusion-title-text fusion-title-size-two\" style=\"--awb-margin-top-small:0px;--awb-margin-right-small:0px;--awb-margin-bottom-small:20px;--awb-margin-left-small:0px;\"><h2 class=\"fusion-title-heading title-heading-left fusion-responsive-typography-calculated\" style=\"margin:0;--fontSize:26;line-height:1.4;\">1970 &#8211; 1979<\/h2><\/div>\n<div class=\"table-1 history-table\">\n<table width=\"100%\">\n<tbody>\n<tr>\n<td><span style=\"color: #14213d;\"><strong>1975<\/strong><\/span><\/td>\n<td>Peter Cloeren Sr. desarrolla el primer Cloeren Feedblock que se utiliz\u00f3 para el recubrimiento por extrusi\u00f3n, una capa de piel de polietileno de alta densidad sobre una capa de base de polietileno de baja densidad para cartones de leche en Gulf Oil Corporation (ahora Chevron Phillips Chemical) en Orange, Texas.<\/td>\n<\/tr>\n<tr>\n<td><span style=\"color: #14213d;\"><strong>1979<\/strong><\/span><\/td>\n<td>Patentes de feedblock y coextrusi\u00f3n relacionada concedidas a Peter Cloeren Sr.<\/td>\n<\/tr>\n<\/tbody>\n<\/table>\n<\/div>\n<\/div><\/div><div class=\"fusion-layout-column fusion_builder_column fusion-builder-column-2 fusion_builder_column_1_1 1_1 fusion-flex-column\" style=\"--awb-bg-size:cover;--awb-width-large:100%;--awb-margin-top-large:60px;--awb-spacing-right-large:1.92%;--awb-margin-bottom-large:30px;--awb-spacing-left-large:1.92%;--awb-width-medium:100%;--awb-spacing-right-medium:1.92%;--awb-spacing-left-medium:1.92%;--awb-width-small:100%;--awb-spacing-right-small:1.92%;--awb-spacing-left-small:1.92%;\"><div class=\"fusion-column-wrapper fusion-flex-justify-content-flex-start fusion-content-layout-column\"><div class=\"fusion-title title fusion-title-3 fusion-sep-none fusion-title-text fusion-title-size-two\" style=\"--awb-margin-top-small:0px;--awb-margin-right-small:0px;--awb-margin-bottom-small:20px;--awb-margin-left-small:0px;\"><h2 class=\"fusion-title-heading title-heading-left fusion-responsive-typography-calculated\" style=\"margin:0;--fontSize:26;line-height:1.4;\">1980 &#8211; 1989<\/h2><\/div>\n<div class=\"table-1 history-table\">\n<table width=\"100%\">\n<tbody>\n<tr>\n<td><span style=\"color: #14213d;\"><strong>1980<\/strong><\/span><\/td>\n<td>Peter Cloeren Sr. y Peter F. Cloeren, Jr. cofundan formalmente The Cloeren Company, ahora conocida como Cloeren Incorporated.<\/td>\n<\/tr>\n<tr>\n<td><span style=\"color: #14213d;\"><strong>1983<\/strong><\/span><\/td>\n<td>Cloeren desarrolla el Feedblock multiplano para 4 o m\u00e1s capas. Esta innovaci\u00f3n se adopt\u00f3 r\u00e1pidamente para convertirse en la norma del sector.<\/td>\n<\/tr>\n<tr>\n<td><span style=\"color: #14213d;\"><strong>1984<\/strong><\/span><\/td>\n<td>Se establece la primera planta de fabricaci\u00f3n de Cloeren en Orange, Texas.<\/td>\n<\/tr>\n<\/tbody>\n<\/table>\n<\/div>\n<\/div><\/div><div class=\"fusion-layout-column fusion_builder_column fusion-builder-column-3 fusion_builder_column_1_1 1_1 fusion-flex-column\" style=\"--awb-bg-size:cover;--awb-width-large:100%;--awb-margin-top-large:60px;--awb-spacing-right-large:1.92%;--awb-margin-bottom-large:30px;--awb-spacing-left-large:1.92%;--awb-width-medium:100%;--awb-spacing-right-medium:1.92%;--awb-spacing-left-medium:1.92%;--awb-width-small:100%;--awb-spacing-right-small:1.92%;--awb-spacing-left-small:1.92%;\"><div class=\"fusion-column-wrapper fusion-flex-justify-content-flex-start fusion-content-layout-column\"><div class=\"fusion-title title fusion-title-4 fusion-sep-none fusion-title-text fusion-title-size-two\" style=\"--awb-margin-top-small:0px;--awb-margin-right-small:0px;--awb-margin-bottom-small:20px;--awb-margin-left-small:0px;\"><h2 class=\"fusion-title-heading title-heading-left fusion-responsive-typography-calculated\" style=\"margin:0;--fontSize:26;line-height:1.4;\">1990 &#8211; 1999<\/h2><\/div>\n<div class=\"table-1 history-table\">\n<table width=\"100%\">\n<tbody>\n<tr>\n<td><span style=\"color: #14213d;\"><strong>1990<\/strong><\/span><\/td>\n<td>Cloeren entra en el negocio de las matrices de extrusi\u00f3n con la introducci\u00f3n de su Epoch\u2122 Two-Stage Preland Die.<\/td>\n<\/tr>\n<tr>\n<td><span style=\"color: #14213d;\"><strong>1992<\/strong><\/span><\/td>\n<td>Cloeren comercializa la primera matriz de labio flexible y reducci\u00f3n de rebordes (EBR\u2122) para recubrimiento por extrusi\u00f3n y laminado.<\/td>\n<\/tr>\n<tr>\n<td><span style=\"color: #14213d;\"><strong>1993<\/strong><\/span><\/td>\n<td>Patente concedida a Cloeren por su matriz Epoch\u2122 de dos fases para preformas.<\/td>\n<\/tr>\n<tr>\n<td><span style=\"color: #14213d;\"><strong>1993<\/strong><\/span><\/td>\n<td>Cloeren presenta el primer Sistema de Decapado Interno (IDS\u2122) para aplicaciones de film colado y chapa fina.<\/td>\n<\/tr>\n<tr>\n<td><span style=\"color: #14213d;\"><strong>1994<\/strong><\/span><\/td>\n<td>Cloeren se expande internacionalmente con la apertura de Cloeren Japan Ltd. y Cloeren Europe.<\/td>\n<\/tr>\n<tr>\n<td><span style=\"color: #14213d;\"><strong>1997<\/strong><\/span><\/td>\n<td>Cloeren se convierte en el mayor fabricante de troqueles del mundo con la compra de Production Components en Eau Claire, Wisconsin.<\/td>\n<\/tr>\n<tr>\n<td><span style=\"color: #14213d;\"><strong>1998<\/strong><\/span><\/td>\n<td>Cloeren establece su tercera planta de fabricaci\u00f3n en Orange, Texas.<\/td>\n<\/tr>\n<tr>\n<td><span style=\"color: #14213d;\"><strong>1999<\/strong><\/span><\/td>\n<td>Cloeren establece una oficina de ventas y servicios en el Sudeste Asi\u00e1tico.<\/td>\n<\/tr>\n<\/tbody>\n<\/table>\n<\/div>\n<\/div><\/div><div class=\"fusion-layout-column fusion_builder_column fusion-builder-column-4 fusion_builder_column_1_1 1_1 fusion-flex-column\" style=\"--awb-bg-size:cover;--awb-width-large:100%;--awb-margin-top-large:60px;--awb-spacing-right-large:1.92%;--awb-margin-bottom-large:30px;--awb-spacing-left-large:1.92%;--awb-width-medium:100%;--awb-spacing-right-medium:1.92%;--awb-spacing-left-medium:1.92%;--awb-width-small:100%;--awb-spacing-right-small:1.92%;--awb-spacing-left-small:1.92%;\"><div class=\"fusion-column-wrapper fusion-flex-justify-content-flex-start fusion-content-layout-column\"><div class=\"fusion-title title fusion-title-5 fusion-sep-none fusion-title-text fusion-title-size-two\" style=\"--awb-margin-top-small:0px;--awb-margin-right-small:0px;--awb-margin-bottom-small:20px;--awb-margin-left-small:0px;\"><h2 class=\"fusion-title-heading title-heading-left fusion-responsive-typography-calculated\" style=\"margin:0;--fontSize:26;line-height:1.4;\">2000 &#8211; 2009<\/h2><\/div>\n<div class=\"table-1 history-table\">\n<table width=\"100%\">\n<tbody>\n<tr>\n<td><span style=\"color: #14213d;\"><strong>2001<\/strong><\/span><\/td>\n<td>Cloeren ampl\u00eda y traslada su sede al centro de Orange, Texas.<\/td>\n<\/tr>\n<tr>\n<td><span style=\"color: #14213d;\"><strong>2002<\/strong><\/span><\/td>\n<td>Cloeren recibe la 25\u00aa Patente de EE.UU. para Equipos y Dise\u00f1o de Procesado de Pol\u00edmeros.<\/td>\n<\/tr>\n<tr>\n<td><span style=\"color: #14213d;\"><strong>2002<\/strong><\/span><\/td>\n<td>Cloeren presenta el primer Feedblock NanoLayer\u2122 comercial del mundo para coextrusi\u00f3n barrera.<\/td>\n<\/tr>\n<tr>\n<td><span style=\"color: #14213d;\"><strong>2003<\/strong><\/span><\/td>\n<td>Cloeren abre oficina en Nagoya; es la segunda en Jap\u00f3n.<\/td>\n<\/tr>\n<tr>\n<td><span style=\"color: #14213d;\"><strong>2006<\/strong><\/span><\/td>\n<td>Cloeren abre una cuarta planta de fabricaci\u00f3n en Marshall, Texas.<\/td>\n<\/tr>\n<tr>\n<td><span style=\"color: #14213d;\"><strong>2009<\/strong><\/span><\/td>\n<td>Cloeren abre una oficina de ventas en Pek\u00edn.<\/td>\n<\/tr>\n<\/tbody>\n<\/table>\n<\/div>\n<\/div><\/div><div class=\"fusion-layout-column fusion_builder_column fusion-builder-column-5 fusion_builder_column_1_1 1_1 fusion-flex-column\" style=\"--awb-bg-size:cover;--awb-width-large:100%;--awb-margin-top-large:60px;--awb-spacing-right-large:1.92%;--awb-margin-bottom-large:30px;--awb-spacing-left-large:1.92%;--awb-width-medium:100%;--awb-spacing-right-medium:1.92%;--awb-spacing-left-medium:1.92%;--awb-width-small:100%;--awb-spacing-right-small:1.92%;--awb-spacing-left-small:1.92%;\"><div class=\"fusion-column-wrapper fusion-flex-justify-content-flex-start fusion-content-layout-column\"><div class=\"fusion-title title fusion-title-6 fusion-sep-none fusion-title-text fusion-title-size-two\" style=\"--awb-margin-top-small:0px;--awb-margin-right-small:0px;--awb-margin-bottom-small:20px;--awb-margin-left-small:0px;\"><h2 class=\"fusion-title-heading title-heading-left fusion-responsive-typography-calculated\" style=\"margin:0;--fontSize:26;line-height:1.4;\">2010 &#8211; 2019<\/h2><\/div>\n<div class=\"table-1 history-table\">\n<table width=\"100%\">\n<tbody>\n<tr>\n<td><span style=\"color: #14213d;\"><strong>2010<\/strong><\/span><\/td>\n<td>Cloeren establece un servicio en Shanghai.<\/td>\n<\/tr>\n<tr>\n<td><span style=\"color: #14213d;\"><strong>2011<\/strong><\/span><\/td>\n<td>Cloeren traslada su oficina de Asia-Pac\u00edfico a Kuala Lumpur.<\/td>\n<\/tr>\n<tr>\n<td><span style=\"color: #14213d;\"><strong>2012<\/strong><\/span><\/td>\n<td>Cloeren ampl\u00eda sus ventas en Europa abriendo otra oficina en Alemania.<\/td>\n<\/tr>\n<tr>\n<td><span style=\"color: #14213d;\"><strong>2012<\/strong><\/span><\/td>\n<td>Cloeren patenta el moebius-manifold\u2122 Die.<\/td>\n<\/tr>\n<tr>\n<td><span style=\"color: #14213d;\"><strong>2013<\/strong><\/span><\/td>\n<td>Cloeren ampl\u00eda sus instalaciones de fabricaci\u00f3n en Orange, Texas.<\/td>\n<\/tr>\n<tr>\n<td><span style=\"color: #14213d;\"><strong>2015<\/strong><\/span><\/td>\n<td>Patente estadounidense del troquel moebius-manifold\u2122 Die. Las patentes internacionales siguen pendientes.<\/td>\n<\/tr>\n<tr>\n<td><span style=\"color: #14213d;\"><strong>2016<\/strong><\/span><\/td>\n<td>Cloeren ha reforzado su participaci\u00f3n en el mercado europeo aumentando su inversi\u00f3n en EMO GesmbH, fabricante de matrices de extrusi\u00f3n de Micheldorf (Austria).<\/td>\n<\/tr>\n<tr>\n<td><span style=\"color: #14213d;\"><strong>2017<\/strong><\/span><\/td>\n<td>Cloeren adquiere las acciones restantes de EMO GesmbH, lo que nos proporciona un centro de fabricaci\u00f3n, servicio y reparaci\u00f3n en Europa.<\/td>\n<\/tr>\n<tr>\n<td><span style=\"color: #14213d;\"><strong>2019<\/strong><\/span><\/td>\n<td>Tras tres a\u00f1os de investigaci\u00f3n y desarrollo, Cloeren lanza comercialmente el revolucionario Re\u0192lex\u2122 Die.<\/td>\n<\/tr>\n<\/tbody>\n<\/table>\n<\/div>\n<\/div><\/div><div class=\"fusion-layout-column fusion_builder_column fusion-builder-column-6 fusion_builder_column_1_1 1_1 fusion-flex-column\" style=\"--awb-bg-size:cover;--awb-width-large:100%;--awb-margin-top-large:60px;--awb-spacing-right-large:1.92%;--awb-margin-bottom-large:30px;--awb-spacing-left-large:1.92%;--awb-width-medium:100%;--awb-spacing-right-medium:1.92%;--awb-spacing-left-medium:1.92%;--awb-width-small:100%;--awb-spacing-right-small:1.92%;--awb-spacing-left-small:1.92%;\"><div class=\"fusion-column-wrapper fusion-flex-justify-content-flex-start fusion-content-layout-column\"><div class=\"fusion-title title fusion-title-7 fusion-sep-none fusion-title-text fusion-title-size-two\" style=\"--awb-margin-top-small:0px;--awb-margin-right-small:0px;--awb-margin-bottom-small:20px;--awb-margin-left-small:0px;\"><h2 class=\"fusion-title-heading title-heading-left fusion-responsive-typography-calculated\" style=\"margin:0;--fontSize:26;line-height:1.4;\">2020 &#8211; 2024<\/h2><\/div>\n<div class=\"table-1 history-table\">\n<table width=\"100%\">\n<tbody>\n<tr>\n<td><span style=\"color: #14213d;\"><strong>2023<\/strong><\/span><\/td>\n<td>El departamento Aeroespacial de Cloeren recibe la certificaci\u00f3n AS9100.<\/td>\n<\/tr>\n<\/tbody>\n<\/table>\n<\/div>\n<\/div><\/div><\/div><\/div><\/p>\n","protected":false},"excerpt":{"rendered":"","protected":false},"author":1,"featured_media":0,"parent":9207,"menu_order":2,"comment_status":"closed","ping_status":"closed","template":"100-width.php","meta":{"_acf_changed":false,"footnotes":""},"class_list":["post-9267","page","type-page","status-publish","hentry"],"acf":[],"_links":{"self":[{"href":"https:\/\/cloeren.com\/es\/wp-json\/wp\/v2\/pages\/9267","targetHints":{"allow":["GET"]}}],"collection":[{"href":"https:\/\/cloeren.com\/es\/wp-json\/wp\/v2\/pages"}],"about":[{"href":"https:\/\/cloeren.com\/es\/wp-json\/wp\/v2\/types\/page"}],"author":[{"embeddable":true,"href":"https:\/\/cloeren.com\/es\/wp-json\/wp\/v2\/users\/1"}],"replies":[{"embeddable":true,"href":"https:\/\/cloeren.com\/es\/wp-json\/wp\/v2\/comments?post=9267"}],"version-history":[{"count":3,"href":"https:\/\/cloeren.com\/es\/wp-json\/wp\/v2\/pages\/9267\/revisions"}],"predecessor-version":[{"id":21535,"href":"https:\/\/cloeren.com\/es\/wp-json\/wp\/v2\/pages\/9267\/revisions\/21535"}],"up":[{"embeddable":true,"href":"https:\/\/cloeren.com\/es\/wp-json\/wp\/v2\/pages\/9207"}],"wp:attachment":[{"href":"https:\/\/cloeren.com\/es\/wp-json\/wp\/v2\/media?parent=9267"}],"curies":[{"name":"wp","href":"https:\/\/api.w.org\/{rel}","templated":true}]}}