{"id":9266,"date":"2017-07-19T11:32:22","date_gmt":"2017-07-19T16:32:22","guid":{"rendered":"https:\/\/cloeren.com\/acerca-de-cloeren\/carreras\/"},"modified":"2023-03-22T16:43:54","modified_gmt":"2023-03-22T21:43:54","slug":"carreras","status":"publish","type":"page","link":"https:\/\/cloeren.com\/es\/carreras\/","title":{"rendered":"Carreras"},"content":{"rendered":"<p><div class=\"fusion-fullwidth fullwidth-box fusion-builder-row-1 fusion-flex-container has-pattern-background has-mask-background nonhundred-percent-fullwidth non-hundred-percent-height-scrolling\" style=\"--awb-border-radius-top-left:0px;--awb-border-radius-top-right:0px;--awb-border-radius-bottom-right:0px;--awb-border-radius-bottom-left:0px;--awb-padding-top:60px;--awb-padding-bottom:40px;--awb-background-color:#ffffff;--awb-flex-wrap:wrap;\" ><div class=\"fusion-builder-row fusion-row fusion-flex-align-items-flex-start fusion-flex-content-wrap\" style=\"max-width:1456px;margin-left: calc(-4% \/ 2 );margin-right: calc(-4% \/ 2 );\"><div class=\"fusion-layout-column fusion_builder_column fusion-builder-column-0 fusion_builder_column_1_1 1_1 fusion-flex-column\" style=\"--awb-bg-size:cover;--awb-width-large:100%;--awb-margin-top-large:0px;--awb-spacing-right-large:1.92%;--awb-margin-bottom-large:0px;--awb-spacing-left-large:1.92%;--awb-width-medium:100%;--awb-spacing-right-medium:1.92%;--awb-spacing-left-medium:1.92%;--awb-width-small:100%;--awb-spacing-right-small:1.92%;--awb-spacing-left-small:1.92%;\"><div class=\"fusion-column-wrapper fusion-flex-justify-content-center fusion-content-layout-column\"><div class=\"fusion-title title fusion-title-1 fusion-sep-none fusion-title-text fusion-title-size-two title-large\" style=\"--awb-margin-top-small:0px;--awb-margin-right-small:0px;--awb-margin-bottom-small:20px;--awb-margin-left-small:0px;\"><h2 class=\"fusion-title-heading title-heading-left fusion-responsive-typography-calculated\" style=\"margin:0;--fontSize:26;line-height:1.4;\">Un l\u00edder de la industria necesita l\u00edderes individuales. Cloeren Incorporated valora mucho la b\u00fasqueda y el desarrollo de las personas adecuadas. Queremos personas que compartan nuestros valores fundamentales y demuestren una verdadera pasi\u00f3n por lo que hacen.<\/h2><\/div><div class=\"fusion-text fusion-text-1\" style=\"--awb-text-transform:none;\"><p>Para aplicar, env\u00ede su solicitud a trav\u00e9s de nuestro <a href=\"https:\/\/recruiting.paylocity.com\/Recruiting\/Jobs\/All\/2d690d95-3e7a-4cb0-910c-174b2e72141f\" target=\"_blank\" rel=\"noopener\">sitio de reclutamiento<\/a>.<\/p>\n<\/div><\/div><\/div><\/div><\/div><div class=\"fusion-fullwidth fullwidth-box fusion-builder-row-2 fusion-flex-container has-pattern-background has-mask-background nonhundred-percent-fullwidth non-hundred-percent-height-scrolling\" style=\"--awb-border-radius-top-left:0px;--awb-border-radius-top-right:0px;--awb-border-radius-bottom-right:0px;--awb-border-radius-bottom-left:0px;--awb-padding-top:60px;--awb-flex-wrap:wrap;\" ><div class=\"fusion-builder-row fusion-row fusion-flex-align-items-flex-start fusion-flex-content-wrap\" style=\"max-width:1456px;margin-left: calc(-4% \/ 2 );margin-right: calc(-4% \/ 2 );\"><div class=\"fusion-layout-column fusion_builder_column fusion-builder-column-1 fusion_builder_column_1_1 1_1 fusion-flex-column\" style=\"--awb-padding-bottom:30px;--awb-bg-size:cover;--awb-width-large:100%;--awb-margin-top-large:0px;--awb-spacing-right-large:1.92%;--awb-margin-bottom-large:0px;--awb-spacing-left-large:1.92%;--awb-width-medium:100%;--awb-spacing-right-medium:1.92%;--awb-spacing-left-medium:1.92%;--awb-width-small:100%;--awb-spacing-right-small:1.92%;--awb-spacing-left-small:1.92%;\"><div class=\"fusion-column-wrapper fusion-flex-justify-content-flex-start fusion-content-layout-column\">            <div class=\"cl-jobs \">\n                <div class=\"cl-jobs__grid\">\n                    <div class=\"cl-jobs__row\">\n                        <div class=\"cl-jobs__col\">Trabajo<\/div>\n                        <div class=\"cl-jobs__col\">Tipo<\/div>\n                        <div class=\"cl-jobs__col\">Location<\/div>\n                        <div class=\"cl-jobs__col\">\u00daltimo Activo<\/div>\n                        <div class=\"cl-jobs__col\"><\/div>\n                    <\/div>\n                                                                        <div class=\"cl-jobs__row\">\n                                <div class=\"cl-jobs__col\" data-label=\"Trabajo\">\n                                    <div>\n                                        <a href=\"https:\/\/cloeren.com\/es\/carreras\/cnc-programmer\/\" class=\"cl-jobs__title\">\n                                            CNC Programmer                                        <\/a>\n                                                                            <\/div>\n                                <\/div>\n                                <div class=\"cl-jobs__col\" data-label=\"Tipo\">\n                                                                            Tiempo completo                                                                    <\/div>\n                                <div class=\"cl-jobs__col\" data-label=\"Location\">\n                                                                                                                                                                                                                                                <a href=\"https:\/\/goo.gl\/maps\/npgkkScj3762\" title=\"Orange, TX\" target=\"_blank\">Orange, TX<\/a>                                                                    <\/div>\n                                <div class=\"cl-jobs__col\" data-label=\"\u00daltimo Activo\">\n                                    <div class=\"cl-jobs__date\">\n                                        13 horas hace                                    <\/div>\n                                <\/div>\n                                <div class=\"cl-jobs__col\">\n                                    <div ><a class=\"fusion-button button-flat fusion-button-default-size button-lightgray fusion-button-lightgray button-1 fusion-button-default-span fusion-button-default-type\" target=\"_self\" title=\"Ver detalles\" aria-label=\"Ver detalles\" href=\"https:\/\/cloeren.com\/es\/carreras\/cnc-programmer\/\"><span class=\"fusion-button-text awb-button__text awb-button__text--default\">Ver detalles<\/span><i class=\"fa-chevron-right fas awb-button__icon awb-button__icon--default button-icon-right\" aria-hidden=\"true\"><\/i><\/a><\/div>                                <\/div>\n                            <\/div>\n                                                    <div class=\"cl-jobs__row\">\n                                <div class=\"cl-jobs__col\" data-label=\"Trabajo\">\n                                    <div>\n                                        <a href=\"https:\/\/cloeren.com\/es\/carreras\/cnc-fraser-m-w-d\/\" class=\"cl-jobs__title\">\n                                            CNC-Fr\u00e4ser (m\/w\/d)                                        <\/a>\n                                                                                    <div class=\"cl-jobs__content\">In Abstimmung mit der Fertigungsleitung und der CAM Abteilung, r\u00fcsten, bearbeiten und pr\u00fcfen Sie hochgenaue Stahlbauteile in der Einzelfertigung.<\/div>\n                                                                            <\/div>\n                                <\/div>\n                                <div class=\"cl-jobs__col\" data-label=\"Tipo\">\n                                                                            Tiempo completo                                                                    <\/div>\n                                <div class=\"cl-jobs__col\" data-label=\"Location\">\n                                                                                                                                                                                                                                                <a href=\"https:\/\/goo.gl\/maps\/DFY4nwF9ZP42\" title=\"Micheldorf, Austria\" target=\"_blank\">Micheldorf, Austria<\/a>                                                                    <\/div>\n                                <div class=\"cl-jobs__col\" data-label=\"\u00daltimo Activo\">\n                                    <div class=\"cl-jobs__date\">\n                                        3 semanas hace                                    <\/div>\n                                <\/div>\n                                <div class=\"cl-jobs__col\">\n                                    <div ><a class=\"fusion-button button-flat fusion-button-default-size button-lightgray fusion-button-lightgray button-2 fusion-button-default-span fusion-button-default-type\" target=\"_self\" title=\"Ver detalles\" aria-label=\"Ver detalles\" href=\"https:\/\/cloeren.com\/es\/carreras\/cnc-fraser-m-w-d\/\"><span class=\"fusion-button-text awb-button__text awb-button__text--default\">Ver detalles<\/span><i class=\"fa-chevron-right fas awb-button__icon awb-button__icon--default button-icon-right\" aria-hidden=\"true\"><\/i><\/a><\/div>                                <\/div>\n                            <\/div>\n                                                    <div class=\"cl-jobs__row\">\n                                <div class=\"cl-jobs__col\" data-label=\"Trabajo\">\n                                    <div>\n                                        <a href=\"https:\/\/cloeren.com\/es\/carreras\/cnc-machinist\/\" class=\"cl-jobs__title\">\n                                            CNC Machinist                                        <\/a>\n                                                                                    <div class=\"cl-jobs__content\">Operate CNC machines in a safe and productive manner.<\/div>\n                                                                            <\/div>\n                                <\/div>\n                                <div class=\"cl-jobs__col\" data-label=\"Tipo\">\n                                                                            Tiempo completo                                                                    <\/div>\n                                <div class=\"cl-jobs__col\" data-label=\"Location\">\n                                                                                                                                                                                                                                                <a href=\"https:\/\/goo.gl\/maps\/EHkSJEUM6Gr\" title=\"Plant 62-2\" target=\"_blank\">Plant 62-2<\/a>                                                                    <\/div>\n                                <div class=\"cl-jobs__col\" data-label=\"\u00daltimo Activo\">\n                                    <div class=\"cl-jobs__date\">\n                                        3 meses hace                                    <\/div>\n                                <\/div>\n                                <div class=\"cl-jobs__col\">\n                                    <div ><a class=\"fusion-button button-flat fusion-button-default-size button-lightgray fusion-button-lightgray button-3 fusion-button-default-span fusion-button-default-type\" target=\"_self\" title=\"Ver detalles\" aria-label=\"Ver detalles\" href=\"https:\/\/cloeren.com\/es\/carreras\/cnc-machinist\/\"><span class=\"fusion-button-text awb-button__text awb-button__text--default\">Ver detalles<\/span><i class=\"fa-chevron-right fas awb-button__icon awb-button__icon--default button-icon-right\" aria-hidden=\"true\"><\/i><\/a><\/div>                                <\/div>\n                            <\/div>\n                                                            <\/div>\n\n                            <\/div>\n<\/div><\/div><\/div><\/div><\/p>\n","protected":false},"excerpt":{"rendered":"","protected":false},"author":1,"featured_media":0,"parent":0,"menu_order":7,"comment_status":"closed","ping_status":"closed","template":"100-width.php","meta":{"_acf_changed":false,"footnotes":""},"class_list":["post-9266","page","type-page","status-publish","hentry"],"acf":[],"_links":{"self":[{"href":"https:\/\/cloeren.com\/es\/wp-json\/wp\/v2\/pages\/9266","targetHints":{"allow":["GET"]}}],"collection":[{"href":"https:\/\/cloeren.com\/es\/wp-json\/wp\/v2\/pages"}],"about":[{"href":"https:\/\/cloeren.com\/es\/wp-json\/wp\/v2\/types\/page"}],"author":[{"embeddable":true,"href":"https:\/\/cloeren.com\/es\/wp-json\/wp\/v2\/users\/1"}],"replies":[{"embeddable":true,"href":"https:\/\/cloeren.com\/es\/wp-json\/wp\/v2\/comments?post=9266"}],"version-history":[{"count":3,"href":"https:\/\/cloeren.com\/es\/wp-json\/wp\/v2\/pages\/9266\/revisions"}],"predecessor-version":[{"id":20185,"href":"https:\/\/cloeren.com\/es\/wp-json\/wp\/v2\/pages\/9266\/revisions\/20185"}],"wp:attachment":[{"href":"https:\/\/cloeren.com\/es\/wp-json\/wp\/v2\/media?parent=9266"}],"curies":[{"name":"wp","href":"https:\/\/api.w.org\/{rel}","templated":true}]}}