{"id":9134,"date":"2017-01-05T11:04:08","date_gmt":"2017-01-05T17:04:08","guid":{"rendered":"https:\/\/cloeren.com\/procesos\/"},"modified":"2022-12-20T15:28:17","modified_gmt":"2022-12-20T21:28:17","slug":"procesos","status":"publish","type":"page","link":"https:\/\/cloeren.com\/es\/procesos\/","title":{"rendered":"Procesos"},"content":{"rendered":"<div class=\"fusion-fullwidth fullwidth-box fusion-builder-row-1 fusion-flex-container has-pattern-background has-mask-background hundred-percent-fullwidth non-hundred-percent-height-scrolling\" style=\"--awb-border-radius-top-left:0px;--awb-border-radius-top-right:0px;--awb-border-radius-bottom-right:0px;--awb-border-radius-bottom-left:0px;--awb-padding-right:0px;--awb-padding-left:0px;--awb-flex-wrap:wrap;\" ><div class=\"fusion-builder-row fusion-row fusion-flex-align-items-flex-start fusion-flex-content-wrap\" style=\"width:104% !important;max-width:104% !important;margin-left: calc(-4% \/ 2 );margin-right: calc(-4% \/ 2 );\"><div class=\"fusion-layout-column fusion_builder_column fusion-builder-column-0 fusion_builder_column_1_1 1_1 fusion-flex-column\" style=\"--awb-padding-top:0px;--awb-padding-right:0px;--awb-padding-bottom:0px;--awb-padding-left:0px;--awb-bg-size:cover;--awb-width-large:100%;--awb-margin-top-large:0px;--awb-spacing-right-large:1.92%;--awb-margin-bottom-large:0px;--awb-spacing-left-large:1.92%;--awb-width-medium:100%;--awb-spacing-right-medium:1.92%;--awb-spacing-left-medium:1.92%;--awb-width-small:100%;--awb-spacing-right-small:1.92%;--awb-spacing-left-small:1.92%;\"><div class=\"fusion-column-wrapper fusion-flex-justify-content-flex-start fusion-content-layout-column\">\n                            <style>\n                                            .cl-hero.cl-hero-1 {\n                            background: #dfdfdf;\n                        }\n                                    <\/style>\n            \n            <div class=\"cl-hero cl-hero-1 large style-3 contain\">\n                                    <div class=\"cl-hero__image background-image\" style=\"background-image: url(https:\/\/cloeren.com\/content\/uploads\/2017\/07\/processes-slider__cast-film.jpg\"><\/div>\n                \n                                    <h1 class=\"cl-hero__title\">Pel\u00edculas Cast<\/h1>\n                \n                                                        <h2 class=\"cl-hero__subtitle\">Para producir pel\u00edculas mono-capa, multi-capa, y pel\u00edculas Nanocapas (NanoLayer\u2122) para un amplio rango de aplicaciones<\/h2>\n                \n                                    <div ><a class=\"fusion-button button-flat fusion-button-default-size button-default fusion-button-default button-1 fusion-button-default-span fusion-button-default-type\" target=\"_self\" href=\"https:\/\/cloeren.com\/es\/procesos\/peliculas-cast\/\"><span class=\"fusion-button-text awb-button__text awb-button__text--default\">Descubrir M\u00e1s<\/span><i class=\"fa-fa fa-chevron-right button-fa-right awb-button__icon awb-button__icon--default button-icon-right\" aria-hidden=\"true\"><\/i><\/a><\/div>                            <\/div>\n\n<\/div><\/div><div class=\"fusion-layout-column fusion_builder_column fusion-builder-column-1 fusion_builder_column_1_1 1_1 fusion-flex-column\" style=\"--awb-padding-top:0px;--awb-padding-right:0px;--awb-padding-bottom:0px;--awb-padding-left:0px;--awb-bg-size:cover;--awb-width-large:100%;--awb-margin-top-large:0px;--awb-spacing-right-large:1.92%;--awb-margin-bottom-large:0px;--awb-spacing-left-large:1.92%;--awb-width-medium:100%;--awb-spacing-right-medium:1.92%;--awb-spacing-left-medium:1.92%;--awb-width-small:100%;--awb-spacing-right-small:1.92%;--awb-spacing-left-small:1.92%;\"><div class=\"fusion-column-wrapper fusion-flex-justify-content-flex-start fusion-content-layout-column\">\n                            <style>\n                                            .cl-hero.cl-hero-2 {\n                            background: #dfdfdf;\n                        }\n                                    <\/style>\n            \n            <div class=\"cl-hero cl-hero-2 large style-3 contain\">\n                                    <div class=\"cl-hero__image background-image\" style=\"background-image: url(https:\/\/cloeren.com\/content\/uploads\/2017\/07\/processes-slider__extrusion-coating.jpg\"><\/div>\n                \n                                    <h1 class=\"cl-hero__title\">Recubrimiento por Extrusi\u00f3n<\/h1>\n                \n                                                        <h2 class=\"cl-hero__subtitle\">Un ajuste r\u00e1pido y f\u00e1cil del ancho de producto con m\u00ednima acumulaci\u00f3n de borde<\/h2>\n                \n                                    <div ><a class=\"fusion-button button-flat fusion-button-default-size button-default fusion-button-default button-2 fusion-button-default-span fusion-button-default-type\" target=\"_self\" href=\"https:\/\/cloeren.com\/es\/procesos\/recubrimiento-por-extrusion\/\"><span class=\"fusion-button-text awb-button__text awb-button__text--default\">Descubrir M\u00e1s<\/span><i class=\"fa-fa fa-chevron-right button-fa-right awb-button__icon awb-button__icon--default button-icon-right\" aria-hidden=\"true\"><\/i><\/a><\/div>                            <\/div>\n\n<\/div><\/div><div class=\"fusion-layout-column fusion_builder_column fusion-builder-column-2 fusion_builder_column_1_1 1_1 fusion-flex-column\" style=\"--awb-padding-top:0px;--awb-padding-right:0px;--awb-padding-bottom:0px;--awb-padding-left:0px;--awb-bg-size:cover;--awb-width-large:100%;--awb-margin-top-large:0px;--awb-spacing-right-large:1.92%;--awb-margin-bottom-large:0px;--awb-spacing-left-large:1.92%;--awb-width-medium:100%;--awb-spacing-right-medium:1.92%;--awb-spacing-left-medium:1.92%;--awb-width-small:100%;--awb-spacing-right-small:1.92%;--awb-spacing-left-small:1.92%;\"><div class=\"fusion-column-wrapper fusion-flex-justify-content-flex-start fusion-content-layout-column\">\n                            <style>\n                                            .cl-hero.cl-hero-3 {\n                            background: #dfdfdf;\n                        }\n                                    <\/style>\n            \n            <div class=\"cl-hero cl-hero-3 large style-3 contain\">\n                                    <div class=\"cl-hero__image background-image\" style=\"background-image: url(https:\/\/cloeren.com\/content\/uploads\/2017\/07\/processes-slider__web-coating.jpg\"><\/div>\n                \n                                    <h1 class=\"cl-hero__title\">Recubrimientos de Substratos<\/h1>\n                \n                                                        <h2 class=\"cl-hero__subtitle\">Para adhesivos sensibles a presi\u00f3n y aplicados en caliente<\/h2>\n                \n                                    <div ><a class=\"fusion-button button-flat fusion-button-default-size button-default fusion-button-default button-3 fusion-button-default-span fusion-button-default-type\" target=\"_self\" href=\"https:\/\/cloeren.com\/es\/procesos\/recubrimientos-de-substratos\/\"><span class=\"fusion-button-text awb-button__text awb-button__text--default\">Descubrir M\u00e1s<\/span><i class=\"fa-fa fa-chevron-right button-fa-right awb-button__icon awb-button__icon--default button-icon-right\" aria-hidden=\"true\"><\/i><\/a><\/div>                            <\/div>\n\n<\/div><\/div><div class=\"fusion-layout-column fusion_builder_column fusion-builder-column-3 fusion_builder_column_1_1 1_1 fusion-flex-column\" style=\"--awb-padding-top:0px;--awb-padding-right:0px;--awb-padding-bottom:0px;--awb-padding-left:0px;--awb-bg-size:cover;--awb-width-large:100%;--awb-margin-top-large:0px;--awb-spacing-right-large:1.92%;--awb-margin-bottom-large:0px;--awb-spacing-left-large:1.92%;--awb-width-medium:100%;--awb-spacing-right-medium:1.92%;--awb-spacing-left-medium:1.92%;--awb-width-small:100%;--awb-spacing-right-small:1.92%;--awb-spacing-left-small:1.92%;\"><div class=\"fusion-column-wrapper fusion-flex-justify-content-flex-start fusion-content-layout-column\">\n                            <style>\n                                            .cl-hero.cl-hero-4 {\n                            background: #dfdfdf;\n                        }\n                                    <\/style>\n            \n            <div class=\"cl-hero cl-hero-4 large style-3 contain\">\n                                    <div class=\"cl-hero__image background-image\" style=\"background-image: url(https:\/\/cloeren.com\/content\/uploads\/2017\/07\/processes-slider__sheet.jpg\"><\/div>\n                \n                                    <h1 class=\"cl-hero__title\">Lamina<\/h1>\n                \n                                                        <h2 class=\"cl-hero__subtitle\">Podemos suministrar soluciones para el espectro complete de aplicaciones de l\u00e1mina<\/h2>\n                \n                                    <div ><a class=\"fusion-button button-flat fusion-button-default-size button-default fusion-button-default button-4 fusion-button-default-span fusion-button-default-type\" target=\"_self\" href=\"https:\/\/cloeren.com\/es\/procesos\/lamina\/\"><span class=\"fusion-button-text awb-button__text awb-button__text--default\">Descubrir M\u00e1s<\/span><i class=\"fa-fa fa-chevron-right button-fa-right awb-button__icon awb-button__icon--default button-icon-right\" aria-hidden=\"true\"><\/i><\/a><\/div>                            <\/div>\n\n<\/div><\/div><div class=\"fusion-layout-column fusion_builder_column fusion-builder-column-4 fusion_builder_column_1_1 1_1 fusion-flex-column\" style=\"--awb-padding-top:0px;--awb-padding-right:0px;--awb-padding-bottom:0px;--awb-padding-left:0px;--awb-bg-size:cover;--awb-width-large:100%;--awb-margin-top-large:0px;--awb-spacing-right-large:1.92%;--awb-margin-bottom-large:0px;--awb-spacing-left-large:1.92%;--awb-width-medium:100%;--awb-spacing-right-medium:1.92%;--awb-spacing-left-medium:1.92%;--awb-width-small:100%;--awb-spacing-right-small:1.92%;--awb-spacing-left-small:1.92%;\"><div class=\"fusion-column-wrapper fusion-flex-justify-content-flex-start fusion-content-layout-column\">\n                            <style>\n                                            .cl-hero.cl-hero-5 {\n                            background: #dfdfdf;\n                        }\n                                    <\/style>\n            \n            <div class=\"cl-hero cl-hero-5 large style-3 contain\">\n                                    <div class=\"cl-hero__image background-image\" style=\"background-image: url(https:\/\/cloeren.com\/content\/uploads\/2017\/07\/processes-slider__orientated-film.jpg\"><\/div>\n                \n                                    <h1 class=\"cl-hero__title\">Pel\u00edculas Orientadas<\/h1>\n                \n                                                        <h2 class=\"cl-hero__subtitle\">Utilizadas en numerosas aplicaciones de empaques para el consumidor<\/h2>\n                \n                                    <div ><a class=\"fusion-button button-flat fusion-button-default-size button-default fusion-button-default button-5 fusion-button-default-span fusion-button-default-type\" target=\"_self\" href=\"https:\/\/cloeren.com\/es\/procesos\/peliculas-orientadas\/\"><span class=\"fusion-button-text awb-button__text awb-button__text--default\">Descubrir M\u00e1s<\/span><i class=\"fa-fa fa-chevron-right button-fa-right awb-button__icon awb-button__icon--default button-icon-right\" aria-hidden=\"true\"><\/i><\/a><\/div>                            <\/div>\n\n<\/div><\/div><div class=\"fusion-layout-column fusion_builder_column fusion-builder-column-5 fusion_builder_column_1_1 1_1 fusion-flex-column\" style=\"--awb-padding-top:0px;--awb-padding-right:0px;--awb-padding-bottom:0px;--awb-padding-left:0px;--awb-bg-size:cover;--awb-width-large:100%;--awb-margin-top-large:0px;--awb-spacing-right-large:1.92%;--awb-margin-bottom-large:0px;--awb-spacing-left-large:1.92%;--awb-width-medium:100%;--awb-spacing-right-medium:1.92%;--awb-spacing-left-medium:1.92%;--awb-width-small:100%;--awb-spacing-right-small:1.92%;--awb-spacing-left-small:1.92%;\"><div class=\"fusion-column-wrapper fusion-flex-justify-content-flex-start fusion-content-layout-column\">\n                            <style>\n                                            .cl-hero.cl-hero-6 {\n                            background: #dfdfdf;\n                        }\n                                    <\/style>\n            \n            <div class=\"cl-hero cl-hero-6 large style-3 contain\">\n                                    <div class=\"cl-hero__image background-image\" style=\"background-image: url(https:\/\/cloeren.com\/content\/uploads\/2017\/07\/processes-slider__specialized-applications.jpg\"><\/div>\n                \n                                    <h1 class=\"cl-hero__title\">Aplicaciones Especializadas<\/h1>\n                \n                                                        <h2 class=\"cl-hero__subtitle\">Feedblocks y cabezales de alta tecnolog\u00eda para aplicaciones especiales desde peletizaci\u00f3n hasta recubrimientos<\/h2>\n                \n                                    <div ><a class=\"fusion-button button-flat fusion-button-default-size button-default fusion-button-default button-6 fusion-button-default-span fusion-button-default-type\" target=\"_self\" href=\"https:\/\/cloeren.com\/es\/procesos\/aplicaciones-especializadas\/\"><span class=\"fusion-button-text awb-button__text awb-button__text--default\">Descubrir M\u00e1s<\/span><i class=\"fa-fa fa-chevron-right button-fa-right awb-button__icon awb-button__icon--default button-icon-right\" aria-hidden=\"true\"><\/i><\/a><\/div>                            <\/div>\n\n<\/div><\/div><\/div><\/div>\n","protected":false},"excerpt":{"rendered":"","protected":false},"author":1,"featured_media":0,"parent":0,"menu_order":3,"comment_status":"closed","ping_status":"closed","template":"100-width.php","meta":{"_acf_changed":false,"footnotes":""},"class_list":["post-9134","page","type-page","status-publish","hentry"],"acf":[],"_links":{"self":[{"href":"https:\/\/cloeren.com\/es\/wp-json\/wp\/v2\/pages\/9134","targetHints":{"allow":["GET"]}}],"collection":[{"href":"https:\/\/cloeren.com\/es\/wp-json\/wp\/v2\/pages"}],"about":[{"href":"https:\/\/cloeren.com\/es\/wp-json\/wp\/v2\/types\/page"}],"author":[{"embeddable":true,"href":"https:\/\/cloeren.com\/es\/wp-json\/wp\/v2\/users\/1"}],"replies":[{"embeddable":true,"href":"https:\/\/cloeren.com\/es\/wp-json\/wp\/v2\/comments?post=9134"}],"version-history":[{"count":3,"href":"https:\/\/cloeren.com\/es\/wp-json\/wp\/v2\/pages\/9134\/revisions"}],"predecessor-version":[{"id":19657,"href":"https:\/\/cloeren.com\/es\/wp-json\/wp\/v2\/pages\/9134\/revisions\/19657"}],"wp:attachment":[{"href":"https:\/\/cloeren.com\/es\/wp-json\/wp\/v2\/media?parent=9134"}],"curies":[{"name":"wp","href":"https:\/\/api.w.org\/{rel}","templated":true}]}}