{"id":9024,"date":"2017-01-18T15:10:44","date_gmt":"2017-01-18T21:10:44","guid":{"rendered":"https:\/\/cloeren.com\/accesorios\/"},"modified":"2022-12-20T14:18:22","modified_gmt":"2022-12-20T20:18:22","slug":"accesorios","status":"publish","type":"page","link":"https:\/\/cloeren.com\/es\/accesorios\/","title":{"rendered":"Accesorios"},"content":{"rendered":"<p><div class=\"fusion-fullwidth fullwidth-box fusion-builder-row-1 fusion-flex-container has-pattern-background has-mask-background nonhundred-percent-fullwidth non-hundred-percent-height-scrolling\" style=\"--awb-border-radius-top-left:0px;--awb-border-radius-top-right:0px;--awb-border-radius-bottom-right:0px;--awb-border-radius-bottom-left:0px;--awb-padding-top:20px;--awb-padding-bottom:20px;--awb-flex-wrap:wrap;\" ><div class=\"fusion-builder-row fusion-row fusion-flex-align-items-flex-start fusion-flex-content-wrap\" style=\"max-width:1456px;margin-left: calc(-4% \/ 2 );margin-right: calc(-4% \/ 2 );\"><div class=\"fusion-layout-column fusion_builder_column fusion-builder-column-0 fusion_builder_column_1_1 1_1 fusion-flex-column\" style=\"--awb-bg-size:cover;--awb-width-large:100%;--awb-margin-top-large:0px;--awb-spacing-right-large:1.92%;--awb-margin-bottom-large:30px;--awb-spacing-left-large:1.92%;--awb-width-medium:100%;--awb-spacing-right-medium:1.92%;--awb-spacing-left-medium:1.92%;--awb-width-small:100%;--awb-spacing-right-small:1.92%;--awb-spacing-left-small:1.92%;\"><div class=\"fusion-column-wrapper fusion-flex-justify-content-flex-start fusion-content-layout-column\">            <div class=\"fusion-builder-row fusion-row fusion-flex-align-items-flex-start\" style=\"width:calc( 100% + 30px ) !important;max-width:calc( 100% + 30px ) !important;margin-left: calc(-30px \/ 2 );margin-right: calc(-30px \/ 2 );\">\n                                    <div class=\"fusion-layout-column fusion_builder_column_inner fusion_builder_column_inner_1_3 1_3 fusion-flex-column\" style=\"--awb-bg-size:cover;--awb-width-large:33.333333333333%;--awb-spacing-right-large:15px;--awb-spacing-left-large:15px;--awb-width-medium:50%;--awb-order-medium:0;--awb-spacing-right-medium:15px;--awb-spacing-left-medium:15px;--awb-width-small:100%;--awb-order-small:0;--awb-spacing-right-small:15px;--awb-spacing-left-small:15px;\">\n                        <div class=\"fusion-column-wrapper fusion-column-has-shadow fusion-flex-justify-content-flex-start fusion-content-layout-column\">\n                            <a href=\"https:\/\/cloeren.com\/es\/accesorios\/caja-de-vacio\/\" class=\"cl-page-column \" >\n                                                                    <img decoding=\"async\" width=\"1000\" height=\"1000\" src=\"https:\/\/cloeren.com\/content\/uploads\/2017\/02\/product__vacuum-box.jpg\" class=\"attachment-post-thumbnail size-post-thumbnail wp-post-image\" alt=\"\" srcset=\"https:\/\/cloeren.com\/content\/uploads\/2017\/02\/product__vacuum-box-66x66.jpg 66w, https:\/\/cloeren.com\/content\/uploads\/2017\/02\/product__vacuum-box-150x150.jpg 150w, https:\/\/cloeren.com\/content\/uploads\/2017\/02\/product__vacuum-box-200x200.jpg 200w, https:\/\/cloeren.com\/content\/uploads\/2017\/02\/product__vacuum-box-300x300.jpg 300w, https:\/\/cloeren.com\/content\/uploads\/2017\/02\/product__vacuum-box-400x400.jpg 400w, https:\/\/cloeren.com\/content\/uploads\/2017\/02\/product__vacuum-box-600x600.jpg 600w, https:\/\/cloeren.com\/content\/uploads\/2017\/02\/product__vacuum-box-768x768.jpg 768w, https:\/\/cloeren.com\/content\/uploads\/2017\/02\/product__vacuum-box-800x800.jpg 800w, https:\/\/cloeren.com\/content\/uploads\/2017\/02\/product__vacuum-box.jpg 1000w\" sizes=\"(max-width: 1000px) 100vw, 1000px\" \/>                                \n                                <div class=\"cl-page-column__content \">\n                                    \n                                    <div class=\"cl-page-column__title\">Caja de Vac\u00edo<\/div>\n\n                                <\/div>\n                            <\/a>\n\n                        <\/div>\n                    <\/div>\n                                    <div class=\"fusion-layout-column fusion_builder_column_inner fusion_builder_column_inner_1_3 1_3 fusion-flex-column\" style=\"--awb-bg-size:cover;--awb-width-large:33.333333333333%;--awb-spacing-right-large:15px;--awb-spacing-left-large:15px;--awb-width-medium:50%;--awb-order-medium:0;--awb-spacing-right-medium:15px;--awb-spacing-left-medium:15px;--awb-width-small:100%;--awb-order-small:0;--awb-spacing-right-small:15px;--awb-spacing-left-small:15px;\">\n                        <div class=\"fusion-column-wrapper fusion-column-has-shadow fusion-flex-justify-content-flex-start fusion-content-layout-column\">\n                            <a href=\"https:\/\/cloeren.com\/es\/accesorios\/soportes-para-cabezales\/\" class=\"cl-page-column \" >\n                                                                    <img decoding=\"async\" width=\"1000\" height=\"1000\" src=\"https:\/\/cloeren.com\/content\/uploads\/2017\/02\/product__die-supports.jpg\" class=\"attachment-post-thumbnail size-post-thumbnail wp-post-image\" alt=\"\" srcset=\"https:\/\/cloeren.com\/content\/uploads\/2017\/02\/product__die-supports-66x66.jpg 66w, https:\/\/cloeren.com\/content\/uploads\/2017\/02\/product__die-supports-150x150.jpg 150w, https:\/\/cloeren.com\/content\/uploads\/2017\/02\/product__die-supports-200x200.jpg 200w, https:\/\/cloeren.com\/content\/uploads\/2017\/02\/product__die-supports-300x300.jpg 300w, https:\/\/cloeren.com\/content\/uploads\/2017\/02\/product__die-supports-400x400.jpg 400w, https:\/\/cloeren.com\/content\/uploads\/2017\/02\/product__die-supports-600x600.jpg 600w, https:\/\/cloeren.com\/content\/uploads\/2017\/02\/product__die-supports-768x768.jpg 768w, https:\/\/cloeren.com\/content\/uploads\/2017\/02\/product__die-supports-800x800.jpg 800w, https:\/\/cloeren.com\/content\/uploads\/2017\/02\/product__die-supports.jpg 1000w\" sizes=\"(max-width: 1000px) 100vw, 1000px\" \/>                                \n                                <div class=\"cl-page-column__content \">\n                                    \n                                    <div class=\"cl-page-column__title\">Soportes para Cabezales<\/div>\n\n                                <\/div>\n                            <\/a>\n\n                        <\/div>\n                    <\/div>\n                                    <div class=\"fusion-layout-column fusion_builder_column_inner fusion_builder_column_inner_1_3 1_3 fusion-flex-column\" style=\"--awb-bg-size:cover;--awb-width-large:33.333333333333%;--awb-spacing-right-large:15px;--awb-spacing-left-large:15px;--awb-width-medium:50%;--awb-order-medium:0;--awb-spacing-right-medium:15px;--awb-spacing-left-medium:15px;--awb-width-small:100%;--awb-order-small:0;--awb-spacing-right-small:15px;--awb-spacing-left-small:15px;\">\n                        <div class=\"fusion-column-wrapper fusion-column-has-shadow fusion-flex-justify-content-flex-start fusion-content-layout-column\">\n                            <a href=\"https:\/\/cloeren.com\/es\/accesorios\/separador-de-cabezales-en-linea\/\" class=\"cl-page-column \" >\n                                                                    <img decoding=\"async\" width=\"1000\" height=\"1000\" src=\"https:\/\/cloeren.com\/content\/uploads\/2017\/02\/product__on-line-die-splitters.jpg\" class=\"attachment-post-thumbnail size-post-thumbnail wp-post-image\" alt=\"\" srcset=\"https:\/\/cloeren.com\/content\/uploads\/2017\/02\/product__on-line-die-splitters-66x66.jpg 66w, https:\/\/cloeren.com\/content\/uploads\/2017\/02\/product__on-line-die-splitters-150x150.jpg 150w, https:\/\/cloeren.com\/content\/uploads\/2017\/02\/product__on-line-die-splitters-200x200.jpg 200w, https:\/\/cloeren.com\/content\/uploads\/2017\/02\/product__on-line-die-splitters-300x300.jpg 300w, https:\/\/cloeren.com\/content\/uploads\/2017\/02\/product__on-line-die-splitters-400x400.jpg 400w, https:\/\/cloeren.com\/content\/uploads\/2017\/02\/product__on-line-die-splitters-600x600.jpg 600w, https:\/\/cloeren.com\/content\/uploads\/2017\/02\/product__on-line-die-splitters-768x768.jpg 768w, https:\/\/cloeren.com\/content\/uploads\/2017\/02\/product__on-line-die-splitters-800x800.jpg 800w, https:\/\/cloeren.com\/content\/uploads\/2017\/02\/product__on-line-die-splitters.jpg 1000w\" sizes=\"(max-width: 1000px) 100vw, 1000px\" \/>                                \n                                <div class=\"cl-page-column__content \">\n                                    \n                                    <div class=\"cl-page-column__title\">Separador de Cabezales En-L\u00ednea<\/div>\n\n                                <\/div>\n                            <\/a>\n\n                        <\/div>\n                    <\/div>\n                                    <div class=\"fusion-layout-column fusion_builder_column_inner fusion_builder_column_inner_1_3 1_3 fusion-flex-column\" style=\"--awb-bg-size:cover;--awb-width-large:33.333333333333%;--awb-spacing-right-large:15px;--awb-spacing-left-large:15px;--awb-width-medium:50%;--awb-order-medium:0;--awb-spacing-right-medium:15px;--awb-spacing-left-medium:15px;--awb-width-small:100%;--awb-order-small:0;--awb-spacing-right-small:15px;--awb-spacing-left-small:15px;\">\n                        <div class=\"fusion-column-wrapper fusion-column-has-shadow fusion-flex-justify-content-flex-start fusion-content-layout-column\">\n                            <a href=\"https:\/\/cloeren.com\/es\/accesorios\/carros-de-limpieza\/\" class=\"cl-page-column \" >\n                                                                    <img decoding=\"async\" width=\"1000\" height=\"1000\" src=\"https:\/\/cloeren.com\/content\/uploads\/2017\/02\/product__cleaning-carts.jpg\" class=\"attachment-post-thumbnail size-post-thumbnail wp-post-image\" alt=\"\" srcset=\"https:\/\/cloeren.com\/content\/uploads\/2017\/02\/product__cleaning-carts-66x66.jpg 66w, https:\/\/cloeren.com\/content\/uploads\/2017\/02\/product__cleaning-carts-150x150.jpg 150w, https:\/\/cloeren.com\/content\/uploads\/2017\/02\/product__cleaning-carts-200x200.jpg 200w, https:\/\/cloeren.com\/content\/uploads\/2017\/02\/product__cleaning-carts-300x300.jpg 300w, https:\/\/cloeren.com\/content\/uploads\/2017\/02\/product__cleaning-carts-400x400.jpg 400w, https:\/\/cloeren.com\/content\/uploads\/2017\/02\/product__cleaning-carts-600x600.jpg 600w, https:\/\/cloeren.com\/content\/uploads\/2017\/02\/product__cleaning-carts-768x768.jpg 768w, https:\/\/cloeren.com\/content\/uploads\/2017\/02\/product__cleaning-carts-800x800.jpg 800w, https:\/\/cloeren.com\/content\/uploads\/2017\/02\/product__cleaning-carts.jpg 1000w\" sizes=\"(max-width: 1000px) 100vw, 1000px\" \/>                                \n                                <div class=\"cl-page-column__content \">\n                                    \n                                    <div class=\"cl-page-column__title\">Carros de Limpieza<\/div>\n\n                                <\/div>\n                            <\/a>\n\n                        <\/div>\n                    <\/div>\n                                    <div class=\"fusion-layout-column fusion_builder_column_inner fusion_builder_column_inner_1_3 1_3 fusion-flex-column\" style=\"--awb-bg-size:cover;--awb-width-large:33.333333333333%;--awb-spacing-right-large:15px;--awb-spacing-left-large:15px;--awb-width-medium:50%;--awb-order-medium:0;--awb-spacing-right-medium:15px;--awb-spacing-left-medium:15px;--awb-width-small:100%;--awb-order-small:0;--awb-spacing-right-small:15px;--awb-spacing-left-small:15px;\">\n                        <div class=\"fusion-column-wrapper fusion-column-has-shadow fusion-flex-justify-content-flex-start fusion-content-layout-column\">\n                            <a href=\"https:\/\/cloeren.com\/es\/accesorios\/bandejas-para-rebaba\/\" class=\"cl-page-column \" >\n                                                                    <img decoding=\"async\" width=\"1000\" height=\"1000\" src=\"https:\/\/cloeren.com\/content\/uploads\/2017\/02\/product__drool-pans.jpg\" class=\"attachment-post-thumbnail size-post-thumbnail wp-post-image\" alt=\"\" srcset=\"https:\/\/cloeren.com\/content\/uploads\/2017\/02\/product__drool-pans-66x66.jpg 66w, https:\/\/cloeren.com\/content\/uploads\/2017\/02\/product__drool-pans-150x150.jpg 150w, https:\/\/cloeren.com\/content\/uploads\/2017\/02\/product__drool-pans-200x200.jpg 200w, https:\/\/cloeren.com\/content\/uploads\/2017\/02\/product__drool-pans-300x300.jpg 300w, https:\/\/cloeren.com\/content\/uploads\/2017\/02\/product__drool-pans-400x400.jpg 400w, https:\/\/cloeren.com\/content\/uploads\/2017\/02\/product__drool-pans-600x600.jpg 600w, https:\/\/cloeren.com\/content\/uploads\/2017\/02\/product__drool-pans-768x768.jpg 768w, https:\/\/cloeren.com\/content\/uploads\/2017\/02\/product__drool-pans-800x800.jpg 800w, https:\/\/cloeren.com\/content\/uploads\/2017\/02\/product__drool-pans.jpg 1000w\" sizes=\"(max-width: 1000px) 100vw, 1000px\" \/>                                \n                                <div class=\"cl-page-column__content \">\n                                    \n                                    <div class=\"cl-page-column__title\">Bandejas para Rebaba<\/div>\n\n                                <\/div>\n                            <\/a>\n\n                        <\/div>\n                    <\/div>\n                                    <div class=\"fusion-layout-column fusion_builder_column_inner fusion_builder_column_inner_1_3 1_3 fusion-flex-column\" style=\"--awb-bg-size:cover;--awb-width-large:33.333333333333%;--awb-spacing-right-large:15px;--awb-spacing-left-large:15px;--awb-width-medium:50%;--awb-order-medium:0;--awb-spacing-right-medium:15px;--awb-spacing-left-medium:15px;--awb-width-small:100%;--awb-order-small:0;--awb-spacing-right-small:15px;--awb-spacing-left-small:15px;\">\n                        <div class=\"fusion-column-wrapper fusion-column-has-shadow fusion-flex-justify-content-flex-start fusion-content-layout-column\">\n                            <a href=\"https:\/\/cloeren.com\/es\/accesorios\/sistemas-de-dosificacion-de-fluidos\/\" class=\"cl-page-column \" >\n                                                                    <img decoding=\"async\" width=\"1000\" height=\"1000\" src=\"https:\/\/cloeren.com\/content\/uploads\/2017\/02\/product__melt-pipe-systems.jpg\" class=\"attachment-post-thumbnail size-post-thumbnail wp-post-image\" alt=\"\" srcset=\"https:\/\/cloeren.com\/content\/uploads\/2017\/02\/product__melt-pipe-systems-66x66.jpg 66w, https:\/\/cloeren.com\/content\/uploads\/2017\/02\/product__melt-pipe-systems-150x150.jpg 150w, https:\/\/cloeren.com\/content\/uploads\/2017\/02\/product__melt-pipe-systems-200x200.jpg 200w, https:\/\/cloeren.com\/content\/uploads\/2017\/02\/product__melt-pipe-systems-300x300.jpg 300w, https:\/\/cloeren.com\/content\/uploads\/2017\/02\/product__melt-pipe-systems-400x400.jpg 400w, https:\/\/cloeren.com\/content\/uploads\/2017\/02\/product__melt-pipe-systems-600x600.jpg 600w, https:\/\/cloeren.com\/content\/uploads\/2017\/02\/product__melt-pipe-systems-768x768.jpg 768w, https:\/\/cloeren.com\/content\/uploads\/2017\/02\/product__melt-pipe-systems-800x800.jpg 800w, https:\/\/cloeren.com\/content\/uploads\/2017\/02\/product__melt-pipe-systems.jpg 1000w\" sizes=\"(max-width: 1000px) 100vw, 1000px\" \/>                                \n                                <div class=\"cl-page-column__content \">\n                                    \n                                    <div class=\"cl-page-column__title\">Sistemas de Dosificaci\u00f3n de Fluidos<\/div>\n\n                                <\/div>\n                            <\/a>\n\n                        <\/div>\n                    <\/div>\n                            <\/div>\n\n<\/div><\/div><\/div><\/div><div class=\"fusion-fullwidth fullwidth-box fusion-builder-row-2 fusion-flex-container has-pattern-background has-mask-background nonhundred-percent-fullwidth non-hundred-percent-height-scrolling\" style=\"--awb-border-radius-top-left:0px;--awb-border-radius-top-right:0px;--awb-border-radius-bottom-right:0px;--awb-border-radius-bottom-left:0px;--awb-padding-top:30px;--awb-padding-bottom:30px;--awb-flex-wrap:wrap;\" ><div class=\"fusion-builder-row fusion-row fusion-flex-align-items-stretch fusion-flex-content-wrap\" style=\"max-width:calc( 1400px + 0px );margin-left: calc(-0px \/ 2 );margin-right: calc(-0px \/ 2 );\"><div class=\"fusion-layout-column fusion_builder_column fusion-builder-column-1 fusion_builder_column_1_2 1_2 fusion-flex-column\" style=\"--awb-bg-image:url(&#039;https:\/\/cloeren.com\/content\/uploads\/2017\/01\/home__featured-1024x819.jpg&#039;);--awb-bg-position:center center;--awb-bg-size:cover;--awb-width-large:50%;--awb-margin-top-large:0px;--awb-spacing-right-large:0px;--awb-margin-bottom-large:0px;--awb-spacing-left-large:0px;--awb-width-medium:100%;--awb-spacing-right-medium:0px;--awb-spacing-left-medium:0px;--awb-width-small:100%;--awb-spacing-right-small:0px;--awb-spacing-left-small:0px;\"><div class=\"fusion-column-wrapper fusion-flex-justify-content-flex-start fusion-content-layout-column fusion-empty-column-bg-image fusion-column-has-bg-image\" data-bg-url=\"https:\/\/cloeren.com\/content\/uploads\/2017\/01\/home__featured-1024x819.jpg\"><img decoding=\"async\" class=\"fusion-empty-dims-img-placeholder fusion-no-large-visibility\" aria-label=\"home__featured\" src=\"data:image\/svg+xml,%3Csvg%20xmlns%3D%27http%3A%2F%2Fwww.w3.org%2F2000%2Fsvg%27%20width%3D%271024%27%20height%3D%27819%27%20viewBox%3D%270%200%201024%20819%27%3E%3Crect%20width%3D%271024%27%20height%3D%27819%27%20fill-opacity%3D%220%22%2F%3E%3C%2Fsvg%3E\"><\/div><\/div><div class=\"fusion-layout-column fusion_builder_column fusion-builder-column-2 fusion_builder_column_1_2 1_2 fusion-flex-column\" style=\"--awb-padding-top:35px;--awb-padding-right:35px;--awb-padding-bottom:35px;--awb-padding-left:35px;--awb-bg-color:#ffffff;--awb-bg-color-hover:#ffffff;--awb-bg-size:cover;--awb-width-large:50%;--awb-margin-top-large:0px;--awb-spacing-right-large:0px;--awb-margin-bottom-large:0px;--awb-spacing-left-large:0px;--awb-width-medium:100%;--awb-spacing-right-medium:0px;--awb-spacing-left-medium:0px;--awb-width-small:100%;--awb-spacing-right-small:0px;--awb-spacing-left-small:0px;\"><div class=\"fusion-column-wrapper fusion-flex-justify-content-flex-start fusion-content-layout-column\"><div class=\"fusion-title title fusion-title-1 fusion-sep-none fusion-title-text fusion-title-size-one box-description\" style=\"--awb-margin-top-small:0px;--awb-margin-right-small:0px;--awb-margin-bottom-small:20px;--awb-margin-left-small:0px;\"><h1 class=\"fusion-title-heading title-heading-left fusion-responsive-typography-calculated\" style=\"margin:0;--fontSize:32;line-height:1.2;\">Encontrando la soluci\u00f3n adecuada para su reto<\/h1><\/div><div class=\"fusion-title title fusion-title-2 fusion-sep-none fusion-title-text fusion-title-size-two\" style=\"--awb-margin-bottom:30px;--awb-margin-top-small:0px;--awb-margin-right-small:0px;--awb-margin-bottom-small:20px;--awb-margin-left-small:0px;\"><h2 class=\"fusion-title-heading title-heading-left fusion-responsive-typography-calculated\" style=\"margin:0;--fontSize:26;line-height:1.4;\">Consultor\u00eda para el proceso de extrusi\u00f3n<\/h2><\/div><div class=\"fusion-text fusion-text-1\"><p>Los expertos de Cloeren trabajaran uno a uno con usted para explorar nuevas oportunidades y desarrollar mejoras en el proceso, equipo y operaciones envueltas en sus aplicaciones de coextrusi\u00f3n. Podemos ayudarle a encontrar una soluci\u00f3n apropiada para sus problemas. Hemos recomendado dise\u00f1os de feedblocks y cabezales que han ayudado a clientes a producir y mejorar productos tales como cojines de aire para zapatos deportivos, vidrios panor\u00e1micos con gradiente de colores para autom\u00f3viles, y pel\u00edculas estirables con Nanocapas. Nuestros consultores pueden recomendarle formas de producir los productos con mayor eficiencia, m\u00e1s innovadores y de m\u00e1s alta calidad de su industria.<\/p>\n<\/div><\/div><\/div><\/div><\/div><\/p>\n","protected":false},"excerpt":{"rendered":"","protected":false},"author":1,"featured_media":0,"parent":0,"menu_order":3,"comment_status":"closed","ping_status":"closed","template":"","meta":{"_acf_changed":false,"footnotes":""},"class_list":["post-9024","page","type-page","status-publish","hentry"],"acf":[],"_links":{"self":[{"href":"https:\/\/cloeren.com\/es\/wp-json\/wp\/v2\/pages\/9024","targetHints":{"allow":["GET"]}}],"collection":[{"href":"https:\/\/cloeren.com\/es\/wp-json\/wp\/v2\/pages"}],"about":[{"href":"https:\/\/cloeren.com\/es\/wp-json\/wp\/v2\/types\/page"}],"author":[{"embeddable":true,"href":"https:\/\/cloeren.com\/es\/wp-json\/wp\/v2\/users\/1"}],"replies":[{"embeddable":true,"href":"https:\/\/cloeren.com\/es\/wp-json\/wp\/v2\/comments?post=9024"}],"version-history":[{"count":3,"href":"https:\/\/cloeren.com\/es\/wp-json\/wp\/v2\/pages\/9024\/revisions"}],"predecessor-version":[{"id":19639,"href":"https:\/\/cloeren.com\/es\/wp-json\/wp\/v2\/pages\/9024\/revisions\/19639"}],"wp:attachment":[{"href":"https:\/\/cloeren.com\/es\/wp-json\/wp\/v2\/media?parent=9024"}],"curies":[{"name":"wp","href":"https:\/\/api.w.org\/{rel}","templated":true}]}}