{"id":8999,"date":"2017-01-13T16:58:48","date_gmt":"2017-01-13T22:58:48","guid":{"rendered":"https:\/\/cloeren.com\/cabezales-de-extrusion\/opciones-para-cabezales\/"},"modified":"2021-01-22T13:19:18","modified_gmt":"2021-01-22T19:19:18","slug":"opciones-para-cabezales","status":"publish","type":"page","link":"https:\/\/cloeren.com\/es\/cabezales-de-extrusion\/opciones-para-cabezales\/","title":{"rendered":"Opciones para Cabezales"},"content":{"rendered":"<div class=\"fusion-fullwidth fullwidth-box fusion-builder-row-1 fusion-flex-container nonhundred-percent-fullwidth non-hundred-percent-height-scrolling\" style=\"--awb-border-radius-top-left:0px;--awb-border-radius-top-right:0px;--awb-border-radius-bottom-right:0px;--awb-border-radius-bottom-left:0px;--awb-padding-right:0px;--awb-padding-bottom:30px;--awb-padding-left:0px;--awb-flex-wrap:wrap;\" ><div class=\"fusion-builder-row fusion-row fusion-flex-align-items-flex-start fusion-flex-content-wrap\" style=\"max-width:1456px;margin-left: calc(-4% \/ 2 );margin-right: calc(-4% \/ 2 );\"><div class=\"fusion-layout-column fusion_builder_column fusion-builder-column-0 fusion_builder_column_1_1 1_1 fusion-flex-column\" style=\"--awb-bg-size:cover;--awb-width-large:100%;--awb-margin-top-large:0px;--awb-spacing-right-large:1.92%;--awb-margin-bottom-large:30px;--awb-spacing-left-large:1.92%;--awb-width-medium:100%;--awb-spacing-right-medium:1.92%;--awb-spacing-left-medium:1.92%;--awb-width-small:100%;--awb-spacing-right-small:1.92%;--awb-spacing-left-small:1.92%;\"><div class=\"fusion-column-wrapper fusion-flex-justify-content-flex-start fusion-content-layout-column\"><div class=\"fusion-separator fusion-full-width-sep\" style=\"align-self: center;margin-left: auto;margin-right: auto;margin-bottom:40px;width:100%;\"><div class=\"fusion-separator-border sep-single\" style=\"--awb-height:20px;--awb-amount:20px;border-color:#d6d6d7;border-top-width:1px;\"><\/div><\/div><\/div><\/div><div class=\"fusion-layout-column fusion_builder_column fusion-builder-column-1 fusion_builder_column_2_3 2_3 fusion-flex-column\" style=\"--awb-bg-size:cover;--awb-width-large:66.666666666667%;--awb-margin-top-large:0px;--awb-spacing-right-large:2.88%;--awb-margin-bottom-large:30px;--awb-spacing-left-large:2.88%;--awb-width-medium:100%;--awb-spacing-right-medium:1.92%;--awb-spacing-left-medium:1.92%;--awb-width-small:100%;--awb-spacing-right-small:1.92%;--awb-spacing-left-small:1.92%;\"><div class=\"fusion-column-wrapper fusion-flex-justify-content-flex-start fusion-content-layout-column\"><div class=\"fusion-title title fusion-title-1 fusion-sep-none fusion-title-text fusion-title-size-two\" style=\"--awb-margin-top-small:0px;--awb-margin-right-small:0px;--awb-margin-bottom-small:20px;--awb-margin-left-small:0px;\"><h2 class=\"fusion-title-heading title-heading-left fusion-responsive-typography-calculated\" style=\"margin:0;--fontSize:26;line-height:1.4;\">Opciones para Cabezales<\/h2><\/div><div class=\"fusion-text fusion-text-1\"><p>La tecnolog\u00eda de cabezales de Cloeren tambi\u00e9n incluye ajustes de labios o sistemas de restricci\u00f3n de flujo (deckles) que pueden ser fabricados a la medida para el proceso particular del cliente.<\/p>\n<\/div><div class=\"fusion-title title fusion-title-2 fusion-sep-none fusion-title-text fusion-title-size-four\" style=\"--awb-margin-top-small:0px;--awb-margin-right-small:0px;--awb-margin-bottom-small:20px;--awb-margin-left-small:0px;\"><h4 class=\"fusion-title-heading title-heading-left fusion-responsive-typography-calculated\" style=\"margin:0;--fontSize:18;--minFontSize:18;line-height:1.3;\"><span style=\"font-size: 16px;\">OPCIONES DE AJUSTE DE LABIO<\/span><\/h4><\/div><div class=\"accordian fusion-accordian\" style=\"--awb-border-size:0px;--awb-icon-size:13px;--awb-content-font-size:16px;--awb-icon-alignment:right;--awb-hover-color:#ffffff;--awb-border-color:#cccccc;--awb-background-color:#ffffff;--awb-divider-color:#d6d6d7;--awb-divider-hover-color:#d6d6d7;--awb-icon-color:#14213d;--awb-title-color:#14213d;--awb-content-color:#8d8d8d;--awb-icon-box-color:#333333;--awb-toggle-hover-accent-color:#3a5fb0;--awb-title-font-family:&quot;HelveticaNeue-Bold&quot;;--awb-title-font-weight:700;--awb-title-font-style:normal;--awb-content-font-family:&quot;HelveticaNeue-Light&quot;;--awb-content-font-style:normal;--awb-content-font-weight:400;\"><div class=\"panel-group fusion-toggle-icon-right fusion-toggle-icon-unboxed\" id=\"accordion-8999-1\"><div class=\"fusion-panel panel-default panel-537ef10b59811d074 fusion-toggle-no-divider fusion-toggle-boxed-mode\"><div class=\"panel-heading\"><h4 class=\"panel-title toggle\" id=\"toggle_537ef10b59811d074\"><a aria-expanded=\"false\" aria-controls=\"537ef10b59811d074\" role=\"button\" data-toggle=\"collapse\" data-target=\"#537ef10b59811d074\" href=\"#537ef10b59811d074\"><span class=\"fusion-toggle-icon-wrapper\" aria-hidden=\"true\"><i class=\"fa-fusion-box active-icon awb-icon-minus\" aria-hidden=\"true\"><\/i><i class=\"fa-fusion-box inactive-icon awb-icon-plus\" aria-hidden=\"true\"><\/i><\/span><span class=\"fusion-toggle-heading\">Sistema de Ajuste Autom\u00e1tico del Labio AutoGauge\u2122 de Cloeren<\/span><\/a><\/h4><\/div><div id=\"537ef10b59811d074\" class=\"panel-collapse collapse \" aria-labelledby=\"toggle_537ef10b59811d074\"><div class=\"panel-body toggle-content fusion-clearfix\">\n<p>Este sistema ayuda a reducir la variaci\u00f3n de espesores a tolerancias m\u00e1s ajustadas resultando en la reducci\u00f3n de la cantidad de materiales utilizados para obtener las especificaciones del producto.  El sistema utiliza un paquete computarizado de control autom\u00e1tico del perfil para monitorear permanentemente el espesor y ajustar el labio del cabezal, optimizando la uniformidad de espesor en la direcci\u00f3n transversal maximizando la producci\u00f3n.  El sistema permite producir m\u00e1s r\u00e1pidamente materiales a las especificaciones requeridas y lograr tolerancias de espesor m\u00e1s ajustadas en los productos.<\/p>\n<\/div><\/div><\/div><div class=\"fusion-panel panel-default panel-7c25564afabdc2f04 fusion-toggle-no-divider fusion-toggle-boxed-mode\"><div class=\"panel-heading\"><h4 class=\"panel-title toggle\" id=\"toggle_7c25564afabdc2f04\"><a aria-expanded=\"false\" aria-controls=\"7c25564afabdc2f04\" role=\"button\" data-toggle=\"collapse\" data-target=\"#7c25564afabdc2f04\" href=\"#7c25564afabdc2f04\"><span class=\"fusion-toggle-icon-wrapper\" aria-hidden=\"true\"><i class=\"fa-fusion-box active-icon awb-icon-minus\" aria-hidden=\"true\"><\/i><i class=\"fa-fusion-box inactive-icon awb-icon-plus\" aria-hidden=\"true\"><\/i><\/span><span class=\"fusion-toggle-heading\">Mecanismo de Ajuste de Labio QuickGap\u2122<\/span><\/a><\/h4><\/div><div id=\"7c25564afabdc2f04\" class=\"panel-collapse collapse \" aria-labelledby=\"toggle_7c25564afabdc2f04\"><div class=\"panel-body toggle-content fusion-clearfix\">\n<p>Este producto combinado con el cabezal de Cloeren de labio Flexible ajusta f\u00e1cilmente la boquilla hasta 0.300 pulgadas (7.6 mm). A cambio de m\u00faltiples ajustes del labio o cambios de labio incurriendo en tiempos improductivos excesivos, el QuickGap\u2122 extiende el rango de ajuste del labio en 0.2 pulgadas (5.0 mm) a partir de un punto de operaci\u00f3n unico.  Los resultados obtenidos son extremadamente precisos y repetibles.  Productores de l\u00e1mina de medianos y altos espesores utilizan este dispositivo para lograr un mejor control del espesor en la direcci\u00f3n de m\u00e1quina. Esta opci\u00f3n del labio con QuickGap\u2122 tambi\u00e9n puede ser utilizada como un dispositivo para limpieza r\u00e1pida al abrir los labios para expulsar contaminantes dentro del cabezal.<\/p>\n<\/div><\/div><\/div><\/div><\/div><div class=\"fusion-separator fusion-full-width-sep\" style=\"align-self: center;margin-left: auto;margin-right: auto;margin-top:10px;margin-bottom:10px;width:100%;\"><\/div><div class=\"fusion-title title fusion-title-3 fusion-sep-none fusion-title-text fusion-title-size-four\" style=\"--awb-margin-top-small:0px;--awb-margin-right-small:0px;--awb-margin-bottom-small:20px;--awb-margin-left-small:0px;\"><h4 class=\"fusion-title-heading title-heading-left fusion-responsive-typography-calculated\" style=\"margin:0;--fontSize:18;--minFontSize:18;line-height:1.3;\"><span style=\"font-size: 16px;\">OPCIONES DE DECKLE<\/span><\/h4><\/div><div class=\"accordian fusion-accordian\" style=\"--awb-border-size:0px;--awb-icon-size:13px;--awb-content-font-size:16px;--awb-icon-alignment:right;--awb-hover-color:#ffffff;--awb-border-color:#cccccc;--awb-background-color:#ffffff;--awb-divider-color:#d6d6d7;--awb-divider-hover-color:#d6d6d7;--awb-icon-color:#14213d;--awb-title-color:#14213d;--awb-content-color:#8d8d8d;--awb-icon-box-color:#333333;--awb-toggle-hover-accent-color:#3a5fb0;--awb-title-font-family:&quot;HelveticaNeue-Bold&quot;;--awb-title-font-weight:700;--awb-title-font-style:normal;--awb-content-font-family:&quot;HelveticaNeue-Light&quot;;--awb-content-font-style:normal;--awb-content-font-weight:400;\"><div class=\"panel-group fusion-toggle-icon-right fusion-toggle-icon-unboxed\" id=\"accordion-8999-2\"><div class=\"fusion-panel panel-default panel-b6400524093dd3bd0 fusion-toggle-no-divider fusion-toggle-boxed-mode\"><div class=\"panel-heading\"><h4 class=\"panel-title toggle\" id=\"toggle_b6400524093dd3bd0\"><a aria-expanded=\"false\" aria-controls=\"b6400524093dd3bd0\" role=\"button\" data-toggle=\"collapse\" data-target=\"#b6400524093dd3bd0\" href=\"#b6400524093dd3bd0\"><span class=\"fusion-toggle-icon-wrapper\" aria-hidden=\"true\"><i class=\"fa-fusion-box active-icon awb-icon-minus\" aria-hidden=\"true\"><\/i><i class=\"fa-fusion-box inactive-icon awb-icon-plus\" aria-hidden=\"true\"><\/i><\/span><span class=\"fusion-toggle-heading\">Sistema de Reductores Internos (Internal Deckle System - IDS\u2122)<\/span><\/a><\/h4><\/div><div id=\"b6400524093dd3bd0\" class=\"panel-collapse collapse \" aria-labelledby=\"toggle_b6400524093dd3bd0\"><div class=\"panel-body toggle-content fusion-clearfix\">\n<p>Este sistema patentado permite el ajuste del ancho del producto extruido en un tiempo improductivo m\u00ednimo.  El IDS\u2122 incluye una pieza superior de secci\u00f3n gruesa de la longitud a reducir y una cuchilla que eliminan la degradaci\u00f3n de pol\u00edmero al llenar completamente el \u00e1rea de flujo reducida.  La posici\u00f3n relativa del cabezal con respecto al rodillo de enfriamiento no afecta el IDS\u2122 porque el reductor de flujo no aumenta el \u00e1rea transversal del cabezal.<\/p>\n<\/div><\/div><\/div><div class=\"fusion-panel panel-default panel-345d8b81062fde7e6 fusion-toggle-no-divider fusion-toggle-boxed-mode\"><div class=\"panel-heading\"><h4 class=\"panel-title toggle\" id=\"toggle_345d8b81062fde7e6\"><a aria-expanded=\"false\" aria-controls=\"345d8b81062fde7e6\" role=\"button\" data-toggle=\"collapse\" data-target=\"#345d8b81062fde7e6\" href=\"#345d8b81062fde7e6\"><span class=\"fusion-toggle-icon-wrapper\" aria-hidden=\"true\"><i class=\"fa-fusion-box active-icon awb-icon-minus\" aria-hidden=\"true\"><\/i><i class=\"fa-fusion-box inactive-icon awb-icon-plus\" aria-hidden=\"true\"><\/i><\/span><span class=\"fusion-toggle-heading\">Sistema Reductor con Encapsulaci\u00f3n (Encapsulating Deckle System EDS\u2122)<\/span><\/a><\/h4><\/div><div id=\"345d8b81062fde7e6\" class=\"panel-collapse collapse \" aria-labelledby=\"toggle_345d8b81062fde7e6\"><div class=\"panel-body toggle-content fusion-clearfix\">\n<p>Este es otro producto patentado por Cloeren que ofrece los mismos beneficios del IDS\u2122 pero adicionalmente ofrece la posibilidad de producir bordes monol\u00edticos.  Esto permite la eliminaci\u00f3n de materiales m\u00e1s costos del refile de borde.  Puesto que el refile de borde encapsulado ser\u00e1 ahora producido con un solo material, ser\u00e1 m\u00e1s f\u00e1cil de ser reciclado.  El EDS\u2122 puede tambi\u00e9n ser utilizado para estabilizar los bordes y reducir la cantidad de \u201cneck-in\u201d o  \u201cencuellamiento\u201d o reducci\u00f3n del ancho a la salida del cabezal en algunos procesos.  Esto resulta en la capacidad de producir m\u00e1s pel\u00edcula de primera calidad.<\/p>\n<\/div><\/div><\/div><div class=\"fusion-panel panel-default panel-ccc07bc72c9d3390a fusion-toggle-no-divider fusion-toggle-boxed-mode\"><div class=\"panel-heading\"><h4 class=\"panel-title toggle\" id=\"toggle_ccc07bc72c9d3390a\"><a aria-expanded=\"false\" aria-controls=\"ccc07bc72c9d3390a\" role=\"button\" data-toggle=\"collapse\" data-target=\"#ccc07bc72c9d3390a\" href=\"#ccc07bc72c9d3390a\"><span class=\"fusion-toggle-icon-wrapper\" aria-hidden=\"true\"><i class=\"fa-fusion-box active-icon awb-icon-minus\" aria-hidden=\"true\"><\/i><i class=\"fa-fusion-box inactive-icon awb-icon-plus\" aria-hidden=\"true\"><\/i><\/span><span class=\"fusion-toggle-heading\">Reductores Internos de Ancho Fijo (Fixed-width Internal Deckles)<\/span><\/a><\/h4><\/div><div id=\"ccc07bc72c9d3390a\" class=\"panel-collapse collapse \" aria-labelledby=\"toggle_ccc07bc72c9d3390a\"><div class=\"panel-body toggle-content fusion-clearfix\">\n<p>Estos reductores ofrecen una soluci\u00f3n efectiva en costo para aquellos procesadores que no requieren de un rango de reducci\u00f3n ajustable infinitamente.  Los insertos de reducci\u00f3n son colocados f\u00e1cilmente en los extremos del canal de flujo del cabezal permitiendo la producci\u00f3n de productos de anchos especiales sin refile de borde excesivo. Estos reductores son muy \u00fatiles tambi\u00e9n para productores de l\u00e1mina de espesores medios con resinas de baja resistencia al fundido porque la distancia del punto de contacto de los rodillos al labio no se aumenta, como sucede con los reductores convencionales externos.<\/p>\n<\/div><\/div><\/div><div class=\"fusion-panel panel-default panel-c8262c9903ae1e028 fusion-toggle-no-divider fusion-toggle-boxed-mode\"><div class=\"panel-heading\"><h4 class=\"panel-title toggle\" id=\"toggle_c8262c9903ae1e028\"><a aria-expanded=\"false\" aria-controls=\"c8262c9903ae1e028\" role=\"button\" data-toggle=\"collapse\" data-target=\"#c8262c9903ae1e028\" href=\"#c8262c9903ae1e028\"><span class=\"fusion-toggle-icon-wrapper\" aria-hidden=\"true\"><i class=\"fa-fusion-box active-icon awb-icon-minus\" aria-hidden=\"true\"><\/i><i class=\"fa-fusion-box inactive-icon awb-icon-plus\" aria-hidden=\"true\"><\/i><\/span><span class=\"fusion-toggle-heading\">Sistema Mecanizado de Reductores (Power Wedge\u2122 Deckle System)<\/span><\/a><\/h4><\/div><div id=\"c8262c9903ae1e028\" class=\"panel-collapse collapse \" aria-labelledby=\"toggle_c8262c9903ae1e028\"><div class=\"panel-body toggle-content fusion-clearfix\">\n<p>Este sistema de reductores est\u00e1 disponible tanto para cabezales nuevos como actualizados y puede ser retra\u00eddo completamente hacia los extremos del cabezal.  Esto permite la remoci\u00f3n del labio, limpieza del cabezal y mantenimiento.  El sistema se construye con una barra roscada de trabajo pesado para el ajuste del ancho, rieles gu\u00eda, un borde de deslizamiento y una tira de sello encapsulada especialmente para conseguir a\u00f1os de servicio libres de fugas y problemas.<\/p>\n<\/div><\/div><\/div><\/div><\/div><\/div><\/div><div class=\"fusion-layout-column fusion_builder_column fusion-builder-column-2 fusion_builder_column_1_3 1_3 fusion-flex-column\" style=\"--awb-bg-size:cover;--awb-width-large:33.333333333333%;--awb-margin-top-large:0px;--awb-spacing-right-large:5.76%;--awb-margin-bottom-large:30px;--awb-spacing-left-large:5.76%;--awb-width-medium:100%;--awb-spacing-right-medium:1.92%;--awb-spacing-left-medium:1.92%;--awb-width-small:100%;--awb-spacing-right-small:1.92%;--awb-spacing-left-small:1.92%;\"><div class=\"fusion-column-wrapper fusion-flex-justify-content-flex-start fusion-content-layout-column\"><div class=\"fusion-content-boxes content-boxes columns row fusion-columns-1 fusion-columns-total-2 fusion-content-boxes-1 content-boxes-icon-with-title content-left\" style=\"--awb-margin-bottom:0px;--awb-hover-accent-color:#14213d;--awb-circle-hover-accent-color:#14213d;--awb-item-margin-bottom:40px;\" data-animationOffset=\"top-into-view\"><div style=\"--awb-backgroundcolor:#e8e8e9;\" class=\"fusion-column content-box-column content-box-column content-box-column-1 col-lg-12 col-md-12 col-sm-12 fusion-content-box-hover content-box-column-last-in-row\"><div class=\"col content-box-wrapper content-wrapper-background link-area-link-icon icon-hover-animation-fade\" data-animationOffset=\"top-into-view\"><div class=\"heading icon-left\"><h2 class=\"content-box-heading fusion-responsive-typography-calculated\" style=\"--h2_typography-font-size:26px;--fontSize:26;line-height:1.4;\">Sab\u00edas\u2026<\/h2><\/div><div class=\"fusion-clearfix\"><\/div><div class=\"content-container\">Cloeren puede reparar y actualizar cabezales de competidores para llevarlos de nuevo a condiciones de operaci\u00f3n.<\/div><\/div><\/div><div style=\"--awb-backgroundcolor:#e8e8e9;--awb-iconcolor:#14213d;--awb-circle-hover-accent-color:transparent;\" class=\"fusion-column content-box-column content-box-column content-box-column-2 col-lg-12 col-md-12 col-sm-12 fusion-content-box-hover content-box-column-last content-box-column-last-in-row\"><div class=\"col content-box-wrapper content-wrapper-background link-area-link-icon icon-hover-animation-fade\" data-animationOffset=\"top-into-view\"><div class=\"heading icon-left\"><h2 class=\"content-box-heading fusion-responsive-typography-calculated\" style=\"--h2_typography-font-size:26px;--fontSize:26;line-height:1.4;\">\u00bfTienes una pregunta sobre nuestros cabezales de extrusi\u00f3n?<\/h2><\/div><div class=\"fusion-clearfix\"><\/div><div class=\"content-container\"><div class=\"fusion-text fusion-text-2\"><p>Haga clic para acceder a nuestra p\u00e1gina de contacto donde puede enviarnos un mensaje.<\/p>\n<\/div>\n<div ><a class=\"fusion-button button-flat fusion-button-default-size button-default fusion-button-default button-1 fusion-button-span-yes fusion-button-default-type\" target=\"_self\" href=\"https:\/\/cloeren.com\/es\/contacto\/\"><span class=\"fusion-button-text awb-button__text awb-button__text--default\">Cont\u00e1ctenos<\/span><i class=\" fa fa-comment awb-button__icon awb-button__icon--default button-icon-right\" aria-hidden=\"true\"><\/i><\/a><\/div><\/div><\/div><\/div><div class=\"fusion-clearfix\"><\/div><\/div><\/div><\/div><\/div><\/div>\n","protected":false},"excerpt":{"rendered":"","protected":false},"author":1,"featured_media":3699,"parent":8950,"menu_order":6,"comment_status":"closed","ping_status":"closed","template":"","meta":{"_acf_changed":false,"footnotes":""},"class_list":["post-8999","page","type-page","status-publish","has-post-thumbnail","hentry"],"acf":[],"_links":{"self":[{"href":"https:\/\/cloeren.com\/es\/wp-json\/wp\/v2\/pages\/8999","targetHints":{"allow":["GET"]}}],"collection":[{"href":"https:\/\/cloeren.com\/es\/wp-json\/wp\/v2\/pages"}],"about":[{"href":"https:\/\/cloeren.com\/es\/wp-json\/wp\/v2\/types\/page"}],"author":[{"embeddable":true,"href":"https:\/\/cloeren.com\/es\/wp-json\/wp\/v2\/users\/1"}],"replies":[{"embeddable":true,"href":"https:\/\/cloeren.com\/es\/wp-json\/wp\/v2\/comments?post=8999"}],"version-history":[{"count":0,"href":"https:\/\/cloeren.com\/es\/wp-json\/wp\/v2\/pages\/8999\/revisions"}],"up":[{"embeddable":true,"href":"https:\/\/cloeren.com\/es\/wp-json\/wp\/v2\/pages\/8950"}],"wp:featuredmedia":[{"embeddable":true,"href":"https:\/\/cloeren.com\/es\/wp-json\/wp\/v2\/media\/3699"}],"wp:attachment":[{"href":"https:\/\/cloeren.com\/es\/wp-json\/wp\/v2\/media?parent=8999"}],"curies":[{"name":"wp","href":"https:\/\/api.w.org\/{rel}","templated":true}]}}