{"id":8955,"date":"2017-01-12T16:25:30","date_gmt":"2017-01-12T22:25:30","guid":{"rendered":"https:\/\/cloeren.com\/cabezales-de-extrusion\/cabezal-de-manifold-sencillo\/"},"modified":"2021-01-22T12:29:14","modified_gmt":"2021-01-22T18:29:14","slug":"cabezal-de-manifold-sencillo","status":"publish","type":"page","link":"https:\/\/cloeren.com\/es\/cabezales-de-extrusion\/cabezal-de-manifold-sencillo\/","title":{"rendered":"Cabezal de Manifold Sencillo"},"content":{"rendered":"<div class=\"fusion-fullwidth fullwidth-box fusion-builder-row-1 fusion-flex-container nonhundred-percent-fullwidth non-hundred-percent-height-scrolling\" style=\"--awb-border-radius-top-left:0px;--awb-border-radius-top-right:0px;--awb-border-radius-bottom-right:0px;--awb-border-radius-bottom-left:0px;--awb-padding-right:0px;--awb-padding-bottom:30px;--awb-padding-left:0px;--awb-flex-wrap:wrap;\" ><div class=\"fusion-builder-row fusion-row fusion-flex-align-items-flex-start fusion-flex-content-wrap\" style=\"max-width:1456px;margin-left: calc(-4% \/ 2 );margin-right: calc(-4% \/ 2 );\"><div class=\"fusion-layout-column fusion_builder_column fusion-builder-column-0 fusion_builder_column_1_1 1_1 fusion-flex-column\" style=\"--awb-bg-size:cover;--awb-width-large:100%;--awb-margin-top-large:0px;--awb-spacing-right-large:1.92%;--awb-margin-bottom-large:30px;--awb-spacing-left-large:1.92%;--awb-width-medium:100%;--awb-order-medium:0;--awb-spacing-right-medium:1.92%;--awb-spacing-left-medium:1.92%;--awb-width-small:100%;--awb-order-small:0;--awb-spacing-right-small:1.92%;--awb-spacing-left-small:1.92%;\"><div class=\"fusion-column-wrapper fusion-column-has-shadow fusion-flex-justify-content-flex-start fusion-content-layout-column\"><div class=\"fusion-separator fusion-full-width-sep\" style=\"align-self: center;margin-left: auto;margin-right: auto;margin-bottom:40px;width:100%;\"><div class=\"fusion-separator-border sep-single\" style=\"--awb-height:20px;--awb-amount:20px;border-color:#d6d6d7;border-top-width:1px;\"><\/div><\/div><\/div><\/div><div class=\"fusion-layout-column fusion_builder_column fusion-builder-column-1 fusion_builder_column_2_3 2_3 fusion-flex-column\" style=\"--awb-bg-size:cover;--awb-width-large:66.666666666667%;--awb-margin-top-large:0px;--awb-spacing-right-large:2.88%;--awb-margin-bottom-large:30px;--awb-spacing-left-large:2.88%;--awb-width-medium:100%;--awb-spacing-right-medium:1.92%;--awb-spacing-left-medium:1.92%;--awb-width-small:100%;--awb-spacing-right-small:1.92%;--awb-spacing-left-small:1.92%;\"><div class=\"fusion-column-wrapper fusion-flex-justify-content-flex-start fusion-content-layout-column\"><div class=\"fusion-title title fusion-title-1 fusion-sep-none fusion-title-text fusion-title-size-two\" style=\"--awb-margin-bottom:30px;--awb-margin-top-small:0px;--awb-margin-right-small:0px;--awb-margin-bottom-small:20px;--awb-margin-left-small:0px;\"><h2 class=\"fusion-title-heading title-heading-left fusion-responsive-typography-calculated\" style=\"margin:0;--fontSize:26;line-height:1.4;\">Cabezal de Manifold Sencillo<\/h2><\/div><div class=\"fusion-text fusion-text-1\"><p>El dise\u00f1o apropiado del Cabezal es fundamental para una coextrusi\u00f3n exitosa. El dise\u00f1o de la serie de Cabezales Epoch\u2122 de Cloeren presenta geometr\u00edas de manifold \u00fanicas y un dise\u00f1o patentado de pre-land de dos etapas que controla la presi\u00f3n y el flujo. Esta combinaci\u00f3n exclusiva ofrece una uniformidad individual de capas que es inigualable en coextrusion con feedblock, incrementando la calidad del producto terminado. El dise\u00f1o patentado de Cabezal Epoch\u2122 fue el primero comercialmente establecido que present\u00f3 una soluci\u00f3n al efecto de enconchamiento no uniforme de los cabezales.<\/p>\n<p><strong>Epoch\u2122 III<\/strong><br \/>\nEste dise\u00f1o de Cloeren contiene un manifold de secci\u00f3n transversal rectangular constante que minimiza mucho mejor las inestabilidades de capas.<\/p>\n<p><strong>Epoch\u2122 V<\/strong><br \/>\nNuestro dise\u00f1o a la medida para productos monocapa presenta una secci\u00f3n transversal tipo gota de agua en el manifold para balancear mejor los tiempos de residencia y esfuerzos de corte.<\/p>\n<p><strong>moebius-manifold\u2122 Die<\/strong><br \/>\nEl troquel patentado de moebius-manifold \u2122 proporciona una soluci\u00f3n revolucionaria que reduce el tiempo de residencia y la deflexi\u00f3n de la cubierta al tiempo que aumenta la ventana de procesamiento.<\/p>\n<p>El cabezal moebius-manifold\u2122 incorpora un \u00e1ngulo de transici\u00f3n variante en el manifold que reduce el \u00e1rea seccional pero mantiene el dise\u00f1o caracter\u00edstico de Cloeren &#8211; manifold con secci\u00f3n posterior recta.<\/p>\n<p>Los manifolds tradicionales tipo colgador de ropa o \u201ccoathanger\u201d por lo general aumentan la deflexi\u00f3n por enconchamiento asociada con un \u00e1rea superficial no-uniforme en contacto con el pol\u00edmero en el canal de flujo.<\/p>\n<p>El cabezal moebius-manifold tambi\u00e9n amplia la ventana de proceso. Se acomoda f\u00e1cilmente a cambios en una formulaci\u00f3n particular permitiendo mayor procesabilidad.<\/p>\n<p><strong>emo\u2122 Die<\/strong><br \/>\nCloeren compr\u00f3 todas las acciones restantes de la empresa austriaca de troqueles de extrusi\u00f3n EMO GmbH en 2017. Uno de los resultados de esta adquisici\u00f3n es la introducci\u00f3n de un dise\u00f1o de matriz no lineal en nuestra cartera de productos. El emo\u2122 Die es adecuado para estructuras monocapa.<\/p>\n<\/div><\/div><\/div><div class=\"fusion-layout-column fusion_builder_column fusion-builder-column-2 fusion_builder_column_1_3 1_3 fusion-flex-column\" style=\"--awb-bg-size:cover;--awb-width-large:33.333333333333%;--awb-margin-top-large:0px;--awb-spacing-right-large:5.76%;--awb-margin-bottom-large:30px;--awb-spacing-left-large:5.76%;--awb-width-medium:100%;--awb-spacing-right-medium:1.92%;--awb-spacing-left-medium:1.92%;--awb-width-small:100%;--awb-spacing-right-small:1.92%;--awb-spacing-left-small:1.92%;\"><div class=\"fusion-column-wrapper fusion-flex-justify-content-flex-start fusion-content-layout-column\"><div class=\"fusion-content-boxes content-boxes columns row fusion-columns-1 fusion-columns-total-2 fusion-content-boxes-1 content-boxes-icon-with-title content-left\" style=\"--awb-margin-bottom:0px;--awb-hover-accent-color:#14213d;--awb-circle-hover-accent-color:#14213d;--awb-item-margin-bottom:40px;\" data-animationOffset=\"top-into-view\"><div style=\"--awb-backgroundcolor:#e8e8e9;\" class=\"fusion-column content-box-column content-box-column content-box-column-1 col-lg-12 col-md-12 col-sm-12 fusion-content-box-hover content-box-column-last-in-row\"><div class=\"col content-box-wrapper content-wrapper-background link-area-link-icon icon-hover-animation-fade\" data-animationOffset=\"top-into-view\"><div class=\"heading icon-left\"><h2 class=\"content-box-heading fusion-responsive-typography-calculated\" style=\"--h2_typography-font-size:26px;--fontSize:26;line-height:1.4;\">Sab\u00edas\u2026<\/h2><\/div><div class=\"fusion-clearfix\"><\/div><div class=\"content-container\">El cabezal moebius-manifold\u2122 de Cloeren ha abierto un amplio rango de aplicaciones para pol\u00edmeros sensibles a los tiempos de residencia.<\/div><\/div><\/div><div style=\"--awb-backgroundcolor:#e8e8e9;--awb-iconcolor:#14213d;--awb-circle-hover-accent-color:transparent;\" class=\"fusion-column content-box-column content-box-column content-box-column-2 col-lg-12 col-md-12 col-sm-12 fusion-content-box-hover content-box-column-last content-box-column-last-in-row\"><div class=\"col content-box-wrapper content-wrapper-background link-area-link-icon icon-hover-animation-fade\" data-animationOffset=\"top-into-view\"><div class=\"heading icon-left\"><h2 class=\"content-box-heading fusion-responsive-typography-calculated\" style=\"--h2_typography-font-size:26px;--fontSize:26;line-height:1.4;\">\u00bfTienes una pregunta sobre nuestros cabezales de extrusi\u00f3n?<\/h2><\/div><div class=\"fusion-clearfix\"><\/div><div class=\"content-container\"><div class=\"fusion-text fusion-text-2\"><p>Haga clic para acceder a nuestra p\u00e1gina de contacto donde puede enviarnos un mensaje.<\/p>\n<\/div>\n<div ><a class=\"fusion-button button-flat fusion-button-default-size button-default fusion-button-default button-1 fusion-button-span-yes fusion-button-default-type\" target=\"_self\" href=\"https:\/\/cloeren.com\/es\/contacto\/\"><span class=\"fusion-button-text awb-button__text awb-button__text--default\">Cont\u00e1ctenos<\/span><i class=\" fa fa-comment awb-button__icon awb-button__icon--default button-icon-right\" aria-hidden=\"true\"><\/i><\/a><\/div><\/div><\/div><\/div><div class=\"fusion-clearfix\"><\/div><\/div><\/div><\/div><div class=\"fusion-layout-column fusion_builder_column fusion-builder-column-3 fusion_builder_column_1_1 1_1 fusion-flex-column\" style=\"--awb-bg-size:cover;--awb-width-large:100%;--awb-margin-top-large:0px;--awb-spacing-right-large:1.92%;--awb-margin-bottom-large:30px;--awb-spacing-left-large:1.92%;--awb-width-medium:100%;--awb-spacing-right-medium:1.92%;--awb-spacing-left-medium:1.92%;--awb-width-small:100%;--awb-spacing-right-small:1.92%;--awb-spacing-left-small:1.92%;\"><div class=\"fusion-column-wrapper fusion-flex-justify-content-flex-start fusion-content-layout-column\"><div class=\"fusion-separator fusion-full-width-sep\" style=\"align-self: center;margin-left: auto;margin-right: auto;margin-bottom:60px;width:100%;\"><div class=\"fusion-separator-border sep-single sep-solid\" style=\"--awb-height:20px;--awb-amount:20px;border-color:#d6d6d7;border-top-width:1px;\"><\/div><\/div><div class=\"fusion-title title fusion-title-2 fusion-sep-none fusion-title-text fusion-title-size-two\" style=\"--awb-margin-bottom:30px;--awb-margin-top-small:0px;--awb-margin-right-small:0px;--awb-margin-bottom-small:20px;--awb-margin-left-small:0px;\"><h2 class=\"fusion-title-heading title-heading-left fusion-responsive-typography-calculated\" style=\"margin:0;--fontSize:26;line-height:1.4;\">Aplicaciones<\/h2><\/div>            <div class=\"fusion-builder-row fusion-row fusion-flex-align-items-flex-start\" style=\"width:calc( 100% + 30px ) !important;max-width:calc( 100% + 30px ) !important;margin-left: calc(-30px \/ 2 );margin-right: calc(-30px \/ 2 );\">\n                                    <div class=\"fusion-layout-column fusion_builder_column_inner fusion_builder_column_inner_1_3 1_3 fusion-flex-column\" style=\"--awb-bg-size:cover;--awb-width-large:33.333333333333%;--awb-spacing-right-large:15px;--awb-spacing-left-large:15px;--awb-width-medium:50%;--awb-order-medium:0;--awb-spacing-right-medium:15px;--awb-spacing-left-medium:15px;--awb-width-small:100%;--awb-order-small:0;--awb-spacing-right-small:15px;--awb-spacing-left-small:15px;\">\n                        <div class=\"fusion-column-wrapper fusion-column-has-shadow fusion-flex-justify-content-flex-start fusion-content-layout-column\">\n                            <a href=\"https:\/\/cloeren.com\/es\/aplicaciones\/empaques-con-revestimientos\/\" class=\"cl-page-column \" >\n                                                                    <img decoding=\"async\" width=\"1400\" height=\"700\" src=\"https:\/\/cloeren.com\/content\/uploads\/2017\/05\/applications-cp-coffee-bags.jpg\" class=\"attachment-post-thumbnail size-post-thumbnail wp-post-image\" alt=\"\" srcset=\"https:\/\/cloeren.com\/content\/uploads\/2017\/05\/applications-cp-coffee-bags-200x100.jpg 200w, https:\/\/cloeren.com\/content\/uploads\/2017\/05\/applications-cp-coffee-bags-300x150.jpg 300w, https:\/\/cloeren.com\/content\/uploads\/2017\/05\/applications-cp-coffee-bags-400x200.jpg 400w, https:\/\/cloeren.com\/content\/uploads\/2017\/05\/applications-cp-coffee-bags-600x300.jpg 600w, https:\/\/cloeren.com\/content\/uploads\/2017\/05\/applications-cp-coffee-bags-768x384.jpg 768w, https:\/\/cloeren.com\/content\/uploads\/2017\/05\/applications-cp-coffee-bags-800x400.jpg 800w, https:\/\/cloeren.com\/content\/uploads\/2017\/05\/applications-cp-coffee-bags-1024x512.jpg 1024w, https:\/\/cloeren.com\/content\/uploads\/2017\/05\/applications-cp-coffee-bags-1200x600.jpg 1200w, https:\/\/cloeren.com\/content\/uploads\/2017\/05\/applications-cp-coffee-bags.jpg 1400w\" sizes=\"(max-width: 1400px) 100vw, 1400px\" \/>                                \n                                <div class=\"cl-page-column__content \">\n                                    \n                                    <div class=\"cl-page-column__title\">Empaques con revestimientos<\/div>\n\n                                <\/div>\n                            <\/a>\n\n                        <\/div>\n                    <\/div>\n                                    <div class=\"fusion-layout-column fusion_builder_column_inner fusion_builder_column_inner_1_3 1_3 fusion-flex-column\" style=\"--awb-bg-size:cover;--awb-width-large:33.333333333333%;--awb-spacing-right-large:15px;--awb-spacing-left-large:15px;--awb-width-medium:50%;--awb-order-medium:0;--awb-spacing-right-medium:15px;--awb-spacing-left-medium:15px;--awb-width-small:100%;--awb-order-small:0;--awb-spacing-right-small:15px;--awb-spacing-left-small:15px;\">\n                        <div class=\"fusion-column-wrapper fusion-column-has-shadow fusion-flex-justify-content-flex-start fusion-content-layout-column\">\n                            <a href=\"https:\/\/cloeren.com\/es\/aplicaciones\/peliculas-de-alto-consumo\/\" class=\"cl-page-column \" >\n                                                                    <img decoding=\"async\" width=\"1400\" height=\"700\" src=\"https:\/\/cloeren.com\/content\/uploads\/2017\/05\/cf-pallet-stretch-wrap.jpg\" class=\"attachment-post-thumbnail size-post-thumbnail wp-post-image\" alt=\"\" srcset=\"https:\/\/cloeren.com\/content\/uploads\/2017\/05\/cf-pallet-stretch-wrap-200x100.jpg 200w, https:\/\/cloeren.com\/content\/uploads\/2017\/05\/cf-pallet-stretch-wrap-300x150.jpg 300w, https:\/\/cloeren.com\/content\/uploads\/2017\/05\/cf-pallet-stretch-wrap-400x200.jpg 400w, https:\/\/cloeren.com\/content\/uploads\/2017\/05\/cf-pallet-stretch-wrap-600x300.jpg 600w, https:\/\/cloeren.com\/content\/uploads\/2017\/05\/cf-pallet-stretch-wrap-768x384.jpg 768w, https:\/\/cloeren.com\/content\/uploads\/2017\/05\/cf-pallet-stretch-wrap-800x400.jpg 800w, https:\/\/cloeren.com\/content\/uploads\/2017\/05\/cf-pallet-stretch-wrap-1024x512.jpg 1024w, https:\/\/cloeren.com\/content\/uploads\/2017\/05\/cf-pallet-stretch-wrap-1200x600.jpg 1200w, https:\/\/cloeren.com\/content\/uploads\/2017\/05\/cf-pallet-stretch-wrap.jpg 1400w\" sizes=\"(max-width: 1400px) 100vw, 1400px\" \/>                                \n                                <div class=\"cl-page-column__content \">\n                                    \n                                    <div class=\"cl-page-column__title\">Pel\u00edculas de Alto Consumo<\/div>\n\n                                <\/div>\n                            <\/a>\n\n                        <\/div>\n                    <\/div>\n                                    <div class=\"fusion-layout-column fusion_builder_column_inner fusion_builder_column_inner_1_3 1_3 fusion-flex-column\" style=\"--awb-bg-size:cover;--awb-width-large:33.333333333333%;--awb-spacing-right-large:15px;--awb-spacing-left-large:15px;--awb-width-medium:50%;--awb-order-medium:0;--awb-spacing-right-medium:15px;--awb-spacing-left-medium:15px;--awb-width-small:100%;--awb-order-small:0;--awb-spacing-right-small:15px;--awb-spacing-left-small:15px;\">\n                        <div class=\"fusion-column-wrapper fusion-column-has-shadow fusion-flex-justify-content-flex-start fusion-content-layout-column\">\n                            <a href=\"https:\/\/cloeren.com\/es\/aplicaciones\/cuidado-personal-e-higiene\/\" class=\"cl-page-column \" >\n                                                                    <img decoding=\"async\" width=\"1400\" height=\"700\" src=\"https:\/\/cloeren.com\/content\/uploads\/2017\/05\/applications-pcp-lady-products.jpg\" class=\"attachment-post-thumbnail size-post-thumbnail wp-post-image\" alt=\"\" srcset=\"https:\/\/cloeren.com\/content\/uploads\/2017\/05\/applications-pcp-lady-products-200x100.jpg 200w, https:\/\/cloeren.com\/content\/uploads\/2017\/05\/applications-pcp-lady-products-300x150.jpg 300w, https:\/\/cloeren.com\/content\/uploads\/2017\/05\/applications-pcp-lady-products-400x200.jpg 400w, https:\/\/cloeren.com\/content\/uploads\/2017\/05\/applications-pcp-lady-products-600x300.jpg 600w, https:\/\/cloeren.com\/content\/uploads\/2017\/05\/applications-pcp-lady-products-768x384.jpg 768w, https:\/\/cloeren.com\/content\/uploads\/2017\/05\/applications-pcp-lady-products-800x400.jpg 800w, https:\/\/cloeren.com\/content\/uploads\/2017\/05\/applications-pcp-lady-products-1024x512.jpg 1024w, https:\/\/cloeren.com\/content\/uploads\/2017\/05\/applications-pcp-lady-products-1200x600.jpg 1200w, https:\/\/cloeren.com\/content\/uploads\/2017\/05\/applications-pcp-lady-products.jpg 1400w\" sizes=\"(max-width: 1400px) 100vw, 1400px\" \/>                                \n                                <div class=\"cl-page-column__content \">\n                                    \n                                    <div class=\"cl-page-column__title\">Cuidado Personal e Higiene<\/div>\n\n                                <\/div>\n                            <\/a>\n\n                        <\/div>\n                    <\/div>\n                                    <div class=\"fusion-layout-column fusion_builder_column_inner fusion_builder_column_inner_1_3 1_3 fusion-flex-column\" style=\"--awb-bg-size:cover;--awb-width-large:33.333333333333%;--awb-spacing-right-large:15px;--awb-spacing-left-large:15px;--awb-width-medium:50%;--awb-order-medium:0;--awb-spacing-right-medium:15px;--awb-spacing-left-medium:15px;--awb-width-small:100%;--awb-order-small:0;--awb-spacing-right-small:15px;--awb-spacing-left-small:15px;\">\n                        <div class=\"fusion-column-wrapper fusion-column-has-shadow fusion-flex-justify-content-flex-start fusion-content-layout-column\">\n                            <a href=\"https:\/\/cloeren.com\/es\/aplicaciones\/automotriz\/\" class=\"cl-page-column \" >\n                                                                    <img decoding=\"async\" width=\"1400\" height=\"700\" src=\"https:\/\/cloeren.com\/content\/uploads\/2017\/05\/applications-auto-windshield-safety-films.jpg\" class=\"attachment-post-thumbnail size-post-thumbnail wp-post-image\" alt=\"\" srcset=\"https:\/\/cloeren.com\/content\/uploads\/2017\/05\/applications-auto-windshield-safety-films-200x100.jpg 200w, https:\/\/cloeren.com\/content\/uploads\/2017\/05\/applications-auto-windshield-safety-films-300x150.jpg 300w, https:\/\/cloeren.com\/content\/uploads\/2017\/05\/applications-auto-windshield-safety-films-400x200.jpg 400w, https:\/\/cloeren.com\/content\/uploads\/2017\/05\/applications-auto-windshield-safety-films-600x300.jpg 600w, https:\/\/cloeren.com\/content\/uploads\/2017\/05\/applications-auto-windshield-safety-films-768x384.jpg 768w, https:\/\/cloeren.com\/content\/uploads\/2017\/05\/applications-auto-windshield-safety-films-800x400.jpg 800w, https:\/\/cloeren.com\/content\/uploads\/2017\/05\/applications-auto-windshield-safety-films-1024x512.jpg 1024w, https:\/\/cloeren.com\/content\/uploads\/2017\/05\/applications-auto-windshield-safety-films-1200x600.jpg 1200w, https:\/\/cloeren.com\/content\/uploads\/2017\/05\/applications-auto-windshield-safety-films.jpg 1400w\" sizes=\"(max-width: 1400px) 100vw, 1400px\" \/>                                \n                                <div class=\"cl-page-column__content \">\n                                    \n                                    <div class=\"cl-page-column__title\">Automotriz<\/div>\n\n                                <\/div>\n                            <\/a>\n\n                        <\/div>\n                    <\/div>\n                                    <div class=\"fusion-layout-column fusion_builder_column_inner fusion_builder_column_inner_1_3 1_3 fusion-flex-column\" style=\"--awb-bg-size:cover;--awb-width-large:33.333333333333%;--awb-spacing-right-large:15px;--awb-spacing-left-large:15px;--awb-width-medium:50%;--awb-order-medium:0;--awb-spacing-right-medium:15px;--awb-spacing-left-medium:15px;--awb-width-small:100%;--awb-order-small:0;--awb-spacing-right-small:15px;--awb-spacing-left-small:15px;\">\n                        <div class=\"fusion-column-wrapper fusion-column-has-shadow fusion-flex-justify-content-flex-start fusion-content-layout-column\">\n                            <a href=\"https:\/\/cloeren.com\/es\/aplicaciones\/energia\/\" class=\"cl-page-column \" >\n                                                                    <img decoding=\"async\" width=\"1400\" height=\"700\" src=\"https:\/\/cloeren.com\/content\/uploads\/2017\/05\/applications-pv-solar-panels.jpg\" class=\"attachment-post-thumbnail size-post-thumbnail wp-post-image\" alt=\"\" srcset=\"https:\/\/cloeren.com\/content\/uploads\/2017\/05\/applications-pv-solar-panels-200x100.jpg 200w, https:\/\/cloeren.com\/content\/uploads\/2017\/05\/applications-pv-solar-panels-300x150.jpg 300w, https:\/\/cloeren.com\/content\/uploads\/2017\/05\/applications-pv-solar-panels-400x200.jpg 400w, https:\/\/cloeren.com\/content\/uploads\/2017\/05\/applications-pv-solar-panels-600x300.jpg 600w, https:\/\/cloeren.com\/content\/uploads\/2017\/05\/applications-pv-solar-panels-768x384.jpg 768w, https:\/\/cloeren.com\/content\/uploads\/2017\/05\/applications-pv-solar-panels-800x400.jpg 800w, https:\/\/cloeren.com\/content\/uploads\/2017\/05\/applications-pv-solar-panels-1024x512.jpg 1024w, https:\/\/cloeren.com\/content\/uploads\/2017\/05\/applications-pv-solar-panels-1200x600.jpg 1200w, https:\/\/cloeren.com\/content\/uploads\/2017\/05\/applications-pv-solar-panels.jpg 1400w\" sizes=\"(max-width: 1400px) 100vw, 1400px\" \/>                                \n                                <div class=\"cl-page-column__content \">\n                                    \n                                    <div class=\"cl-page-column__title\">Energ\u00eda<\/div>\n\n                                <\/div>\n                            <\/a>\n\n                        <\/div>\n                    <\/div>\n                            <\/div>\n\n<\/div><\/div><\/div><\/div>\n","protected":false},"excerpt":{"rendered":"","protected":false},"author":1,"featured_media":3744,"parent":8950,"menu_order":1,"comment_status":"closed","ping_status":"closed","template":"","meta":{"_acf_changed":false,"footnotes":""},"class_list":["post-8955","page","type-page","status-publish","has-post-thumbnail","hentry"],"acf":[],"_links":{"self":[{"href":"https:\/\/cloeren.com\/es\/wp-json\/wp\/v2\/pages\/8955","targetHints":{"allow":["GET"]}}],"collection":[{"href":"https:\/\/cloeren.com\/es\/wp-json\/wp\/v2\/pages"}],"about":[{"href":"https:\/\/cloeren.com\/es\/wp-json\/wp\/v2\/types\/page"}],"author":[{"embeddable":true,"href":"https:\/\/cloeren.com\/es\/wp-json\/wp\/v2\/users\/1"}],"replies":[{"embeddable":true,"href":"https:\/\/cloeren.com\/es\/wp-json\/wp\/v2\/comments?post=8955"}],"version-history":[{"count":0,"href":"https:\/\/cloeren.com\/es\/wp-json\/wp\/v2\/pages\/8955\/revisions"}],"up":[{"embeddable":true,"href":"https:\/\/cloeren.com\/es\/wp-json\/wp\/v2\/pages\/8950"}],"wp:featuredmedia":[{"embeddable":true,"href":"https:\/\/cloeren.com\/es\/wp-json\/wp\/v2\/media\/3744"}],"wp:attachment":[{"href":"https:\/\/cloeren.com\/es\/wp-json\/wp\/v2\/media?parent=8955"}],"curies":[{"name":"wp","href":"https:\/\/api.w.org\/{rel}","templated":true}]}}