{"id":8939,"date":"2017-01-19T10:26:43","date_gmt":"2017-01-19T16:26:43","guid":{"rendered":"https:\/\/cloeren.com\/aplicaciones\/otras-aplicaciones\/"},"modified":"2022-12-20T14:03:29","modified_gmt":"2022-12-20T20:03:29","slug":"otras-aplicaciones","status":"publish","type":"page","link":"https:\/\/cloeren.com\/es\/aplicaciones\/otras-aplicaciones\/","title":{"rendered":"Otras Aplicaciones"},"content":{"rendered":"<div class=\"fusion-fullwidth fullwidth-box fusion-builder-row-1 fusion-flex-container has-pattern-background has-mask-background nonhundred-percent-fullwidth non-hundred-percent-height-scrolling\" style=\"--awb-border-radius-top-left:0px;--awb-border-radius-top-right:0px;--awb-border-radius-bottom-right:0px;--awb-border-radius-bottom-left:0px;--awb-padding-bottom:30px;--awb-flex-wrap:wrap;\" ><div class=\"fusion-builder-row fusion-row fusion-flex-align-items-flex-start fusion-flex-content-wrap\" style=\"max-width:1456px;margin-left: calc(-4% \/ 2 );margin-right: calc(-4% \/ 2 );\"><div class=\"fusion-layout-column fusion_builder_column fusion-builder-column-0 fusion_builder_column_1_1 1_1 fusion-flex-column\" style=\"--awb-bg-size:cover;--awb-width-large:100%;--awb-margin-top-large:0px;--awb-spacing-right-large:1.92%;--awb-margin-bottom-large:30px;--awb-spacing-left-large:1.92%;--awb-width-medium:100%;--awb-spacing-right-medium:1.92%;--awb-spacing-left-medium:1.92%;--awb-width-small:100%;--awb-spacing-right-small:1.92%;--awb-spacing-left-small:1.92%;\"><div class=\"fusion-column-wrapper fusion-flex-justify-content-flex-start fusion-content-layout-column\"><div class=\"fusion-separator fusion-full-width-sep slider-border\" style=\"align-self: center;margin-left: auto;margin-right: auto;margin-top:30px;margin-bottom:40px;width:100%;\"><div class=\"fusion-separator-border sep-single sep-solid\" style=\"--awb-height:20px;--awb-amount:20px;border-color:#d6d6d7;border-top-width:1px;\"><\/div><\/div><\/div><\/div><div class=\"fusion-layout-column fusion_builder_column fusion-builder-column-1 fusion_builder_column_2_3 2_3 fusion-flex-column\" style=\"--awb-bg-size:cover;--awb-width-large:66.666666666667%;--awb-margin-top-large:0px;--awb-spacing-right-large:2.88%;--awb-margin-bottom-large:30px;--awb-spacing-left-large:2.88%;--awb-width-medium:100%;--awb-spacing-right-medium:1.92%;--awb-spacing-left-medium:1.92%;--awb-width-small:100%;--awb-spacing-right-small:1.92%;--awb-spacing-left-small:1.92%;\"><div class=\"fusion-column-wrapper fusion-flex-justify-content-flex-start fusion-content-layout-column\"><div class=\"fusion-title title fusion-title-1 fusion-sep-none fusion-title-text fusion-title-size-two\" style=\"--awb-margin-bottom:30px;--awb-margin-top-small:0px;--awb-margin-right-small:0px;--awb-margin-bottom-small:20px;--awb-margin-left-small:0px;\"><h2 class=\"fusion-title-heading title-heading-left fusion-responsive-typography-calculated\" style=\"margin:0;--fontSize:26;line-height:1.4;\">Otras Aplicaciones<\/h2><\/div><div class=\"fusion-text fusion-text-1\"><p>A continuaci\u00f3n algunas otras aplicaciones donde se utilizan equipos de Cloeren:<\/p>\n<p><strong>Monitores de TV, monitores de LCD y Pantallas Planas<\/strong> \u2013 Uno de los avances tecnol\u00f3gicos m\u00e1s populares en las \u00faltimas dos d\u00e9cadas no hubiera sido posible sin los equipos de Cloeren. Nuestro proceso especializado de recubrimientos ayuda en la producci\u00f3n de pel\u00edculas que son utilizadas en las pantallas planas, monitores de TV o monitores LCD.<\/p>\n<p><strong>Pel\u00edculas de Protecci\u00f3n<\/strong> \u2013 Probablemente uno de los procesos de calidad \u00f3ptica m\u00e1s cr\u00edticos. Ya sea pel\u00edcula de polipropileno o polietileno, incluyendo adhesivos coextruidos o aplicados por revestimiento, los productos de Cloeren son fundamentales para fabricar estas pel\u00edculas de esta calidad tan critica.<\/p>\n<p><strong>Paredes interiores de Refrigeradores<\/strong> \u2013 La tecnolog\u00eda de Cloeren para cabezales y feedblocks se utiliza para producir l\u00e1minas multi-capa m\u00e1s uniformes y delgadas que son ideales para las paredes interiores de los refrigeradores. La industria de l\u00e1mina requiere de la m\u00e1s amplia selecci\u00f3n de opciones en equipos para poder procesar el extenso rango de pol\u00edmeros, anchos y espesores.<\/p>\n<p><strong>Material Granulado o peletizado<\/strong> \u2013 Nuestros cabezales para producci\u00f3n de espagueti son usados para producir gr\u00e1nulos de resina luego del proceso de polimerizaci\u00f3n. Igualmente se usan para la re-peletizacion del desperdicio producido en l\u00ednea durante el termoformado, el refile, desperdicio post-consumo o desperdicio de materiales no-tejidos.<\/p>\n<p><strong>Cubrimientos Exteriores de Vinilo, Pel\u00edculas para Ventanas Arquitect\u00f3nicas y ba\u00f1eras y cerramientos para ba\u00f1os<\/strong><br \/>\nEl equipo de Cloeren ha sido usado en el desarrollo y producci\u00f3n de materiales de construcci\u00f3n tales como cubrimientos exteriores de vinilo, pel\u00edculas para ventanas tipo arquitect\u00f3nico y cerramientos para ba\u00f1os y ba\u00f1eras. La tecnolog\u00eda de Cloeren ha permitido la fabricaci\u00f3n de l\u00e1minas de multi-capas m\u00e1s delgadas y uniformes.<\/p>\n<p><strong>Carpas o Telas de Protecci\u00f3n<\/strong> \u2013 Los feedblocks y cabezales de Cloeren ayudan en la producci\u00f3n de carpas o telas de protecci\u00f3n adem\u00e1s de otros productos que necesiten recubrimientos por extrusi\u00f3n o laminaciones.<\/p>\n<p><strong>Globos de Mylar<\/strong> \u2013 Los productos y procesos para pel\u00edculas cast de Cloeren ayudan a optimizar la productividad de la l\u00ednea y la calidad del producto.<\/p>\n<p><strong>Bolsas No-Tejidos<\/strong> \u2013 Los cabezales Cloeren junto con cabezales de manifold sencillo o m\u00faltiple participan en la producci\u00f3n de estos productos. El equipo de Cloeren garantiza excelente uniformidad de capas y control de espesores.<\/p>\n<\/div><\/div><\/div><div class=\"fusion-layout-column fusion_builder_column fusion-builder-column-2 fusion_builder_column_1_3 1_3 fusion-flex-column\" style=\"--awb-bg-size:cover;--awb-width-large:33.333333333333%;--awb-margin-top-large:0px;--awb-spacing-right-large:5.76%;--awb-margin-bottom-large:30px;--awb-spacing-left-large:5.76%;--awb-width-medium:100%;--awb-spacing-right-medium:1.92%;--awb-spacing-left-medium:1.92%;--awb-width-small:100%;--awb-spacing-right-small:1.92%;--awb-spacing-left-small:1.92%;\"><div class=\"fusion-column-wrapper fusion-flex-justify-content-flex-start fusion-content-layout-column\"><div class=\"fusion-content-boxes content-boxes columns row fusion-columns-1 fusion-columns-total-2 fusion-content-boxes-1 content-boxes-icon-with-title content-left\" style=\"--awb-margin-bottom:0px;--awb-hover-accent-color:#14213d;--awb-circle-hover-accent-color:#14213d;--awb-item-margin-bottom:40px;\" data-animationOffset=\"top-into-view\"><div style=\"--awb-backgroundcolor:#e8e8e9;\" class=\"fusion-column content-box-column content-box-column content-box-column-1 col-lg-12 col-md-12 col-sm-12 fusion-content-box-hover content-box-column-last-in-row\"><div class=\"col content-box-wrapper content-wrapper-background link-area-link-icon icon-hover-animation-fade\" data-animationOffset=\"top-into-view\"><div class=\"heading icon-left\"><h2 class=\"content-box-heading fusion-responsive-typography-calculated\" style=\"--h2_typography-font-size:26px;--fontSize:26;line-height:1.4;\">Sab\u00edas\u2026<\/h2><\/div><div class=\"fusion-clearfix\"><\/div><div class=\"content-container\">Cloeren utiliza sus propios modelos computacionales de din\u00e1mica de fluidos para modelar y predecir las capacidades de producci\u00f3n y del proceso antes de fabricar el cabezal.<\/div><\/div><\/div><div style=\"--awb-backgroundcolor:#e8e8e9;--awb-iconcolor:#14213d;--awb-circle-hover-accent-color:transparent;\" class=\"fusion-column content-box-column content-box-column content-box-column-2 col-lg-12 col-md-12 col-sm-12 fusion-content-box-hover content-box-column-last content-box-column-last-in-row\"><div class=\"col content-box-wrapper content-wrapper-background link-area-link-icon icon-hover-animation-fade\" data-animationOffset=\"top-into-view\"><div class=\"heading icon-left\"><h2 class=\"content-box-heading fusion-responsive-typography-calculated\" style=\"--h2_typography-font-size:26px;--fontSize:26;line-height:1.4;\">\u00bfTienes una pregunta sobre nuestros aplicaciones?<\/h2><\/div><div class=\"fusion-clearfix\"><\/div><div class=\"content-container\"><div class=\"fusion-text fusion-text-2\"><p>Haga clic para acceder a nuestra p\u00e1gina de contacto donde puede enviarnos un mensaje.<\/p>\n<\/div>\n<div ><a class=\"fusion-button button-flat fusion-button-default-size button-default fusion-button-default button-1 fusion-button-span-yes fusion-button-default-type\" target=\"_self\" href=\"https:\/\/cloeren.com\/es\/contacto\/\"><span class=\"fusion-button-text awb-button__text awb-button__text--default\">Cont\u00e1ctenos<\/span><i class=\" fa fa-comment awb-button__icon awb-button__icon--default button-icon-right\" aria-hidden=\"true\"><\/i><\/a><\/div><\/div><\/div><\/div><div class=\"fusion-clearfix\"><\/div><\/div><\/div><\/div><div class=\"fusion-layout-column fusion_builder_column fusion-builder-column-3 fusion_builder_column_1_1 1_1 fusion-flex-column\" style=\"--awb-bg-size:cover;--awb-width-large:100%;--awb-margin-top-large:0px;--awb-spacing-right-large:1.92%;--awb-margin-bottom-large:30px;--awb-spacing-left-large:1.92%;--awb-width-medium:100%;--awb-spacing-right-medium:1.92%;--awb-spacing-left-medium:1.92%;--awb-width-small:100%;--awb-spacing-right-small:1.92%;--awb-spacing-left-small:1.92%;\"><div class=\"fusion-column-wrapper fusion-flex-justify-content-flex-start fusion-content-layout-column\"><div class=\"fusion-separator fusion-full-width-sep\" style=\"align-self: center;margin-left: auto;margin-right: auto;margin-bottom:60px;width:100%;\"><div class=\"fusion-separator-border sep-single sep-solid\" style=\"--awb-height:20px;--awb-amount:20px;border-color:#d6d6d7;border-top-width:1px;\"><\/div><\/div><div class=\"fusion-title title fusion-title-2 fusion-sep-none fusion-title-text fusion-title-size-two\" style=\"--awb-margin-bottom:30px;--awb-margin-top-small:0px;--awb-margin-right-small:0px;--awb-margin-bottom-small:20px;--awb-margin-left-small:0px;\"><h2 class=\"fusion-title-heading title-heading-left fusion-responsive-typography-calculated\" style=\"margin:0;--fontSize:26;line-height:1.4;\">Productos relacionados<\/h2><\/div>            <div class=\"fusion-builder-row fusion-row fusion-flex-align-items-flex-start\" style=\"width:calc( 100% + 30px ) !important;max-width:calc( 100% + 30px ) !important;margin-left: calc(-30px \/ 2 );margin-right: calc(-30px \/ 2 );\">\n                                    <div class=\"fusion-layout-column fusion_builder_column_inner fusion_builder_column_inner_1_3 1_3 fusion-flex-column\" style=\"--awb-bg-size:cover;--awb-width-large:33.333333333333%;--awb-spacing-right-large:15px;--awb-spacing-left-large:15px;--awb-width-medium:50%;--awb-order-medium:0;--awb-spacing-right-medium:15px;--awb-spacing-left-medium:15px;--awb-width-small:100%;--awb-order-small:0;--awb-spacing-right-small:15px;--awb-spacing-left-small:15px;\">\n                        <div class=\"fusion-column-wrapper fusion-column-has-shadow fusion-flex-justify-content-flex-start fusion-content-layout-column\">\n                            <a href=\"https:\/\/cloeren.com\/es\/cabezales-de-extrusion\/cabezal-re%c6%92lex\/\" class=\"cl-page-column is-gray\" >\n                                                                    <img decoding=\"async\" width=\"1000\" height=\"1000\" src=\"https:\/\/cloeren.com\/content\/uploads\/2019\/08\/product__reflex.jpg\" class=\"attachment-post-thumbnail size-post-thumbnail wp-post-image\" alt=\"\" srcset=\"https:\/\/cloeren.com\/content\/uploads\/2019\/08\/product__reflex-66x66.jpg 66w, https:\/\/cloeren.com\/content\/uploads\/2019\/08\/product__reflex-150x150.jpg 150w, https:\/\/cloeren.com\/content\/uploads\/2019\/08\/product__reflex-200x200.jpg 200w, https:\/\/cloeren.com\/content\/uploads\/2019\/08\/product__reflex-300x300.jpg 300w, https:\/\/cloeren.com\/content\/uploads\/2019\/08\/product__reflex-400x400.jpg 400w, https:\/\/cloeren.com\/content\/uploads\/2019\/08\/product__reflex-600x600.jpg 600w, https:\/\/cloeren.com\/content\/uploads\/2019\/08\/product__reflex-768x768.jpg 768w, https:\/\/cloeren.com\/content\/uploads\/2019\/08\/product__reflex-800x800.jpg 800w, https:\/\/cloeren.com\/content\/uploads\/2019\/08\/product__reflex.jpg 1000w\" sizes=\"(max-width: 1000px) 100vw, 1000px\" \/>                                \n                                <div class=\"cl-page-column__content has-subtitle\">\n                                                                            <div class=\"cl-page-column__title\">Aplicaciones<\/div>\n                                    \n                                    <div class=\"cl-page-column__subtitle\">Cabezal Re\u0192lex\u2122<\/div>\n\n                                <\/div>\n                            <\/a>\n\n                        <\/div>\n                    <\/div>\n                                    <div class=\"fusion-layout-column fusion_builder_column_inner fusion_builder_column_inner_1_3 1_3 fusion-flex-column\" style=\"--awb-bg-size:cover;--awb-width-large:33.333333333333%;--awb-spacing-right-large:15px;--awb-spacing-left-large:15px;--awb-width-medium:50%;--awb-order-medium:0;--awb-spacing-right-medium:15px;--awb-spacing-left-medium:15px;--awb-width-small:100%;--awb-order-small:0;--awb-spacing-right-small:15px;--awb-spacing-left-small:15px;\">\n                        <div class=\"fusion-column-wrapper fusion-column-has-shadow fusion-flex-justify-content-flex-start fusion-content-layout-column\">\n                            <a href=\"https:\/\/cloeren.com\/es\/cabezales-de-extrusion\/cabezales-multi%e2%88%92manifold\/\" class=\"cl-page-column is-gray\" >\n                                                                    <img decoding=\"async\" width=\"1000\" height=\"1000\" src=\"https:\/\/cloeren.com\/content\/uploads\/2017\/02\/product__multi-manifold-dies.jpg\" class=\"attachment-post-thumbnail size-post-thumbnail wp-post-image\" alt=\"\" srcset=\"https:\/\/cloeren.com\/content\/uploads\/2017\/02\/product__multi-manifold-dies-66x66.jpg 66w, https:\/\/cloeren.com\/content\/uploads\/2017\/02\/product__multi-manifold-dies-150x150.jpg 150w, https:\/\/cloeren.com\/content\/uploads\/2017\/02\/product__multi-manifold-dies-200x200.jpg 200w, https:\/\/cloeren.com\/content\/uploads\/2017\/02\/product__multi-manifold-dies-300x300.jpg 300w, https:\/\/cloeren.com\/content\/uploads\/2017\/02\/product__multi-manifold-dies-400x400.jpg 400w, https:\/\/cloeren.com\/content\/uploads\/2017\/02\/product__multi-manifold-dies-600x600.jpg 600w, https:\/\/cloeren.com\/content\/uploads\/2017\/02\/product__multi-manifold-dies-768x768.jpg 768w, https:\/\/cloeren.com\/content\/uploads\/2017\/02\/product__multi-manifold-dies-800x800.jpg 800w, https:\/\/cloeren.com\/content\/uploads\/2017\/02\/product__multi-manifold-dies.jpg 1000w\" sizes=\"(max-width: 1000px) 100vw, 1000px\" \/>                                \n                                <div class=\"cl-page-column__content has-subtitle\">\n                                                                            <div class=\"cl-page-column__title\">Aplicaciones<\/div>\n                                    \n                                    <div class=\"cl-page-column__subtitle\">Cabezales Multi\u2212Manifold<\/div>\n\n                                <\/div>\n                            <\/a>\n\n                        <\/div>\n                    <\/div>\n                            <\/div>\n\n<\/div><\/div><\/div><\/div>\n","protected":false},"excerpt":{"rendered":"","protected":false},"author":1,"featured_media":3964,"parent":8841,"menu_order":9,"comment_status":"closed","ping_status":"closed","template":"","meta":{"_acf_changed":false,"footnotes":""},"class_list":["post-8939","page","type-page","status-publish","has-post-thumbnail","hentry"],"acf":[],"_links":{"self":[{"href":"https:\/\/cloeren.com\/es\/wp-json\/wp\/v2\/pages\/8939","targetHints":{"allow":["GET"]}}],"collection":[{"href":"https:\/\/cloeren.com\/es\/wp-json\/wp\/v2\/pages"}],"about":[{"href":"https:\/\/cloeren.com\/es\/wp-json\/wp\/v2\/types\/page"}],"author":[{"embeddable":true,"href":"https:\/\/cloeren.com\/es\/wp-json\/wp\/v2\/users\/1"}],"replies":[{"embeddable":true,"href":"https:\/\/cloeren.com\/es\/wp-json\/wp\/v2\/comments?post=8939"}],"version-history":[{"count":3,"href":"https:\/\/cloeren.com\/es\/wp-json\/wp\/v2\/pages\/8939\/revisions"}],"predecessor-version":[{"id":19593,"href":"https:\/\/cloeren.com\/es\/wp-json\/wp\/v2\/pages\/8939\/revisions\/19593"}],"up":[{"embeddable":true,"href":"https:\/\/cloeren.com\/es\/wp-json\/wp\/v2\/pages\/8841"}],"wp:featuredmedia":[{"embeddable":true,"href":"https:\/\/cloeren.com\/es\/wp-json\/wp\/v2\/media\/3964"}],"wp:attachment":[{"href":"https:\/\/cloeren.com\/es\/wp-json\/wp\/v2\/media?parent=8939"}],"curies":[{"name":"wp","href":"https:\/\/api.w.org\/{rel}","templated":true}]}}