{"id":8820,"date":"2017-01-19T10:35:17","date_gmt":"2017-01-19T16:35:17","guid":{"rendered":"https:\/\/cloeren.com\/feedblocks-de-extrusion\/opciones-para-feedblock\/"},"modified":"2021-01-22T12:52:02","modified_gmt":"2021-01-22T18:52:02","slug":"opciones-para-feedblock","status":"publish","type":"page","link":"https:\/\/cloeren.com\/es\/feedblocks-de-extrusion\/opciones-para-feedblock\/","title":{"rendered":"Opciones para Feedblock"},"content":{"rendered":"<div class=\"fusion-fullwidth fullwidth-box fusion-builder-row-1 fusion-flex-container nonhundred-percent-fullwidth non-hundred-percent-height-scrolling\" style=\"--awb-border-radius-top-left:0px;--awb-border-radius-top-right:0px;--awb-border-radius-bottom-right:0px;--awb-border-radius-bottom-left:0px;--awb-padding-right:0px;--awb-padding-bottom:30px;--awb-padding-left:0px;--awb-flex-wrap:wrap;\" ><div class=\"fusion-builder-row fusion-row fusion-flex-align-items-flex-start fusion-flex-content-wrap\" style=\"max-width:1456px;margin-left: calc(-4% \/ 2 );margin-right: calc(-4% \/ 2 );\"><div class=\"fusion-layout-column fusion_builder_column fusion-builder-column-0 fusion_builder_column_1_1 1_1 fusion-flex-column\" style=\"--awb-bg-size:cover;--awb-width-large:100%;--awb-margin-top-large:0px;--awb-spacing-right-large:1.92%;--awb-margin-bottom-large:30px;--awb-spacing-left-large:1.92%;--awb-width-medium:100%;--awb-order-medium:0;--awb-spacing-right-medium:1.92%;--awb-spacing-left-medium:1.92%;--awb-width-small:100%;--awb-order-small:0;--awb-spacing-right-small:1.92%;--awb-spacing-left-small:1.92%;\"><div class=\"fusion-column-wrapper fusion-column-has-shadow fusion-flex-justify-content-flex-start fusion-content-layout-column\"><div class=\"fusion-separator fusion-full-width-sep\" style=\"align-self: center;margin-left: auto;margin-right: auto;margin-bottom:40px;width:100%;\"><div class=\"fusion-separator-border sep-single\" style=\"--awb-height:20px;--awb-amount:20px;border-color:#d6d6d7;border-top-width:1px;\"><\/div><\/div><\/div><\/div><div class=\"fusion-layout-column fusion_builder_column fusion-builder-column-1 fusion_builder_column_2_3 2_3 fusion-flex-column\" style=\"--awb-bg-size:cover;--awb-width-large:66.666666666667%;--awb-margin-top-large:0px;--awb-spacing-right-large:2.88%;--awb-margin-bottom-large:30px;--awb-spacing-left-large:2.88%;--awb-width-medium:100%;--awb-spacing-right-medium:1.92%;--awb-spacing-left-medium:1.92%;--awb-width-small:100%;--awb-spacing-right-small:1.92%;--awb-spacing-left-small:1.92%;\"><div class=\"fusion-column-wrapper fusion-flex-justify-content-flex-start fusion-content-layout-column\"><div class=\"fusion-title title fusion-title-1 fusion-sep-none fusion-title-text fusion-title-size-two\" style=\"--awb-margin-bottom:30px;--awb-margin-top-small:0px;--awb-margin-right-small:0px;--awb-margin-bottom-small:20px;--awb-margin-left-small:0px;\"><h2 class=\"fusion-title-heading title-heading-left fusion-responsive-typography-calculated\" style=\"margin:0;--fontSize:26;line-height:1.4;\">Opciones para Feedblock<\/h2><\/div><div class=\"fusion-text fusion-text-1\"><p>Para suplementar nuestra tecnolog\u00eda de Feedblocks, que ha sido ganadora de numerosos premios, Cloeren ofrece opciones que incrementan la eficiencia, aumentan la facilidad de utilizaci\u00f3n y minimiza el tiempo improductivo durante los cambios de secuencia de capas. <\/p>\n<p><strong>Unidad SelectorPlug\u2122<\/strong><br \/>\nEl SelectorPlug\u2122 es una unidad intercambiable localizada en la zona anterior a la secci\u00f3n donde se combinan los pol\u00edmeros.  Esto permite que el operario pueda cambiar r\u00e1pidamente la estructura de capas sin tener que desensamblar completamente el  feedblock.  Simplemente cambiando la unidad SelectorPlug\u2122 por otra con una configuraci\u00f3n de canales diferentes, la secuencia de capas del producto puede ser cambiada en menos de 30 minutos. <\/p>\n<p><strong>TopHat\u2122<\/strong><br \/>\nEl dise\u00f1o patentado TopHat\u2122 junto con el SelectorPlug\u2122, ofrece una forma f\u00e1cil de alterar la secuencia de capas en la estructura.  Permite un cambio en el \u00e1rea superior sin necesidad de desensamblar el feedblock o los adaptadores que entregan el material fundido. Este dise\u00f1o est\u00e1 disponible para uso en diversas aplicaciones y es m\u00e1s apropiado para aplicaciones utilizando resinas con muy bajas viscosidades o en estructuras donde se incorporan resinas con viscosidades muy diferentes.  <\/p>\n<p><strong>Aletas Movibles<\/strong><br \/>\nEl dise\u00f1o patentado de aletas movibles de Cloeren permite un ajuste simple y externo de los esfuerzos de corte.  Esta caracter\u00edstica permite al usuario compensar por los cambios en la estructura de capas para mantener unas caracter\u00edsticas \u00f3ptimas de flujo en el proceso.  <\/p>\n<p><strong>Pines de Distribuci\u00f3n<\/strong><br \/>\nLos pines de distribuci\u00f3n de Cloeren ajustables externamente pueden ser dise\u00f1ados con un perfil particular para cada pol\u00edmero que se utilizara. Estos pines permiten la compensaci\u00f3n en el punto de convergencia de las capas de pol\u00edmero cuando se tienen diferentes caracter\u00edsticas visco-el\u00e1sticas. Estos dispositivos permiten hacer un ajuste fino de la uniformidad de capas individuales para obtener una calidad de producto \u00f3ptima y reducir.<\/p>\n<\/div><\/div><\/div><div class=\"fusion-layout-column fusion_builder_column fusion-builder-column-2 fusion_builder_column_1_3 1_3 fusion-flex-column\" style=\"--awb-bg-size:cover;--awb-width-large:33.333333333333%;--awb-margin-top-large:0px;--awb-spacing-right-large:5.76%;--awb-margin-bottom-large:30px;--awb-spacing-left-large:5.76%;--awb-width-medium:100%;--awb-spacing-right-medium:1.92%;--awb-spacing-left-medium:1.92%;--awb-width-small:100%;--awb-spacing-right-small:1.92%;--awb-spacing-left-small:1.92%;\"><div class=\"fusion-column-wrapper fusion-flex-justify-content-flex-start fusion-content-layout-column\"><div class=\"fusion-content-boxes content-boxes columns row fusion-columns-1 fusion-columns-total-2 fusion-content-boxes-1 content-boxes-icon-with-title content-left\" style=\"--awb-margin-bottom:0px;--awb-hover-accent-color:#14213d;--awb-circle-hover-accent-color:#14213d;--awb-item-margin-bottom:40px;\" data-animationOffset=\"top-into-view\"><div style=\"--awb-backgroundcolor:#e8e8e9;\" class=\"fusion-column content-box-column content-box-column content-box-column-1 col-lg-12 col-md-12 col-sm-12 fusion-content-box-hover content-box-column-last-in-row\"><div class=\"col content-box-wrapper content-wrapper-background link-area-link-icon icon-hover-animation-fade\" data-animationOffset=\"top-into-view\"><div class=\"heading icon-left\"><h2 class=\"content-box-heading fusion-responsive-typography-calculated\" style=\"--h2_typography-font-size:26px;--fontSize:26;line-height:1.4;\">Sab\u00edas\u2026<\/h2><\/div><div class=\"fusion-clearfix\"><\/div><div class=\"content-container\">Los clientes de Cloeren han reportado que pueden producir con estos equipos hasta 10 productos coextruidos diferentes durante un turno de 12 horas.<\/div><\/div><\/div><div style=\"--awb-backgroundcolor:#e8e8e9;--awb-iconcolor:#14213d;--awb-circle-hover-accent-color:transparent;\" class=\"fusion-column content-box-column content-box-column content-box-column-2 col-lg-12 col-md-12 col-sm-12 fusion-content-box-hover content-box-column-last content-box-column-last-in-row\"><div class=\"col content-box-wrapper content-wrapper-background link-area-link-icon icon-hover-animation-fade\" data-animationOffset=\"top-into-view\"><div class=\"heading icon-left\"><h2 class=\"content-box-heading fusion-responsive-typography-calculated\" style=\"--h2_typography-font-size:26px;--fontSize:26;line-height:1.4;\">\u00bfTiene una pregunta sobre nuestros feedblocks de extrusi\u00f3n?<\/h2><\/div><div class=\"fusion-clearfix\"><\/div><div class=\"content-container\"><div class=\"fusion-text fusion-text-2\"><p>Haga clic para acceder a nuestra p\u00e1gina de contacto donde puede enviarnos un mensaje.<\/p>\n<\/div>\n<div ><a class=\"fusion-button button-flat fusion-button-default-size button-default fusion-button-default button-1 fusion-button-span-yes fusion-button-default-type\" target=\"_self\" href=\"https:\/\/cloeren.com\/es\/contacto\/\"><span class=\"fusion-button-text awb-button__text awb-button__text--default\">Cont\u00e1ctenos<\/span><i class=\" fa fa-comment awb-button__icon awb-button__icon--default button-icon-right\" aria-hidden=\"true\"><\/i><\/a><\/div><\/div><\/div><\/div><div class=\"fusion-clearfix\"><\/div><\/div><\/div><\/div><\/div><\/div>\n","protected":false},"excerpt":{"rendered":"","protected":false},"author":1,"featured_media":3759,"parent":8782,"menu_order":4,"comment_status":"closed","ping_status":"closed","template":"","meta":{"_acf_changed":false,"footnotes":""},"class_list":["post-8820","page","type-page","status-publish","has-post-thumbnail","hentry"],"acf":[],"_links":{"self":[{"href":"https:\/\/cloeren.com\/es\/wp-json\/wp\/v2\/pages\/8820","targetHints":{"allow":["GET"]}}],"collection":[{"href":"https:\/\/cloeren.com\/es\/wp-json\/wp\/v2\/pages"}],"about":[{"href":"https:\/\/cloeren.com\/es\/wp-json\/wp\/v2\/types\/page"}],"author":[{"embeddable":true,"href":"https:\/\/cloeren.com\/es\/wp-json\/wp\/v2\/users\/1"}],"replies":[{"embeddable":true,"href":"https:\/\/cloeren.com\/es\/wp-json\/wp\/v2\/comments?post=8820"}],"version-history":[{"count":0,"href":"https:\/\/cloeren.com\/es\/wp-json\/wp\/v2\/pages\/8820\/revisions"}],"up":[{"embeddable":true,"href":"https:\/\/cloeren.com\/es\/wp-json\/wp\/v2\/pages\/8782"}],"wp:featuredmedia":[{"embeddable":true,"href":"https:\/\/cloeren.com\/es\/wp-json\/wp\/v2\/media\/3759"}],"wp:attachment":[{"href":"https:\/\/cloeren.com\/es\/wp-json\/wp\/v2\/media?parent=8820"}],"curies":[{"name":"wp","href":"https:\/\/api.w.org\/{rel}","templated":true}]}}