{"id":14248,"date":"2018-06-18T15:17:13","date_gmt":"2018-06-18T20:17:13","guid":{"rendered":"https:\/\/cloeren.com\/terms-and-conditions\/"},"modified":"2023-07-17T13:05:37","modified_gmt":"2023-07-17T18:05:37","slug":"terms-and-conditions-of-use","status":"publish","type":"page","link":"https:\/\/cloeren.com\/es\/terms-and-conditions-of-use\/","title":{"rendered":"T\u00e9rminos y condiciones de uso"},"content":{"rendered":"<div class=\"fusion-fullwidth fullwidth-box fusion-builder-row-1 fusion-flex-container has-pattern-background has-mask-background nonhundred-percent-fullwidth non-hundred-percent-height-scrolling\" style=\"--awb-border-radius-top-left:0px;--awb-border-radius-top-right:0px;--awb-border-radius-bottom-right:0px;--awb-border-radius-bottom-left:0px;--awb-flex-wrap:wrap;\" ><div class=\"fusion-builder-row fusion-row fusion-flex-align-items-flex-start fusion-flex-content-wrap\" style=\"max-width:1456px;margin-left: calc(-4% \/ 2 );margin-right: calc(-4% \/ 2 );\"><div class=\"fusion-layout-column fusion_builder_column fusion-builder-column-0 fusion_builder_column_1_1 1_1 fusion-flex-column\" style=\"--awb-bg-size:cover;--awb-width-large:100%;--awb-margin-top-large:0px;--awb-spacing-right-large:1.92%;--awb-margin-bottom-large:0px;--awb-spacing-left-large:1.92%;--awb-width-medium:100%;--awb-spacing-right-medium:1.92%;--awb-spacing-left-medium:1.92%;--awb-width-small:100%;--awb-spacing-right-small:1.92%;--awb-spacing-left-small:1.92%;\"><div class=\"fusion-column-wrapper fusion-flex-justify-content-flex-start fusion-content-layout-column\"><div class=\"fusion-text fusion-text-1\"><p><strong>Cloeren Patentes estadounidenses e internacionales<\/strong><br \/>\nLos productos, servicios y procesos descritos en este documento pueden ser divulgados por una o m\u00e1s de las siguientes patentes de cartas de EE. UU. y contrapartes internacionales de las mismas; 6,905,324, 6,398,535, 6,287,105, 6,017,207, 5,888,556, 5,679,387, 5,582,850, 5,516,474, 5,505,609, 5,451,357, 5,423,668, 5,259,747, 5,256,052, 5,234,649, 5,208,047, 5,147,195, 5,120,484, 5,066,443, 5,020,984, 4,839,131, 4,789,513, 4,784,815, 4,780,258, 4,619,802, 4,600,550, 4,533,308, 4,197,069, 4,152,387. Cartas adicionales Las patentes pendientes pueden aplicar.<\/p>\n<p><strong>Marcas comerciales de Cloeren<\/strong><br \/>\nemo\u2122, Reflex\u2122, Vane\u2122 Feedblock and Die, VG, FG\u2122 Selector Plug\u2122, Epoch\u2122 Die, AutoGauge\u2122, QuickGap\u2122, Masterflex\u2122, MasterCoat\u2122, NanoLayer Films, NanoLayer\u2122\u2122 Feedblock, InfiNano\u2122 Feedblock, TopHat\u2122, EBR\u2122, IDS, EDS\u2122\u2122, PowerWedge\u2122, ClipEdge\u2122 moebius-manifold\u2122 y Heritage of Performance\u2122 son marcas comerciales de Cloeren Incorporated, Orange, Texas U.S.A.,\u2122 todos los derechos reservados.<\/p>\n<p><strong>T\u00e9rminos y condiciones de uso<\/strong><br \/>\nESTE SITIO WEB ES PROPORCIONADO POR CLOEREN INCORPORATED (\u00abCLOEREN\u00bb) Y SU USO DE ESTE SITIO EST\u00c1 SUJETO AL CUMPLIMIENTO DE LOS T\u00c9RMINOS Y CONDICIONES ESTABLECIDOS EN ESTE DOCUMENTO. POR FAVOR, LEA ATENTAMENTE LA SIGUIENTE INFORMACI\u00d3N. SU USO CONTINUADO DE ESTE SITIO INDICAR\u00c1 SU ACEPTACI\u00d3N DE ESTAR SUJETO A LOS T\u00c9RMINOS Y CONDICIONES ESTABLECIDOS A CONTINUACI\u00d3N. SI NO ACEPTA ESTAR SUJETO A ESTOS T\u00c9RMINOS Y CONDICIONES, SALGA INMEDIATAMENTE DE ESTE SITIO.<\/p>\n<p><strong>1. Restricciones de uso<\/strong><br \/>\nTodas las p\u00e1ginas y el material contenido en o dentro de este Sitio, incluidos, entre otros, todo el c\u00f3digo HTML, informaci\u00f3n, im\u00e1genes, representaciones, dibujos y similares, son propiedad de Cloeren y \/ o sus subsidiarias y afiliadas y est\u00e1n protegidos por las leyes de derechos de autor y marcas registradas de los Estados Unidos e internacionales. Ning\u00fan material en este Sitio, ni ninguna parte del mismo, puede ser copiado, distribuido, transmitido, exhibido, reproducido, publicado, modificado o transferido, sin el consentimiento expreso previo por escrito de Cloeren. Cualquier uso no autorizado de cualquier material en este Sitio puede violar las leyes de derechos de autor, las leyes de marcas registradas y \/ u otras regulaciones y estatutos de comunicaciones. En el caso de que se le permita descargar material de este Sitio, usted acepta que mantendr\u00e1 intactos todos y cada uno de los avisos de propiedad, incluidos los avisos de derechos de autor, contenidos en dichos materiales descargados y cumplir\u00e1 con todas las leyes aplicables y \/ u otras regulaciones. Cualquier derecho no otorgado expresamente por estos T\u00e9rminos y Condiciones u otro acuerdo escrito con Cloeren, est\u00e1 reservado por Cloeren.<\/p>\n<p><strong>2. Aviso de marca comercial<\/strong><br \/>\nLas marcas comerciales, logotipos y marcas de servicio (colectivamente, las \u00abMarcas comerciales\u00bb) que se muestran en este Sitio son marcas comerciales de Cloeren y\/o sus subsidiarias y afiliadas, son propiedad de Cloeren y son propiedad de Cloeren. Nada de lo contenido en este documento debe interpretarse como una concesi\u00f3n de licencia o derecho de uso de las Marcas comerciales que se muestran en este Sitio sin el consentimiento expreso previo por escrito de Cloeren. El uso no autorizado de las Marcas comerciales est\u00e1 estrictamente prohibido y dicho uso no autorizado podr\u00eda constituir una infracci\u00f3n de marca registrada que podr\u00eda someterlo a sanciones civiles y \/ o penales sustanciales.<\/p>\n<p><strong>3. Renuncia de garant\u00eda<\/strong><br \/>\nESTE SITIO, INCLUIDO CUALQUIER CONTENIDO O INFORMACI\u00d3N CONTENIDA EN \u00c9L O CUALQUIER SERVICIO RELACIONADO CON EL SITIO, SE PROPORCIONA \u00abTAL CUAL\u00bb, SIN REPRESENTACIONES NI GARANT\u00cdAS DE NING\u00daN TIPO, YA SEAN EXPRESAS O IMPL\u00cdCITAS, INCLUIDAS, ENTRE OTRAS, LAS GARANT\u00cdAS IMPL\u00cdCITAS DE COMERCIABILIDAD E IDONEIDAD PARA UN PROP\u00d3SITO PARTICULAR. USTED ASUME TOTAL RESPONSABILIDAD Y RIESGO POR SU USO DE ESTE SITIO, LOS SERVICIOS RELACIONADOS CON EL SITIO Y LOS SITIOS WEB CON HIPERV\u00cdNCULOS, SI LOS HUBIERA.<\/p>\n<p>CLOEREN, SUS SUBSIDIARIAS Y\/O AFILIADAS NO SON RESPONSABLES DE NING\u00daN DA\u00d1O DIRECTO, INDIRECTO, INCIDENTAL, CONSECUENTE, ESPECIAL, EJEMPLAR, PUNITIVO O DE CUALQUIER OTRO TIPO QUE SURJA O SE RELACIONE DE ALGUNA MANERA CON EL SITIO, LOS SERVICIOS RELACIONADOS CON EL SITIO, EL CONTENIDO O LA INFORMACI\u00d3N CONTENIDA EN EL SITIO O SU USO DEL MISMO, Y\/O CUALQUIER SITIO WEB HIPERVINCULADO. SU \u00daNICO RECURSO PARA LA INSATISFACCI\u00d3N CON EL SITIO, LOS SERVICIOS RELACIONADOS CON EL SITIO Y \/ O LOS SITIOS WEB HIPERVINCULADOS ES DEJAR DE USAR EL SITIO Y \/ O ESOS SERVICIOS.<\/p>\n<p>Aunque Cloeren intenta garantizar la integridad y exactitud del Sitio, no garantiza la integridad o exactitud del Sitio y Cloeren no garantiza que el uso de este Sitio sea ininterrumpido, estable o adecuado para todos los usuarios. Es posible que el Sitio incluya inexactitudes o errores, y que terceros puedan realizar adiciones, eliminaciones y alteraciones no autorizadas en el Sitio. En caso de que surja una inexactitud, informe a Cloeren para que pueda ser corregida. La informaci\u00f3n contenida en el Sitio puede ser cambiada o actualizada sin previo aviso.<\/p>\n<p><strong>4. Comunicaciones<\/strong><br \/>\nCualquier comunicaci\u00f3n o material que transmita a Cloeren utilizando este Sitio o por correo electr\u00f3nico a cualquier direcci\u00f3n que figure en este Sitio, incluidos, entre otros, datos, preguntas, comentarios, solicitudes de informaci\u00f3n o similares, es y ser\u00e1 tratado como no confidencial y no propietario, pasar\u00e1 a ser propiedad de Cloeren y\/o sus subsidiarias y afiliadas,  y puede ser utilizado por Cloeren para cualquier prop\u00f3sito.<\/p>\n<p><strong>5. Enlaces o punteros a otros sitios<\/strong><br \/>\nCloeren no hace ninguna representaci\u00f3n sobre ning\u00fan otro sitio web al que pueda acceder a trav\u00e9s de este sitio, si corresponde. Cuando acceda a un sitio web que no sea de Cloeren, comprenda que es independiente de Cloeren y que Cloeren no tiene control sobre el contenido de ese sitio web. Adem\u00e1s, un hiperv\u00ednculo a un sitio web que no sea de Cloeren no significa que Cloeren respalde o acepte ninguna responsabilidad por el contenido o el uso del sitio vinculado. Depende de usted tomar precauciones para asegurarse de que lo que seleccione para su uso o descarga est\u00e9 libre de elementos como virus, gusanos, troyanos y \/ o cualquier otro elemento de naturaleza destructiva.<\/p>\n<p><strong>6. Elecci\u00f3n de ley y jurisdicci\u00f3n<\/strong><br \/>\nEste Sitio es controlado y operado por Cloeren desde sus oficinas principales en el Estado de Texas y no tiene la intenci\u00f3n de someter a Cloeren a las leyes de ning\u00fan estado, pa\u00eds o territorio que no sea el Estado de Texas y los Estados Unidos de Am\u00e9rica. Estos T\u00e9rminos y Condiciones se regir\u00e1n e interpretar\u00e1n de acuerdo con las leyes del Estado de Texas, sin dar efecto a las reglas de elecci\u00f3n de ley. Usted acepta que cualquier acci\u00f3n legal o de equidad que surja de o est\u00e9 relacionada con estos T\u00e9rminos y Condiciones o su uso de este Sitio, se presentar\u00e1 solo en los tribunales estatales ubicados en el Condado de Orange, Texas y ning\u00fan otro, y por la presente acepta someterse a la jurisdicci\u00f3n personal exclusiva y al lugar de dichos tribunales y por la presente renuncia a cualquier jurisdicci\u00f3n,  lugar, u objeciones de foro inconvenientes a dichos tribunales. En el caso de que un tribunal u otro tribunal de jurisdicci\u00f3n competente considere que alguno de los T\u00e9rminos y Condiciones contenidos en este documento es inaplicable, esas disposiciones se limitar\u00e1n o eliminar\u00e1n en la medida m\u00ednima necesaria para que estos T\u00e9rminos y Condiciones permanezcan en pleno vigor y efecto.<\/p>\n<p><strong>7. Acuerdo completo<\/strong><br \/>\nEstos T\u00e9rminos y condiciones constituyen el acuerdo completo y el entendimiento entre usted y Cloeren con respecto al uso de este Sitio y reemplazan todas y cada una de las comunicaciones anteriores o contempor\u00e1neas. Cloeren se reserva el derecho de realizar cambios, adiciones, eliminaciones y\/o modificaciones a estos T\u00e9rminos y Condiciones en cualquier momento sin previo aviso y sin ninguna responsabilidad hacia usted mediante la publicaci\u00f3n de los T\u00e9rminos y Condiciones revisados en este Sitio. Al continuar utilizando este Sitio despu\u00e9s de la publicaci\u00f3n de dichos cambios, adiciones, eliminaciones y \/ o modificaciones, usted acepta estar sujeto a todos dichos cambios, adiciones, eliminaciones y \/ o modificaciones. Una versi\u00f3n impresa de estos T\u00e9rminos y Condiciones ser\u00e1 admisible en cualquier procedimiento judicial o administrativo basado en o relacionado con el uso de este Sitio en la misma medida, y sujeto a las mismas condiciones, que otros documentos y registros comerciales generados originalmente en forma impresa.<\/p>\n<p><strong>8. Ning\u00fan prop\u00f3sito ilegal o prohibido<\/strong><br \/>\nComo condici\u00f3n de su uso de este Sitio, usted declara y garantiza a Cloeren que no utilizar\u00e1 el Sitio para ning\u00fan prop\u00f3sito que sea ilegal o prohibido por estos T\u00e9rminos y Condiciones.<\/p>\n<\/div><\/div><\/div><\/div><\/div>\n","protected":false},"excerpt":{"rendered":"","protected":false},"author":1,"featured_media":0,"parent":0,"menu_order":0,"comment_status":"closed","ping_status":"closed","template":"","meta":{"_acf_changed":false,"footnotes":""},"class_list":["post-14248","page","type-page","status-publish","hentry"],"acf":[],"_links":{"self":[{"href":"https:\/\/cloeren.com\/es\/wp-json\/wp\/v2\/pages\/14248","targetHints":{"allow":["GET"]}}],"collection":[{"href":"https:\/\/cloeren.com\/es\/wp-json\/wp\/v2\/pages"}],"about":[{"href":"https:\/\/cloeren.com\/es\/wp-json\/wp\/v2\/types\/page"}],"author":[{"embeddable":true,"href":"https:\/\/cloeren.com\/es\/wp-json\/wp\/v2\/users\/1"}],"replies":[{"embeddable":true,"href":"https:\/\/cloeren.com\/es\/wp-json\/wp\/v2\/comments?post=14248"}],"version-history":[{"count":3,"href":"https:\/\/cloeren.com\/es\/wp-json\/wp\/v2\/pages\/14248\/revisions"}],"predecessor-version":[{"id":21195,"href":"https:\/\/cloeren.com\/es\/wp-json\/wp\/v2\/pages\/14248\/revisions\/21195"}],"wp:attachment":[{"href":"https:\/\/cloeren.com\/es\/wp-json\/wp\/v2\/media?parent=14248"}],"curies":[{"name":"wp","href":"https:\/\/api.w.org\/{rel}","templated":true}]}}