{"id":6480,"date":"2017-02-02T12:50:20","date_gmt":"2017-02-02T18:50:20","guid":{"rendered":"https:\/\/cloeren.com\/uber-cloeren\/geschichte\/"},"modified":"2024-06-11T13:14:25","modified_gmt":"2024-06-11T18:14:25","slug":"geschichte","status":"publish","type":"page","link":"https:\/\/cloeren.com\/de\/uber-cloeren\/geschichte\/","title":{"rendered":"Geschichte"},"content":{"rendered":"<p><div class=\"fusion-fullwidth fullwidth-box fusion-builder-row-1 fusion-flex-container has-pattern-background has-mask-background nonhundred-percent-fullwidth non-hundred-percent-height-scrolling\" style=\"--awb-border-radius-top-left:0px;--awb-border-radius-top-right:0px;--awb-border-radius-bottom-right:0px;--awb-border-radius-bottom-left:0px;--awb-padding-top:60px;--awb-padding-bottom:40px;--awb-margin-top:0px;--awb-margin-bottom:0px;--awb-background-color:#ffffff;--awb-flex-wrap:wrap;\" ><div class=\"fusion-builder-row fusion-row fusion-flex-align-items-flex-start fusion-flex-content-wrap\" style=\"max-width:1456px;margin-left: calc(-4% \/ 2 );margin-right: calc(-4% \/ 2 );\"><div class=\"fusion-layout-column fusion_builder_column fusion-builder-column-0 fusion_builder_column_1_1 1_1 fusion-flex-column\" style=\"--awb-bg-size:cover;--awb-width-large:100%;--awb-margin-top-large:0px;--awb-spacing-right-large:1.92%;--awb-margin-bottom-large:0px;--awb-spacing-left-large:1.92%;--awb-width-medium:100%;--awb-spacing-right-medium:1.92%;--awb-spacing-left-medium:1.92%;--awb-width-small:100%;--awb-spacing-right-small:1.92%;--awb-spacing-left-small:1.92%;\"><div class=\"fusion-column-wrapper fusion-flex-justify-content-center fusion-content-layout-column\"><div class=\"fusion-title title fusion-title-1 fusion-sep-none fusion-title-text fusion-title-size-two title-large\" style=\"--awb-margin-top-small:0px;--awb-margin-right-small:0px;--awb-margin-bottom-small:20px;--awb-margin-left-small:0px;\"><h2 class=\"fusion-title-heading title-heading-left fusion-responsive-typography-calculated\" style=\"margin:0;--fontSize:26;line-height:1.4;\">Unsere Geschichte in der Tiefe<\/h2><\/div><div class=\"fusion-text fusion-text-1\"><p>Holen Sie sich die Details, Jahr f\u00fcr Jahr, auf Cloeren Incorporated als Unternehmen \u00fcber mehr als ein Jahrzehnt.<\/p>\n<\/div><\/div><\/div><\/div><\/div><div class=\"fusion-fullwidth fullwidth-box fusion-builder-row-2 fusion-flex-container has-pattern-background has-mask-background nonhundred-percent-fullwidth non-hundred-percent-height-scrolling\" style=\"--awb-border-radius-top-left:0px;--awb-border-radius-top-right:0px;--awb-border-radius-bottom-right:0px;--awb-border-radius-bottom-left:0px;--awb-margin-top:80px;--awb-flex-wrap:wrap;\" ><div class=\"fusion-builder-row fusion-row fusion-flex-align-items-flex-start fusion-flex-content-wrap\" style=\"max-width:1456px;margin-left: calc(-4% \/ 2 );margin-right: calc(-4% \/ 2 );\"><div class=\"fusion-layout-column fusion_builder_column fusion-builder-column-1 fusion_builder_column_1_1 1_1 fusion-flex-column\" style=\"--awb-bg-size:cover;--awb-width-large:100%;--awb-margin-top-large:0px;--awb-spacing-right-large:1.92%;--awb-margin-bottom-large:30px;--awb-spacing-left-large:1.92%;--awb-width-medium:100%;--awb-spacing-right-medium:1.92%;--awb-spacing-left-medium:1.92%;--awb-width-small:100%;--awb-spacing-right-small:1.92%;--awb-spacing-left-small:1.92%;\"><div class=\"fusion-column-wrapper fusion-flex-justify-content-flex-start fusion-content-layout-column\"><div class=\"fusion-title title fusion-title-2 fusion-sep-none fusion-title-text fusion-title-size-two\" style=\"--awb-margin-top-small:0px;--awb-margin-right-small:0px;--awb-margin-bottom-small:20px;--awb-margin-left-small:0px;\"><h2 class=\"fusion-title-heading title-heading-left fusion-responsive-typography-calculated\" style=\"margin:0;--fontSize:26;line-height:1.4;\">1970 &#8211; 1979<\/h2><\/div>\n<div class=\"table-1 history-table\">\n<table width=\"100%\">\n<tbody>\n<tr>\n<td><span style=\"color: #14213d;\"><strong>1975<\/strong><\/span><\/td>\n<td>Peter Cloeren Sr. entwickelt den ersten Cloeren Feedblock, der bei der Gulf Oil Corporation (heute Chevron Phillips Chemical) in Orange, Texas, f\u00fcr die Extrusionsbeschichtung verwendet wurde. Dabei handelt es sich um eine Au\u00dfenschicht aus hochdichtem Polyethylen auf einer Basisschicht aus Polyethylen niedriger Dichte f\u00fcr Milchkartonmaterial.<\/td>\n<\/tr>\n<tr>\n<td><span style=\"color: #14213d;\"><strong>1979<\/strong><\/span><\/td>\n<td>Feedblock und verwandte Coextrusionspatente, die Peter Cloeren Sr.<\/td>\n<\/tr>\n<\/tbody>\n<\/table>\n<\/div>\n<\/div><\/div><div class=\"fusion-layout-column fusion_builder_column fusion-builder-column-2 fusion_builder_column_1_1 1_1 fusion-flex-column\" style=\"--awb-bg-size:cover;--awb-width-large:100%;--awb-margin-top-large:60px;--awb-spacing-right-large:1.92%;--awb-margin-bottom-large:30px;--awb-spacing-left-large:1.92%;--awb-width-medium:100%;--awb-spacing-right-medium:1.92%;--awb-spacing-left-medium:1.92%;--awb-width-small:100%;--awb-spacing-right-small:1.92%;--awb-spacing-left-small:1.92%;\"><div class=\"fusion-column-wrapper fusion-flex-justify-content-flex-start fusion-content-layout-column\"><div class=\"fusion-title title fusion-title-3 fusion-sep-none fusion-title-text fusion-title-size-two\" style=\"--awb-margin-top-small:0px;--awb-margin-right-small:0px;--awb-margin-bottom-small:20px;--awb-margin-left-small:0px;\"><h2 class=\"fusion-title-heading title-heading-left fusion-responsive-typography-calculated\" style=\"margin:0;--fontSize:26;line-height:1.4;\">1980 &#8211; 1989<\/h2><\/div>\n<div class=\"table-1 history-table\">\n<table width=\"100%\">\n<tbody>\n<tr>\n<td><span style=\"color: #14213d;\"><strong>1980<\/strong><\/span><\/td>\n<td>Peter Cloeren Sr. und Peter F. Cloeren, Jr. gr\u00fcnden offiziell The Cloeren Company, die heute als Cloeren Incorporated bekannt ist.<\/td>\n<\/tr>\n<tr>\n<td><span style=\"color: #14213d;\"><strong>1983<\/strong><\/span><\/td>\n<td>Cloeren entwickelt den Multiplane Feedblock f\u00fcr 4 oder mehr Schichten. Diese Innovation wurde schnell zum Industriestandard.<\/td>\n<\/tr>\n<tr>\n<td><span style=\"color: #14213d;\"><strong>1984<\/strong><\/span><\/td>\n<td>Gr\u00fcndung der ersten Cloeren-Produktionsst\u00e4tte in Orange, Texas.<\/td>\n<\/tr>\n<\/tbody>\n<\/table>\n<\/div>\n<\/div><\/div><div class=\"fusion-layout-column fusion_builder_column fusion-builder-column-3 fusion_builder_column_1_1 1_1 fusion-flex-column\" style=\"--awb-bg-size:cover;--awb-width-large:100%;--awb-margin-top-large:60px;--awb-spacing-right-large:1.92%;--awb-margin-bottom-large:30px;--awb-spacing-left-large:1.92%;--awb-width-medium:100%;--awb-spacing-right-medium:1.92%;--awb-spacing-left-medium:1.92%;--awb-width-small:100%;--awb-spacing-right-small:1.92%;--awb-spacing-left-small:1.92%;\"><div class=\"fusion-column-wrapper fusion-flex-justify-content-flex-start fusion-content-layout-column\"><div class=\"fusion-title title fusion-title-4 fusion-sep-none fusion-title-text fusion-title-size-two\" style=\"--awb-margin-top-small:0px;--awb-margin-right-small:0px;--awb-margin-bottom-small:20px;--awb-margin-left-small:0px;\"><h2 class=\"fusion-title-heading title-heading-left fusion-responsive-typography-calculated\" style=\"margin:0;--fontSize:26;line-height:1.4;\">1990 &#8211; 1999<\/h2><\/div>\n<div class=\"table-1 history-table\">\n<table width=\"100%\">\n<tbody>\n<tr>\n<td><span style=\"color: #14213d;\"><strong>1990<\/strong><\/span><\/td>\n<td>Cloeren steigt mit der Einf\u00fchrung der Epoch\u2122 Two-Stage Preland Matrize in das Gesch\u00e4ft mit Strangpresswerkzeugen ein.<\/td>\n<\/tr>\n<tr>\n<td><span style=\"color: #14213d;\"><strong>1992<\/strong><\/span><\/td>\n<td>Cloeren vermarktet die erste Flexible Lip and Edge Bead Reduction (EBR\u2122) D\u00fcse f\u00fcr die Extrusionsbeschichtung und Laminierung.<\/td>\n<\/tr>\n<tr>\n<td><span style=\"color: #14213d;\"><strong>1993<\/strong><\/span><\/td>\n<td>Cloeren erh\u00e4lt ein Patent f\u00fcr seine zweistufige Epoch\u2122 Vorschneideform.<\/td>\n<\/tr>\n<tr>\n<td><span style=\"color: #14213d;\"><strong>1993<\/strong><\/span><\/td>\n<td>Cloeren stellt das erste Internally Deckled System (IDS\u2122) f\u00fcr Gie\u00dffolien- und D\u00fcnnblechanwendungen vor.<\/td>\n<\/tr>\n<tr>\n<td><span style=\"color: #14213d;\"><strong>1994<\/strong><\/span><\/td>\n<td>Cloeren expandiert international durch die Er\u00f6ffnung von Cloeren Japan Ltd. und Cloeren Europe.<\/td>\n<\/tr>\n<tr>\n<td><span style=\"color: #14213d;\"><strong>1997<\/strong><\/span><\/td>\n<td>Mit dem Kauf von Production Components in Eau Claire, Wisconsin, wird Cloeren zum gr\u00f6\u00dften Stanzformenhersteller der Welt.<\/td>\n<\/tr>\n<tr>\n<td><span style=\"color: #14213d;\"><strong>1998<\/strong><\/span><\/td>\n<td>Cloeren gr\u00fcndet seine dritte Produktionsst\u00e4tte in Orange, Texas.<\/td>\n<\/tr>\n<tr>\n<td><span style=\"color: #14213d;\"><strong>1999<\/strong><\/span><\/td>\n<td>Cloeren er\u00f6ffnet ein Vertriebs- und Serviceb\u00fcro in S\u00fcdostasien.<\/td>\n<\/tr>\n<\/tbody>\n<\/table>\n<\/div>\n<\/div><\/div><div class=\"fusion-layout-column fusion_builder_column fusion-builder-column-4 fusion_builder_column_1_1 1_1 fusion-flex-column\" style=\"--awb-bg-size:cover;--awb-width-large:100%;--awb-margin-top-large:60px;--awb-spacing-right-large:1.92%;--awb-margin-bottom-large:30px;--awb-spacing-left-large:1.92%;--awb-width-medium:100%;--awb-spacing-right-medium:1.92%;--awb-spacing-left-medium:1.92%;--awb-width-small:100%;--awb-spacing-right-small:1.92%;--awb-spacing-left-small:1.92%;\"><div class=\"fusion-column-wrapper fusion-flex-justify-content-flex-start fusion-content-layout-column\"><div class=\"fusion-title title fusion-title-5 fusion-sep-none fusion-title-text fusion-title-size-two\" style=\"--awb-margin-top-small:0px;--awb-margin-right-small:0px;--awb-margin-bottom-small:20px;--awb-margin-left-small:0px;\"><h2 class=\"fusion-title-heading title-heading-left fusion-responsive-typography-calculated\" style=\"margin:0;--fontSize:26;line-height:1.4;\">2000 &#8211; 2009<\/h2><\/div>\n<div class=\"table-1 history-table\">\n<table width=\"100%\">\n<tbody>\n<tr>\n<td><span style=\"color: #14213d;\"><strong>2001<\/strong><\/span><\/td>\n<td>Cloeren expandiert und verlegt den Hauptsitz in die Innenstadt von Orange, Texas.<\/td>\n<\/tr>\n<tr>\n<td><span style=\"color: #14213d;\"><strong>2002<\/strong><\/span><\/td>\n<td>Cloeren erh\u00e4lt 25. U.S. Patent f\u00fcr Polymerverarbeitungsanlagen und Design.<\/td>\n<\/tr>\n<tr>\n<td><span style=\"color: #14213d;\"><strong>2002<\/strong><\/span><\/td>\n<td>Cloeren stellt den weltweit ersten kommerziellen NanoLayer\u2122 Feedblock f\u00fcr die Barriere-Coextrusion vor.<\/td>\n<\/tr>\n<tr>\n<td><span style=\"color: #14213d;\"><strong>2003<\/strong><\/span><\/td>\n<td>Cloeren er\u00f6ffnet ein B\u00fcro in Nagoya; es ist das zweite in Japan.<\/td>\n<\/tr>\n<tr>\n<td><span style=\"color: #14213d;\"><strong>2006<\/strong><\/span><\/td>\n<td>Cloeren er\u00f6ffnet eine vierte Produktionsst\u00e4tte in Marshall, Texas.<\/td>\n<\/tr>\n<tr>\n<td><span style=\"color: #14213d;\"><strong>2009<\/strong><\/span><\/td>\n<td>Cloeren er\u00f6ffnet ein Verkaufsb\u00fcro in Peking.<\/td>\n<\/tr>\n<\/tbody>\n<\/table>\n<\/div>\n<\/div><\/div><div class=\"fusion-layout-column fusion_builder_column fusion-builder-column-5 fusion_builder_column_1_1 1_1 fusion-flex-column\" style=\"--awb-bg-size:cover;--awb-width-large:100%;--awb-margin-top-large:60px;--awb-spacing-right-large:1.92%;--awb-margin-bottom-large:30px;--awb-spacing-left-large:1.92%;--awb-width-medium:100%;--awb-spacing-right-medium:1.92%;--awb-spacing-left-medium:1.92%;--awb-width-small:100%;--awb-spacing-right-small:1.92%;--awb-spacing-left-small:1.92%;\"><div class=\"fusion-column-wrapper fusion-flex-justify-content-flex-start fusion-content-layout-column\"><div class=\"fusion-title title fusion-title-6 fusion-sep-none fusion-title-text fusion-title-size-two\" style=\"--awb-margin-top-small:0px;--awb-margin-right-small:0px;--awb-margin-bottom-small:20px;--awb-margin-left-small:0px;\"><h2 class=\"fusion-title-heading title-heading-left fusion-responsive-typography-calculated\" style=\"margin:0;--fontSize:26;line-height:1.4;\">2010 &#8211; 2019<\/h2><\/div>\n<div class=\"table-1 history-table\">\n<table width=\"100%\">\n<tbody>\n<tr>\n<td><span style=\"color: #14213d;\"><strong>2010<\/strong><\/span><\/td>\n<td>Cloeren er\u00f6ffnet einen Dienst in Shanghai.<\/td>\n<\/tr>\n<tr>\n<td><span style=\"color: #14213d;\"><strong>2011<\/strong><\/span><\/td>\n<td>Cloeren verlegt sein Asien-Pazifik-B\u00fcro nach Kuala Lumpur.<\/td>\n<\/tr>\n<tr>\n<td><span style=\"color: #14213d;\"><strong>2012<\/strong><\/span><\/td>\n<td>Cloeren weitet seinen Vertrieb in Europa aus und er\u00f6ffnet ein weiteres B\u00fcro in Deutschland.<\/td>\n<\/tr>\n<tr>\n<td><span style=\"color: #14213d;\"><strong>2012<\/strong><\/span><\/td>\n<td>Cloeren patentiert die M\u00f6bius-Verzweigung\u2122 Die.<\/td>\n<\/tr>\n<tr>\n<td><span style=\"color: #14213d;\"><strong>2013<\/strong><\/span><\/td>\n<td>Cloeren erweitert seine Produktionsanlagen in Orange, Texas.<\/td>\n<\/tr>\n<tr>\n<td><span style=\"color: #14213d;\"><strong>2015<\/strong><\/span><\/td>\n<td>U.S. Patent f\u00fcr den moebius-manifold\u2122 W\u00fcrfel erteilt. Internationale Patente sind noch anh\u00e4ngig.<\/td>\n<\/tr>\n<tr>\n<td><span style=\"color: #14213d;\"><strong>2016<\/strong><\/span><\/td>\n<td>Cloeren hat sein Engagement auf dem europ\u00e4ischen Markt durch die Aufstockung seiner Beteiligung an der EMO GesmbH, einem Hersteller von Strangpresswerkzeugen in Micheldorf, \u00d6sterreich, verst\u00e4rkt.<\/td>\n<\/tr>\n<tr>\n<td><span style=\"color: #14213d;\"><strong>2017<\/strong><\/span><\/td>\n<td>Cloeren erwirbt die restlichen Anteile an der EMO GesmbH, wodurch wir \u00fcber eine Produktions-, Service- und Reparatureinrichtung in Europa verf\u00fcgen.<\/td>\n<\/tr>\n<tr>\n<td><span style=\"color: #14213d;\"><strong>2019<\/strong><\/span><\/td>\n<td>Nach drei Jahren Forschung und Entwicklung bringt Cloeren den revolution\u00e4ren Re\u0192lex\u2122 Stumpf auf den Markt.<\/td>\n<\/tr>\n<\/tbody>\n<\/table>\n<\/div>\n<\/div><\/div><div class=\"fusion-layout-column fusion_builder_column fusion-builder-column-6 fusion_builder_column_1_1 1_1 fusion-flex-column\" style=\"--awb-bg-size:cover;--awb-width-large:100%;--awb-margin-top-large:60px;--awb-spacing-right-large:1.92%;--awb-margin-bottom-large:30px;--awb-spacing-left-large:1.92%;--awb-width-medium:100%;--awb-spacing-right-medium:1.92%;--awb-spacing-left-medium:1.92%;--awb-width-small:100%;--awb-spacing-right-small:1.92%;--awb-spacing-left-small:1.92%;\"><div class=\"fusion-column-wrapper fusion-flex-justify-content-flex-start fusion-content-layout-column\"><div class=\"fusion-title title fusion-title-7 fusion-sep-none fusion-title-text fusion-title-size-two\" style=\"--awb-margin-top-small:0px;--awb-margin-right-small:0px;--awb-margin-bottom-small:20px;--awb-margin-left-small:0px;\"><h2 class=\"fusion-title-heading title-heading-left fusion-responsive-typography-calculated\" style=\"margin:0;--fontSize:26;line-height:1.4;\">2020 &#8211; 2024<\/h2><\/div>\n<div class=\"table-1 history-table\">\n<table width=\"100%\">\n<tbody>\n<tr>\n<td><span style=\"color: #14213d;\"><strong>2023<\/strong><\/span><\/td>\n<td>Die Abteilung Luft- und Raumfahrt von Cloeren erh\u00e4lt die AS9100-Zertifizierung.<\/td>\n<\/tr>\n<\/tbody>\n<\/table>\n<\/div>\n<\/div><\/div><\/div><\/div><\/p>\n","protected":false},"excerpt":{"rendered":"","protected":false},"author":1,"featured_media":0,"parent":6382,"menu_order":2,"comment_status":"closed","ping_status":"closed","template":"100-width.php","meta":{"_acf_changed":false,"footnotes":""},"class_list":["post-6480","page","type-page","status-publish","hentry"],"acf":[],"_links":{"self":[{"href":"https:\/\/cloeren.com\/de\/wp-json\/wp\/v2\/pages\/6480","targetHints":{"allow":["GET"]}}],"collection":[{"href":"https:\/\/cloeren.com\/de\/wp-json\/wp\/v2\/pages"}],"about":[{"href":"https:\/\/cloeren.com\/de\/wp-json\/wp\/v2\/types\/page"}],"author":[{"embeddable":true,"href":"https:\/\/cloeren.com\/de\/wp-json\/wp\/v2\/users\/1"}],"replies":[{"embeddable":true,"href":"https:\/\/cloeren.com\/de\/wp-json\/wp\/v2\/comments?post=6480"}],"version-history":[{"count":3,"href":"https:\/\/cloeren.com\/de\/wp-json\/wp\/v2\/pages\/6480\/revisions"}],"predecessor-version":[{"id":21527,"href":"https:\/\/cloeren.com\/de\/wp-json\/wp\/v2\/pages\/6480\/revisions\/21527"}],"up":[{"embeddable":true,"href":"https:\/\/cloeren.com\/de\/wp-json\/wp\/v2\/pages\/6382"}],"wp:attachment":[{"href":"https:\/\/cloeren.com\/de\/wp-json\/wp\/v2\/media?parent=6480"}],"curies":[{"name":"wp","href":"https:\/\/api.w.org\/{rel}","templated":true}]}}