{"id":6461,"date":"2017-01-27T13:50:59","date_gmt":"2017-01-27T19:50:59","guid":{"rendered":"https:\/\/cloeren.com\/uber-cloeren\/faq\/"},"modified":"2022-12-29T12:02:43","modified_gmt":"2022-12-29T18:02:43","slug":"faq","status":"publish","type":"page","link":"https:\/\/cloeren.com\/de\/uber-cloeren\/faq\/","title":{"rendered":"FAQ"},"content":{"rendered":"<p><div class=\"fusion-fullwidth fullwidth-box fusion-builder-row-1 fusion-flex-container has-pattern-background has-mask-background nonhundred-percent-fullwidth non-hundred-percent-height-scrolling\" style=\"--awb-border-radius-top-left:0px;--awb-border-radius-top-right:0px;--awb-border-radius-bottom-right:0px;--awb-border-radius-bottom-left:0px;--awb-padding-top:60px;--awb-padding-bottom:40px;--awb-margin-top:0px;--awb-margin-bottom:0px;--awb-background-color:#ffffff;--awb-flex-wrap:wrap;\" ><div class=\"fusion-builder-row fusion-row fusion-flex-align-items-flex-start fusion-flex-content-wrap\" style=\"max-width:1456px;margin-left: calc(-4% \/ 2 );margin-right: calc(-4% \/ 2 );\"><div class=\"fusion-layout-column fusion_builder_column fusion-builder-column-0 fusion_builder_column_1_1 1_1 fusion-flex-column\" style=\"--awb-bg-size:cover;--awb-width-large:100%;--awb-margin-top-large:0px;--awb-spacing-right-large:1.92%;--awb-margin-bottom-large:0px;--awb-spacing-left-large:1.92%;--awb-width-medium:100%;--awb-spacing-right-medium:1.92%;--awb-spacing-left-medium:1.92%;--awb-width-small:100%;--awb-spacing-right-small:1.92%;--awb-spacing-left-small:1.92%;\"><div class=\"fusion-column-wrapper fusion-flex-justify-content-flex-start fusion-content-layout-column\"><div class=\"fusion-title title fusion-title-1 fusion-sep-none fusion-title-text fusion-title-size-two title-large\" style=\"--awb-margin-top-small:0px;--awb-margin-right-small:0px;--awb-margin-bottom-small:20px;--awb-margin-left-small:0px;\"><h2 class=\"fusion-title-heading title-heading-left fusion-responsive-typography-calculated\" style=\"margin:0;--fontSize:26;line-height:1.4;\">Wir haben die Antworten auf alle Ihre Fragen. W\u00e4hlen Sie ein Thema unten, um eine Liste von Fragen und Antworten zu lesen.<\/h2><\/div><div class=\"fusion-text fusion-text-1\"><p>Wenn Sie eine Frage von Ihnen haben, die wir hier nicht beantwortet haben, f\u00fchlen Sie sich frei, <a href=\"https:\/\/cloeren.com\/de\/kontaktiere-uns\/\">kontaktieren Sie uns<\/a>.<\/p>\n<\/div><\/div><\/div><\/div><\/div><div class=\"fusion-fullwidth fullwidth-box fusion-builder-row-2 fusion-flex-container has-pattern-background has-mask-background nonhundred-percent-fullwidth non-hundred-percent-height-scrolling\" style=\"--awb-border-radius-top-left:0px;--awb-border-radius-top-right:0px;--awb-border-radius-bottom-right:0px;--awb-border-radius-bottom-left:0px;--awb-padding-top:30px;--awb-padding-bottom:10px;--awb-flex-wrap:wrap;\" ><div class=\"fusion-builder-row fusion-row fusion-flex-align-items-flex-start fusion-flex-content-wrap\" style=\"max-width:1456px;margin-left: calc(-4% \/ 2 );margin-right: calc(-4% \/ 2 );\"><div class=\"fusion-layout-column fusion_builder_column fusion-builder-column-1 fusion_builder_column_1_1 1_1 fusion-flex-column\" style=\"--awb-bg-size:cover;--awb-width-large:100%;--awb-margin-top-large:0px;--awb-spacing-right-large:1.92%;--awb-margin-bottom-large:30px;--awb-spacing-left-large:1.92%;--awb-width-medium:100%;--awb-spacing-right-medium:1.92%;--awb-spacing-left-medium:1.92%;--awb-width-small:100%;--awb-spacing-right-small:1.92%;--awb-spacing-left-small:1.92%;\"><div class=\"fusion-column-wrapper fusion-flex-justify-content-flex-start fusion-content-layout-column\"><div class=\"fusion-title title fusion-title-2 fusion-sep-none fusion-title-text fusion-title-size-four\" style=\"--awb-margin-top-small:0px;--awb-margin-right-small:0px;--awb-margin-bottom-small:20px;--awb-margin-left-small:0px;\"><h4 class=\"fusion-title-heading title-heading-left fusion-responsive-typography-calculated\" style=\"margin:0;--fontSize:18;--minFontSize:18;line-height:1.3;\">Was ist Co-Extrusion?<\/h4><\/div><div class=\"fusion-text fusion-text-2\"><p>Co-Extrusion ist ein Prozess, der es erm\u00f6glicht, eine Folie aus mehreren Materialien ( Lagen ) herzustellen. Dadurch erh\u00e4lt man eine co-extrudierte ( mehrlagige ) Folie, in der die besonderen individuellen physikalischen Eigenschaften aller verwendeter Materialien kombiniert sind. Dadurch erh\u00e4lt man eine Folie mit besonderen Eigenschaften, die man durch den Einsatz nur eines Materials nicht erreichen kann. Zum Beispiel; Co-Extrusion erm\u00f6glichst eine Materialreduzierung in der Verpackung durch Herstellung d\u00fcnnerer Folien, die dieselben Eigenschaften wie Monofolien ( Folien, die aus einem Material hergestellt sind ) erreichen. Co-Extrusion bleibt auch die wirtschaftlichste Art, um Produkte mit mehrfachen Leistungsmerkmalen zu fertigen.<\/p>\n<\/div><div class=\"fusion-separator fusion-full-width-sep\" style=\"align-self: center;margin-left: auto;margin-right: auto;margin-top:10px;margin-bottom:30px;width:100%;\"><div class=\"fusion-separator-border sep-single sep-solid\" style=\"--awb-height:20px;--awb-amount:20px;border-color:#d6d6d7;border-top-width:1px;\"><\/div><\/div><div class=\"fusion-title title fusion-title-3 fusion-sep-none fusion-title-text fusion-title-size-four\" style=\"--awb-margin-top-small:0px;--awb-margin-right-small:0px;--awb-margin-bottom-small:20px;--awb-margin-left-small:0px;\"><h4 class=\"fusion-title-heading title-heading-left fusion-responsive-typography-calculated\" style=\"margin:0;--fontSize:18;--minFontSize:18;line-height:1.3;\">Welche Materialien k\u00f6nnen bei der Co-Extrusion eingesetzt werden?<\/h4><\/div><div class=\"fusion-text fusion-text-3\"><p>Typische Materialien hier sind Polyethylen, Polypropylen, Acryl, Nylon, Polystyrol, \u00c4thylvinylalkohol (EVOH), Haftvermittler und Polyvinylchlorid.<\/p>\n<\/div><div class=\"fusion-separator fusion-full-width-sep\" style=\"align-self: center;margin-left: auto;margin-right: auto;margin-top:10px;margin-bottom:30px;width:100%;\"><div class=\"fusion-separator-border sep-single sep-solid\" style=\"--awb-height:20px;--awb-amount:20px;border-color:#d6d6d7;border-top-width:1px;\"><\/div><\/div><div class=\"fusion-title title fusion-title-4 fusion-sep-none fusion-title-text fusion-title-size-four\" style=\"--awb-margin-top-small:0px;--awb-margin-right-small:0px;--awb-margin-bottom-small:20px;--awb-margin-left-small:0px;\"><h4 class=\"fusion-title-heading title-heading-left fusion-responsive-typography-calculated\" style=\"margin:0;--fontSize:18;--minFontSize:18;line-height:1.3;\">Was ist eine Black Box?<\/h4><\/div><div class=\"fusion-text fusion-text-4\"><p>In den fr\u00fchen 1970 Jahren trafen F\u00fchrungskr\u00e4fte der Firma Gulf Oil Chemical (heute Chevron Phillips) mit Peter Cloeren Sr. zusammen um deren W\u00fcnsche \u00fcber eine neue Co-Extrusions Ausr\u00fcstung zu diskutieren. Vorstellung war es ein Werkzeug zu haben, das ein- zwei- oder dreilagen, coextrudierte Strukturen von einem, zwei oder drei Extrudern herstellen k\u00f6nnte. Man wollte eine M\u00f6glichkeit schaffen um eine Reihenfolge der jeweiligen Lagen relativ schnell (ohne Demontagen der Zuleitungen) zu erreichen. Au\u00dferdem w\u00fcnschte man sich eine M\u00f6glichkeit die Flussgeschwindigkeiten beim Zusammenfluss der einzelnen Lagen anpassen zu k\u00f6nnen. Nach nur einigen Tagen kam Peter Cloeren Sr. auf diese Leute zur\u00fcck, mit einer Prinzip Skizze \u00fcber den ersten Cloeren Co-Extrusions Adapter, seine \u201eBlack Box\u201c.<\/p>\n<\/div><div class=\"fusion-separator fusion-full-width-sep\" style=\"align-self: center;margin-left: auto;margin-right: auto;margin-top:10px;margin-bottom:30px;width:100%;\"><div class=\"fusion-separator-border sep-single sep-solid\" style=\"--awb-height:20px;--awb-amount:20px;border-color:#d6d6d7;border-top-width:1px;\"><\/div><\/div><div class=\"fusion-title title fusion-title-5 fusion-sep-none fusion-title-text fusion-title-size-four\" style=\"--awb-margin-top-small:0px;--awb-margin-right-small:0px;--awb-margin-bottom-small:20px;--awb-margin-left-small:0px;\"><h4 class=\"fusion-title-heading title-heading-left fusion-responsive-typography-calculated\" style=\"margin:0;--fontSize:18;--minFontSize:18;line-height:1.3;\">Was ist das Leistungsspektrum eines Cloeren Co-Extrusions Adapters?<\/h4><\/div><div class=\"fusion-text fusion-text-5\"><p>Unsere Feedbl\u00f6cke ( Co-Extrusions Adaptoren ) bieten ein weites Spektrum zur Verarbeitung unterschiedlicher Polymere, Viskosit\u00e4ten sowie Durchs\u00e4tze und Strukturen. Von Zweilagen bis hin zu \u00fcber eintausend Lagen, zur Erreichung der besten Eigenschaften und Toleranzen.<\/p>\n<\/div><div class=\"fusion-separator fusion-full-width-sep\" style=\"align-self: center;margin-left: auto;margin-right: auto;margin-top:10px;margin-bottom:30px;width:100%;\"><div class=\"fusion-separator-border sep-single sep-solid\" style=\"--awb-height:20px;--awb-amount:20px;border-color:#d6d6d7;border-top-width:1px;\"><\/div><\/div><div class=\"fusion-title title fusion-title-6 fusion-sep-none fusion-title-text fusion-title-size-four\" style=\"--awb-margin-top-small:0px;--awb-margin-right-small:0px;--awb-margin-bottom-small:20px;--awb-margin-left-small:0px;\"><h4 class=\"fusion-title-heading title-heading-left fusion-responsive-typography-calculated\" style=\"margin:0;--fontSize:18;--minFontSize:18;line-height:1.3;\">Was ist der Unterschied zwischen Fixed Geometry Feedblock und Variable Geometry Feedblock?<\/h4><\/div><div class=\"fusion-text fusion-text-6\"><p>Cloeren Fixed Geometry Feedbl\u00f6cke sind jeweils f\u00fcr eine bestimmte coextrudierte Struktur aufgebaut, wobei jede \u00c4nderung ein Anhalten von der Maschine beinhaltet. Cloeren variable Geometrie Feedbl\u00f6cke sind von zwei Schichten bis zu elf Schichten verf\u00fcgbar. Sie k\u00f6nnen w\u00e4hrend die Maschine l\u00e4uft eingestellt werden und erm\u00f6glichen damit schnellere Umr\u00fcstzeiten und geringere Stillstandzeiten.<\/p>\n<\/div><div class=\"fusion-separator fusion-full-width-sep\" style=\"align-self: center;margin-left: auto;margin-right: auto;margin-top:10px;margin-bottom:30px;width:100%;\"><div class=\"fusion-separator-border sep-single sep-solid\" style=\"--awb-height:20px;--awb-amount:20px;border-color:#d6d6d7;border-top-width:1px;\"><\/div><\/div><div class=\"fusion-title title fusion-title-7 fusion-sep-none fusion-title-text fusion-title-size-four\" style=\"--awb-margin-top-small:0px;--awb-margin-right-small:0px;--awb-margin-bottom-small:20px;--awb-margin-left-small:0px;\"><h4 class=\"fusion-title-heading title-heading-left fusion-responsive-typography-calculated\" style=\"margin:0;--fontSize:18;--minFontSize:18;line-height:1.3;\">Was sind Breitschlitzd\u00fcsen?<\/h4><\/div><div class=\"fusion-text fusion-text-7\"><p>In der Breitschlitzd\u00fcse flie\u00dfen die Polymere, die im Feedblock vereint wurden, als eine flache zusammengesetzte Struktur. Die Breitschlitzd\u00fcse stellt eine gleichf\u00f6rmige Verteilung des Polymers \u00fcber die gesamte Breite sicher. Eine sehr sorgf\u00e4ltige Auslegung der Breitschlitzd\u00fcse ist f\u00fcr eine erfolgreiche Co-Extrusion wichtig.<\/p>\n<\/div><div class=\"fusion-separator fusion-full-width-sep\" style=\"align-self: center;margin-left: auto;margin-right: auto;margin-top:10px;margin-bottom:30px;width:100%;\"><div class=\"fusion-separator-border sep-single sep-solid\" style=\"--awb-height:20px;--awb-amount:20px;border-color:#d6d6d7;border-top-width:1px;\"><\/div><\/div><div class=\"fusion-title title fusion-title-8 fusion-sep-none fusion-title-text fusion-title-size-four\" style=\"--awb-margin-top-small:0px;--awb-margin-right-small:0px;--awb-margin-bottom-small:20px;--awb-margin-left-small:0px;\"><h4 class=\"fusion-title-heading title-heading-left fusion-responsive-typography-calculated\" style=\"margin:0;--fontSize:18;--minFontSize:18;line-height:1.3;\">Mehrkanald\u00fcssen vs. Feedblock (Co-Extrusions Adapter)?<\/h4><\/div><div class=\"fusion-text fusion-text-8\"><p>Der gr\u00f6\u00dfte Unterschied zwischen diesen beiden Methoden ist darin zu sehen, dass beim Einsatz des Feedblocks die Schmelzestr\u00f6me im Feedblock zusammengebracht werden und erst danach als eine Einheit in die D\u00fcse eingespeist werden. In der Mehrlagend\u00fcse hat jeder Schmelzestrom einen eigenen, speziell ausgelegten Verteilerkanal, indem die Polymere unabh\u00e4ngig voneinander verteilt werden. Erst kurz vor dem Austritt der Materialien werden diese zusammengef\u00fcgt.<\/p>\n<\/div><div class=\"fusion-separator fusion-full-width-sep\" style=\"align-self: center;margin-left: auto;margin-right: auto;margin-top:10px;margin-bottom:30px;width:100%;\"><div class=\"fusion-separator-border sep-single sep-solid\" style=\"--awb-height:20px;--awb-amount:20px;border-color:#d6d6d7;border-top-width:1px;\"><\/div><\/div><div class=\"fusion-title title fusion-title-9 fusion-sep-none fusion-title-text fusion-title-size-four\" style=\"--awb-margin-top-small:0px;--awb-margin-right-small:0px;--awb-margin-bottom-small:20px;--awb-margin-left-small:0px;\"><h4 class=\"fusion-title-heading title-heading-left fusion-responsive-typography-calculated\" style=\"margin:0;--fontSize:18;--minFontSize:18;line-height:1.3;\">Was ist der Unterschied zwischen Extrusionsd\u00fcsen und \u201eWeb Coating\u201c \u2013 D\u00fcsen?<\/h4><\/div><div class=\"fusion-text fusion-text-9\"><p>Der gr\u00f6\u00dfte Unterschied zwischen diesen beiden D\u00fcsentypen ist der, dass die Beschichtungsd\u00fcse f\u00fcr druckempfindliche und Hotmelt Klebstoffe sowie f\u00fcr L\u00f6sungen und L\u00f6sungsmittel, als auch w\u00e4ssrige Materialien, Emulsionen und zur Vorhangbeschichtung eingesetzt werden, wohingegen die Extrusionsd\u00fcsen Ihren Einsatz vorwiegend bei thermoplastischen Kunststoffen finden.<\/p>\n<\/div><\/div><\/div><\/div><\/div><\/p>\n","protected":false},"excerpt":{"rendered":"","protected":false},"author":1,"featured_media":0,"parent":6382,"menu_order":5,"comment_status":"closed","ping_status":"closed","template":"100-width.php","meta":{"_acf_changed":false,"footnotes":""},"class_list":["post-6461","page","type-page","status-publish","hentry"],"acf":[],"_links":{"self":[{"href":"https:\/\/cloeren.com\/de\/wp-json\/wp\/v2\/pages\/6461","targetHints":{"allow":["GET"]}}],"collection":[{"href":"https:\/\/cloeren.com\/de\/wp-json\/wp\/v2\/pages"}],"about":[{"href":"https:\/\/cloeren.com\/de\/wp-json\/wp\/v2\/types\/page"}],"author":[{"embeddable":true,"href":"https:\/\/cloeren.com\/de\/wp-json\/wp\/v2\/users\/1"}],"replies":[{"embeddable":true,"href":"https:\/\/cloeren.com\/de\/wp-json\/wp\/v2\/comments?post=6461"}],"version-history":[{"count":3,"href":"https:\/\/cloeren.com\/de\/wp-json\/wp\/v2\/pages\/6461\/revisions"}],"predecessor-version":[{"id":19746,"href":"https:\/\/cloeren.com\/de\/wp-json\/wp\/v2\/pages\/6461\/revisions\/19746"}],"up":[{"embeddable":true,"href":"https:\/\/cloeren.com\/de\/wp-json\/wp\/v2\/pages\/6382"}],"wp:attachment":[{"href":"https:\/\/cloeren.com\/de\/wp-json\/wp\/v2\/media?parent=6461"}],"curies":[{"name":"wp","href":"https:\/\/api.w.org\/{rel}","templated":true}]}}