{"id":6447,"date":"2017-07-19T11:32:22","date_gmt":"2017-07-19T16:32:22","guid":{"rendered":"https:\/\/cloeren.com\/uber-cloeren\/karriere\/"},"modified":"2023-03-22T16:43:33","modified_gmt":"2023-03-22T21:43:33","slug":"karriere","status":"publish","type":"page","link":"https:\/\/cloeren.com\/de\/karriere\/","title":{"rendered":"Karriere"},"content":{"rendered":"<p><div class=\"fusion-fullwidth fullwidth-box fusion-builder-row-1 fusion-flex-container has-pattern-background has-mask-background nonhundred-percent-fullwidth non-hundred-percent-height-scrolling\" style=\"--awb-border-radius-top-left:0px;--awb-border-radius-top-right:0px;--awb-border-radius-bottom-right:0px;--awb-border-radius-bottom-left:0px;--awb-padding-top:60px;--awb-padding-bottom:40px;--awb-background-color:#ffffff;--awb-flex-wrap:wrap;\" ><div class=\"fusion-builder-row fusion-row fusion-flex-align-items-flex-start fusion-flex-content-wrap\" style=\"max-width:1456px;margin-left: calc(-4% \/ 2 );margin-right: calc(-4% \/ 2 );\"><div class=\"fusion-layout-column fusion_builder_column fusion-builder-column-0 fusion_builder_column_1_1 1_1 fusion-flex-column\" style=\"--awb-bg-size:cover;--awb-width-large:100%;--awb-margin-top-large:0px;--awb-spacing-right-large:1.92%;--awb-margin-bottom-large:0px;--awb-spacing-left-large:1.92%;--awb-width-medium:100%;--awb-spacing-right-medium:1.92%;--awb-spacing-left-medium:1.92%;--awb-width-small:100%;--awb-spacing-right-small:1.92%;--awb-spacing-left-small:1.92%;\"><div class=\"fusion-column-wrapper fusion-flex-justify-content-center fusion-content-layout-column\"><div class=\"fusion-title title fusion-title-1 fusion-sep-none fusion-title-text fusion-title-size-two title-large\" style=\"--awb-margin-top-small:0px;--awb-margin-right-small:0px;--awb-margin-bottom-small:20px;--awb-margin-left-small:0px;\"><h2 class=\"fusion-title-heading title-heading-left fusion-responsive-typography-calculated\" style=\"margin:0;--fontSize:26;line-height:1.4;\">Ein Branchenf\u00fchrer braucht individuelle F\u00fchrungskr\u00e4fte. Cloeren Incorporated legt gro\u00dfen Wert darauf, die richtigen Leute zu finden und zu entwickeln. Wir wollen Menschen, die unsere Grundwerte teilen und eine wahre Leidenschaft f\u00fcr das zeigen, was sie tun.<\/h2><\/div><div class=\"fusion-text fusion-text-1\" style=\"--awb-text-transform:none;\"><p>Um sich zu bewerben, bewerben Sie sich bitte \u00fcber unsere <a href=\"https:\/\/recruiting.paylocity.com\/Recruiting\/Jobs\/All\/2d690d95-3e7a-4cb0-910c-174b2e72141f\" target=\"_blank\" rel=\"noopener\">Recruiting-Website<\/a>.<\/p>\n<\/div><\/div><\/div><\/div><\/div><div class=\"fusion-fullwidth fullwidth-box fusion-builder-row-2 fusion-flex-container has-pattern-background has-mask-background nonhundred-percent-fullwidth non-hundred-percent-height-scrolling\" style=\"--awb-border-radius-top-left:0px;--awb-border-radius-top-right:0px;--awb-border-radius-bottom-right:0px;--awb-border-radius-bottom-left:0px;--awb-padding-top:60px;--awb-flex-wrap:wrap;\" ><div class=\"fusion-builder-row fusion-row fusion-flex-align-items-flex-start fusion-flex-content-wrap\" style=\"max-width:1456px;margin-left: calc(-4% \/ 2 );margin-right: calc(-4% \/ 2 );\"><div class=\"fusion-layout-column fusion_builder_column fusion-builder-column-1 fusion_builder_column_1_1 1_1 fusion-flex-column\" style=\"--awb-padding-bottom:30px;--awb-bg-size:cover;--awb-width-large:100%;--awb-margin-top-large:0px;--awb-spacing-right-large:1.92%;--awb-margin-bottom-large:0px;--awb-spacing-left-large:1.92%;--awb-width-medium:100%;--awb-spacing-right-medium:1.92%;--awb-spacing-left-medium:1.92%;--awb-width-small:100%;--awb-spacing-right-small:1.92%;--awb-spacing-left-small:1.92%;\"><div class=\"fusion-column-wrapper fusion-flex-justify-content-flex-start fusion-content-layout-column\">            <div class=\"cl-jobs \">\n                <div class=\"cl-jobs__grid\">\n                    <div class=\"cl-jobs__row\">\n                        <div class=\"cl-jobs__col\">Job<\/div>\n                        <div class=\"cl-jobs__col\">Art<\/div>\n                        <div class=\"cl-jobs__col\">Location<\/div>\n                        <div class=\"cl-jobs__col\">letzte Aktivit\u00e4t<\/div>\n                        <div class=\"cl-jobs__col\"><\/div>\n                    <\/div>\n                                                                        <div class=\"cl-jobs__row\">\n                                <div class=\"cl-jobs__col\" data-label=\"Job\">\n                                    <div>\n                                        <a href=\"https:\/\/cloeren.com\/de\/karriere\/cnc-fraser-m-w-d\/\" class=\"cl-jobs__title\">\n                                            CNC-Fr\u00e4ser (m\/w\/d)                                        <\/a>\n                                                                                    <div class=\"cl-jobs__content\">In Abstimmung mit der Fertigungsleitung und der CAM Abteilung, r\u00fcsten, bearbeiten und pr\u00fcfen Sie hochgenaue Stahlbauteile in der Einzelfertigung.<\/div>\n                                                                            <\/div>\n                                <\/div>\n                                <div class=\"cl-jobs__col\" data-label=\"Art\">\n                                                                            Vollzeit                                                                    <\/div>\n                                <div class=\"cl-jobs__col\" data-label=\"Location\">\n                                                                                                                                                                                                                                                <a href=\"https:\/\/goo.gl\/maps\/DFY4nwF9ZP42\" title=\"Micheldorf, Austria\" target=\"_blank\">Micheldorf, Austria<\/a>                                                                    <\/div>\n                                <div class=\"cl-jobs__col\" data-label=\"letzte Aktivit\u00e4t\">\n                                    <div class=\"cl-jobs__date\">\n                                        2\u00a0Wochen vor                                    <\/div>\n                                <\/div>\n                                <div class=\"cl-jobs__col\">\n                                    <div ><a class=\"fusion-button button-flat fusion-button-default-size button-lightgray fusion-button-lightgray button-1 fusion-button-default-span fusion-button-default-type\" target=\"_self\" title=\"Details anzeigen\" aria-label=\"Details anzeigen\" href=\"https:\/\/cloeren.com\/de\/karriere\/cnc-fraser-m-w-d\/\"><span class=\"fusion-button-text awb-button__text awb-button__text--default\">Details anzeigen<\/span><i class=\"fa-chevron-right fas awb-button__icon awb-button__icon--default button-icon-right\" aria-hidden=\"true\"><\/i><\/a><\/div>                                <\/div>\n                            <\/div>\n                                                    <div class=\"cl-jobs__row\">\n                                <div class=\"cl-jobs__col\" data-label=\"Job\">\n                                    <div>\n                                        <a href=\"https:\/\/cloeren.com\/de\/karriere\/cnc-machinist\/\" class=\"cl-jobs__title\">\n                                            CNC Machinist                                        <\/a>\n                                                                                    <div class=\"cl-jobs__content\">Operate CNC machines in a safe and productive manner.<\/div>\n                                                                            <\/div>\n                                <\/div>\n                                <div class=\"cl-jobs__col\" data-label=\"Art\">\n                                                                            Vollzeit                                                                    <\/div>\n                                <div class=\"cl-jobs__col\" data-label=\"Location\">\n                                                                                                                                                                                                                                                <a href=\"https:\/\/goo.gl\/maps\/EHkSJEUM6Gr\" title=\"Plant 62-2\" target=\"_blank\">Plant 62-2<\/a>                                                                    <\/div>\n                                <div class=\"cl-jobs__col\" data-label=\"letzte Aktivit\u00e4t\">\n                                    <div class=\"cl-jobs__date\">\n                                        3\u00a0Monaten vor                                    <\/div>\n                                <\/div>\n                                <div class=\"cl-jobs__col\">\n                                    <div ><a class=\"fusion-button button-flat fusion-button-default-size button-lightgray fusion-button-lightgray button-2 fusion-button-default-span fusion-button-default-type\" target=\"_self\" title=\"Details anzeigen\" aria-label=\"Details anzeigen\" href=\"https:\/\/cloeren.com\/de\/karriere\/cnc-machinist\/\"><span class=\"fusion-button-text awb-button__text awb-button__text--default\">Details anzeigen<\/span><i class=\"fa-chevron-right fas awb-button__icon awb-button__icon--default button-icon-right\" aria-hidden=\"true\"><\/i><\/a><\/div>                                <\/div>\n                            <\/div>\n                                                            <\/div>\n\n                            <\/div>\n<\/div><\/div><\/div><\/div><\/p>\n","protected":false},"excerpt":{"rendered":"","protected":false},"author":1,"featured_media":0,"parent":0,"menu_order":7,"comment_status":"closed","ping_status":"closed","template":"100-width.php","meta":{"_acf_changed":false,"footnotes":""},"class_list":["post-6447","page","type-page","status-publish","hentry"],"acf":[],"_links":{"self":[{"href":"https:\/\/cloeren.com\/de\/wp-json\/wp\/v2\/pages\/6447","targetHints":{"allow":["GET"]}}],"collection":[{"href":"https:\/\/cloeren.com\/de\/wp-json\/wp\/v2\/pages"}],"about":[{"href":"https:\/\/cloeren.com\/de\/wp-json\/wp\/v2\/types\/page"}],"author":[{"embeddable":true,"href":"https:\/\/cloeren.com\/de\/wp-json\/wp\/v2\/users\/1"}],"replies":[{"embeddable":true,"href":"https:\/\/cloeren.com\/de\/wp-json\/wp\/v2\/comments?post=6447"}],"version-history":[{"count":3,"href":"https:\/\/cloeren.com\/de\/wp-json\/wp\/v2\/pages\/6447\/revisions"}],"predecessor-version":[{"id":20179,"href":"https:\/\/cloeren.com\/de\/wp-json\/wp\/v2\/pages\/6447\/revisions\/20179"}],"wp:attachment":[{"href":"https:\/\/cloeren.com\/de\/wp-json\/wp\/v2\/media?parent=6447"}],"curies":[{"name":"wp","href":"https:\/\/api.w.org\/{rel}","templated":true}]}}