{"id":6275,"date":"2017-01-19T10:26:09","date_gmt":"2017-01-19T16:26:09","guid":{"rendered":"https:\/\/cloeren.com\/einsatzbereiche\/energy\/"},"modified":"2022-12-20T14:00:23","modified_gmt":"2022-12-20T20:00:23","slug":"energie","status":"publish","type":"page","link":"https:\/\/cloeren.com\/de\/einsatzbereiche\/energie\/","title":{"rendered":"Energie"},"content":{"rendered":"<div class=\"fusion-fullwidth fullwidth-box fusion-builder-row-1 fusion-flex-container has-pattern-background has-mask-background nonhundred-percent-fullwidth non-hundred-percent-height-scrolling\" style=\"--awb-border-radius-top-left:0px;--awb-border-radius-top-right:0px;--awb-border-radius-bottom-right:0px;--awb-border-radius-bottom-left:0px;--awb-padding-bottom:30px;--awb-flex-wrap:wrap;\" ><div class=\"fusion-builder-row fusion-row fusion-flex-align-items-flex-start fusion-flex-content-wrap\" style=\"max-width:1456px;margin-left: calc(-4% \/ 2 );margin-right: calc(-4% \/ 2 );\"><div class=\"fusion-layout-column fusion_builder_column fusion-builder-column-0 fusion_builder_column_1_1 1_1 fusion-flex-column\" style=\"--awb-bg-size:cover;--awb-width-large:100%;--awb-margin-top-large:0px;--awb-spacing-right-large:1.92%;--awb-margin-bottom-large:30px;--awb-spacing-left-large:1.92%;--awb-width-medium:100%;--awb-spacing-right-medium:1.92%;--awb-spacing-left-medium:1.92%;--awb-width-small:100%;--awb-spacing-right-small:1.92%;--awb-spacing-left-small:1.92%;\"><div class=\"fusion-column-wrapper fusion-flex-justify-content-flex-start fusion-content-layout-column\"><div class=\"fusion-separator fusion-full-width-sep slider-border\" style=\"align-self: center;margin-left: auto;margin-right: auto;margin-top:30px;margin-bottom:40px;width:100%;\"><div class=\"fusion-separator-border sep-single sep-solid\" style=\"--awb-height:20px;--awb-amount:20px;border-color:#d6d6d7;border-top-width:1px;\"><\/div><\/div><\/div><\/div><div class=\"fusion-layout-column fusion_builder_column fusion-builder-column-1 fusion_builder_column_2_3 2_3 fusion-flex-column\" style=\"--awb-bg-size:cover;--awb-width-large:66.666666666667%;--awb-margin-top-large:0px;--awb-spacing-right-large:2.88%;--awb-margin-bottom-large:30px;--awb-spacing-left-large:2.88%;--awb-width-medium:100%;--awb-spacing-right-medium:1.92%;--awb-spacing-left-medium:1.92%;--awb-width-small:100%;--awb-spacing-right-small:1.92%;--awb-spacing-left-small:1.92%;\"><div class=\"fusion-column-wrapper fusion-flex-justify-content-flex-start fusion-content-layout-column\"><div class=\"fusion-title title fusion-title-1 fusion-sep-none fusion-title-text fusion-title-size-two\" style=\"--awb-margin-bottom:30px;--awb-margin-top-small:0px;--awb-margin-right-small:0px;--awb-margin-bottom-small:20px;--awb-margin-left-small:0px;\"><h2 class=\"fusion-title-heading title-heading-left fusion-responsive-typography-calculated\" style=\"margin:0;--fontSize:26;line-height:1.4;\">Energie<\/h2><\/div><div class=\"fusion-text fusion-text-1\"><p>Cloeren Prozesstechnologien helfen dabei t\u00e4gliche Probleme zu l\u00f6sen und schaffen wahre Marktvorteile. Unsere Technologien haben effektiv Vorteile in der Solar- und Bauindustrie geschaffen, durch die Fertigung von energieeffizienteren Produkten und Produkten zur Umsetzung erneuerbarer Energien. Die von uns geschaffenen Vorteile haben zu Entwicklungen der Technologien in zahlreichen Industriezweigen beigetragen, so auch in der Solarindustrie.<\/p>\n<p><strong>Cloeren\u2019s Engagement im Bereich der Photovoltaik<\/strong><br \/>\nPhotovoltaik-Module verwenden eine wachsende Anzahl von hoch technischen Polymerwerkstoffen, sowohl um die allgemeinen Kosten und das allgemeine Gewicht von Modulen zu reduzieren als auch ihre Effizienz zu steigen. Seit langem ist Cloeren f\u00fchrend in der Solarfolienindustrie, eingebunden in fast jedem Bereich von Photovoltaik-Modulen: Fluorpolymer Frontfolien, Einkapselungs- und Versiegelungsmaterial, einschichtige und co-extrudierte R\u00fcckseitenfolien f\u00fcr Photovoltaik-Module und selbst Polyimidfolien-die als Tr\u00e4germaterial f\u00fcr D\u00fcnnfilm-Solar-PV-Zellen und \u2013Module eingesetzt werden.<\/p>\n<p><strong>Batterie Separatoren Folien<\/strong><br \/>\nBatterie Separatoren Folien sind f\u00fcr die Effizienz und Leistung von Fl\u00fcssig-Elektrolyt Lithium-ionen-Batterien entscheidend. Diese Folien werden aus einem heterogenem Material produziert und mit Hilfe eines \u201eorientierten Herstellungsprozesses\u201c gefertigt. Den rasch wachsenden Markt hat Cloeren erkannt und L\u00f6sungen f\u00fcr die Herstellung von Werkzeugen f\u00fcr diese Anwendung entwickelt, die l\u00e4ngst im Einsatz und international anerkannt sind.<\/p>\n<\/div><\/div><\/div><div class=\"fusion-layout-column fusion_builder_column fusion-builder-column-2 fusion_builder_column_1_3 1_3 fusion-flex-column\" style=\"--awb-bg-size:cover;--awb-width-large:33.333333333333%;--awb-margin-top-large:0px;--awb-spacing-right-large:5.76%;--awb-margin-bottom-large:30px;--awb-spacing-left-large:5.76%;--awb-width-medium:100%;--awb-spacing-right-medium:1.92%;--awb-spacing-left-medium:1.92%;--awb-width-small:100%;--awb-spacing-right-small:1.92%;--awb-spacing-left-small:1.92%;\"><div class=\"fusion-column-wrapper fusion-flex-justify-content-flex-start fusion-content-layout-column\"><div class=\"fusion-content-boxes content-boxes columns row fusion-columns-1 fusion-columns-total-2 fusion-content-boxes-1 content-boxes-icon-with-title content-left\" style=\"--awb-margin-bottom:0px;--awb-hover-accent-color:#14213d;--awb-circle-hover-accent-color:#14213d;--awb-item-margin-bottom:40px;\" data-animationOffset=\"top-into-view\"><div style=\"--awb-backgroundcolor:#e8e8e9;\" class=\"fusion-column content-box-column content-box-column content-box-column-1 col-lg-12 col-md-12 col-sm-12 fusion-content-box-hover content-box-column-last-in-row\"><div class=\"col content-box-wrapper content-wrapper-background link-area-link-icon icon-hover-animation-fade\" data-animationOffset=\"top-into-view\"><div class=\"heading icon-left\"><h2 class=\"content-box-heading fusion-responsive-typography-calculated\" style=\"--h2_typography-font-size:26px;--fontSize:26;line-height:1.4;\">Wusstest du schon...<\/h2><\/div><div class=\"fusion-clearfix\"><\/div><div class=\"content-container\">Cloeren verwendet h\u00f6here Legierung und gr\u00f6\u00dfere Abmessungen des Stahls als deren Mitbewerber, um eine bessere thermische und mechanische Integrit\u00e4t zu gew\u00e4hrleisten.<\/div><\/div><\/div><div style=\"--awb-backgroundcolor:#e8e8e9;--awb-iconcolor:#14213d;--awb-circle-hover-accent-color:transparent;\" class=\"fusion-column content-box-column content-box-column content-box-column-2 col-lg-12 col-md-12 col-sm-12 fusion-content-box-hover content-box-column-last content-box-column-last-in-row\"><div class=\"col content-box-wrapper content-wrapper-background link-area-link-icon icon-hover-animation-fade\" data-animationOffset=\"top-into-view\"><div class=\"heading icon-left\"><h2 class=\"content-box-heading fusion-responsive-typography-calculated\" style=\"--h2_typography-font-size:26px;--fontSize:26;line-height:1.4;\">Haben Sie eine Frage \u00fcber unsere Einsatzbereiche?<\/h2><\/div><div class=\"fusion-clearfix\"><\/div><div class=\"content-container\"><div class=\"fusion-text fusion-text-2\"><p>Klicken Sie hier, um auf unsere Kontaktseite zu gelangen, wo Sie uns eine Nachricht zusenden k\u00f6nnen.<\/p>\n<\/div>\n<div ><a class=\"fusion-button button-flat fusion-button-default-size button-default fusion-button-default button-1 fusion-button-span-yes fusion-button-default-type\" target=\"_self\" href=\"https:\/\/cloeren.com\/de\/kontaktiere-uns\/\"><span class=\"fusion-button-text awb-button__text awb-button__text--default\">Kontaktiere Uns<\/span><i class=\" fa fa-comment awb-button__icon awb-button__icon--default button-icon-right\" aria-hidden=\"true\"><\/i><\/a><\/div><\/div><\/div><\/div><div class=\"fusion-clearfix\"><\/div><\/div><\/div><\/div><div class=\"fusion-layout-column fusion_builder_column fusion-builder-column-3 fusion_builder_column_1_1 1_1 fusion-flex-column\" style=\"--awb-bg-size:cover;--awb-width-large:100%;--awb-margin-top-large:0px;--awb-spacing-right-large:1.92%;--awb-margin-bottom-large:30px;--awb-spacing-left-large:1.92%;--awb-width-medium:100%;--awb-spacing-right-medium:1.92%;--awb-spacing-left-medium:1.92%;--awb-width-small:100%;--awb-spacing-right-small:1.92%;--awb-spacing-left-small:1.92%;\"><div class=\"fusion-column-wrapper fusion-flex-justify-content-flex-start fusion-content-layout-column\"><div class=\"fusion-separator fusion-full-width-sep\" style=\"align-self: center;margin-left: auto;margin-right: auto;margin-bottom:60px;width:100%;\"><div class=\"fusion-separator-border sep-single sep-solid\" style=\"--awb-height:20px;--awb-amount:20px;border-color:#d6d6d7;border-top-width:1px;\"><\/div><\/div><div class=\"fusion-title title fusion-title-2 fusion-sep-none fusion-title-text fusion-title-size-two\" style=\"--awb-margin-bottom:30px;--awb-margin-top-small:0px;--awb-margin-right-small:0px;--awb-margin-bottom-small:20px;--awb-margin-left-small:0px;\"><h2 class=\"fusion-title-heading title-heading-left fusion-responsive-typography-calculated\" style=\"margin:0;--fontSize:26;line-height:1.4;\">\u00c4hnliche Produkte<\/h2><\/div>            <div class=\"fusion-builder-row fusion-row fusion-flex-align-items-flex-start\" style=\"width:calc( 100% + 30px ) !important;max-width:calc( 100% + 30px ) !important;margin-left: calc(-30px \/ 2 );margin-right: calc(-30px \/ 2 );\">\n                                    <div class=\"fusion-layout-column fusion_builder_column_inner fusion_builder_column_inner_1_3 1_3 fusion-flex-column\" style=\"--awb-bg-size:cover;--awb-width-large:33.333333333333%;--awb-spacing-right-large:15px;--awb-spacing-left-large:15px;--awb-width-medium:50%;--awb-order-medium:0;--awb-spacing-right-medium:15px;--awb-spacing-left-medium:15px;--awb-width-small:100%;--awb-order-small:0;--awb-spacing-right-small:15px;--awb-spacing-left-small:15px;\">\n                        <div class=\"fusion-column-wrapper fusion-column-has-shadow fusion-flex-justify-content-flex-start fusion-content-layout-column\">\n                            <a href=\"https:\/\/cloeren.com\/de\/breitschlitzdusen\/einkanaldusen\/\" class=\"cl-page-column is-gray\" >\n                                                                    <img decoding=\"async\" width=\"1000\" height=\"1000\" src=\"https:\/\/cloeren.com\/content\/uploads\/2017\/02\/product__single-manifold-dies.jpg\" class=\"attachment-post-thumbnail size-post-thumbnail wp-post-image\" alt=\"\" srcset=\"https:\/\/cloeren.com\/content\/uploads\/2017\/02\/product__single-manifold-dies-66x66.jpg 66w, https:\/\/cloeren.com\/content\/uploads\/2017\/02\/product__single-manifold-dies-150x150.jpg 150w, https:\/\/cloeren.com\/content\/uploads\/2017\/02\/product__single-manifold-dies-200x200.jpg 200w, https:\/\/cloeren.com\/content\/uploads\/2017\/02\/product__single-manifold-dies-300x300.jpg 300w, https:\/\/cloeren.com\/content\/uploads\/2017\/02\/product__single-manifold-dies-400x400.jpg 400w, https:\/\/cloeren.com\/content\/uploads\/2017\/02\/product__single-manifold-dies-600x600.jpg 600w, https:\/\/cloeren.com\/content\/uploads\/2017\/02\/product__single-manifold-dies-768x768.jpg 768w, https:\/\/cloeren.com\/content\/uploads\/2017\/02\/product__single-manifold-dies-800x800.jpg 800w, https:\/\/cloeren.com\/content\/uploads\/2017\/02\/product__single-manifold-dies.jpg 1000w\" sizes=\"(max-width: 1000px) 100vw, 1000px\" \/>                                \n                                <div class=\"cl-page-column__content has-subtitle\">\n                                                                            <div class=\"cl-page-column__title\">Einsatzbereiche<\/div>\n                                    \n                                    <div class=\"cl-page-column__subtitle\">Einkanald\u00fcsen<\/div>\n\n                                <\/div>\n                            <\/a>\n\n                        <\/div>\n                    <\/div>\n                                    <div class=\"fusion-layout-column fusion_builder_column_inner fusion_builder_column_inner_1_3 1_3 fusion-flex-column\" style=\"--awb-bg-size:cover;--awb-width-large:33.333333333333%;--awb-spacing-right-large:15px;--awb-spacing-left-large:15px;--awb-width-medium:50%;--awb-order-medium:0;--awb-spacing-right-medium:15px;--awb-spacing-left-medium:15px;--awb-width-small:100%;--awb-order-small:0;--awb-spacing-right-small:15px;--awb-spacing-left-small:15px;\">\n                        <div class=\"fusion-column-wrapper fusion-column-has-shadow fusion-flex-justify-content-flex-start fusion-content-layout-column\">\n                            <a href=\"https:\/\/cloeren.com\/de\/breitschlitzdusen\/re%c6%92lex-dusen\/\" class=\"cl-page-column is-gray\" >\n                                                                    <img decoding=\"async\" width=\"1000\" height=\"1000\" src=\"https:\/\/cloeren.com\/content\/uploads\/2019\/08\/product__reflex.jpg\" class=\"attachment-post-thumbnail size-post-thumbnail wp-post-image\" alt=\"\" srcset=\"https:\/\/cloeren.com\/content\/uploads\/2019\/08\/product__reflex-66x66.jpg 66w, https:\/\/cloeren.com\/content\/uploads\/2019\/08\/product__reflex-150x150.jpg 150w, https:\/\/cloeren.com\/content\/uploads\/2019\/08\/product__reflex-200x200.jpg 200w, https:\/\/cloeren.com\/content\/uploads\/2019\/08\/product__reflex-300x300.jpg 300w, https:\/\/cloeren.com\/content\/uploads\/2019\/08\/product__reflex-400x400.jpg 400w, https:\/\/cloeren.com\/content\/uploads\/2019\/08\/product__reflex-600x600.jpg 600w, https:\/\/cloeren.com\/content\/uploads\/2019\/08\/product__reflex-768x768.jpg 768w, https:\/\/cloeren.com\/content\/uploads\/2019\/08\/product__reflex-800x800.jpg 800w, https:\/\/cloeren.com\/content\/uploads\/2019\/08\/product__reflex.jpg 1000w\" sizes=\"(max-width: 1000px) 100vw, 1000px\" \/>                                \n                                <div class=\"cl-page-column__content has-subtitle\">\n                                                                            <div class=\"cl-page-column__title\">Einsatzbereiche<\/div>\n                                    \n                                    <div class=\"cl-page-column__subtitle\">Re\u0192lex\u2122 D\u00fcsen<\/div>\n\n                                <\/div>\n                            <\/a>\n\n                        <\/div>\n                    <\/div>\n                            <\/div>\n\n<\/div><\/div><\/div><\/div>\n","protected":false},"excerpt":{"rendered":"","protected":false},"author":1,"featured_media":3976,"parent":6151,"menu_order":8,"comment_status":"closed","ping_status":"closed","template":"","meta":{"_acf_changed":false,"footnotes":""},"class_list":["post-6275","page","type-page","status-publish","has-post-thumbnail","hentry"],"acf":[],"_links":{"self":[{"href":"https:\/\/cloeren.com\/de\/wp-json\/wp\/v2\/pages\/6275","targetHints":{"allow":["GET"]}}],"collection":[{"href":"https:\/\/cloeren.com\/de\/wp-json\/wp\/v2\/pages"}],"about":[{"href":"https:\/\/cloeren.com\/de\/wp-json\/wp\/v2\/types\/page"}],"author":[{"embeddable":true,"href":"https:\/\/cloeren.com\/de\/wp-json\/wp\/v2\/users\/1"}],"replies":[{"embeddable":true,"href":"https:\/\/cloeren.com\/de\/wp-json\/wp\/v2\/comments?post=6275"}],"version-history":[{"count":3,"href":"https:\/\/cloeren.com\/de\/wp-json\/wp\/v2\/pages\/6275\/revisions"}],"predecessor-version":[{"id":19568,"href":"https:\/\/cloeren.com\/de\/wp-json\/wp\/v2\/pages\/6275\/revisions\/19568"}],"up":[{"embeddable":true,"href":"https:\/\/cloeren.com\/de\/wp-json\/wp\/v2\/pages\/6151"}],"wp:featuredmedia":[{"embeddable":true,"href":"https:\/\/cloeren.com\/de\/wp-json\/wp\/v2\/media\/3976"}],"wp:attachment":[{"href":"https:\/\/cloeren.com\/de\/wp-json\/wp\/v2\/media?parent=6275"}],"curies":[{"name":"wp","href":"https:\/\/api.w.org\/{rel}","templated":true}]}}