{"id":6216,"date":"2017-01-19T10:25:39","date_gmt":"2017-01-19T16:25:39","guid":{"rendered":"https:\/\/cloeren.com\/einsatzbereiche\/automobil\/"},"modified":"2022-12-20T13:10:42","modified_gmt":"2022-12-20T19:10:42","slug":"automobil","status":"publish","type":"page","link":"https:\/\/cloeren.com\/de\/einsatzbereiche\/automobil\/","title":{"rendered":"Automobil"},"content":{"rendered":"<div class=\"fusion-fullwidth fullwidth-box fusion-builder-row-1 fusion-flex-container has-pattern-background has-mask-background nonhundred-percent-fullwidth non-hundred-percent-height-scrolling\" style=\"--awb-border-radius-top-left:0px;--awb-border-radius-top-right:0px;--awb-border-radius-bottom-right:0px;--awb-border-radius-bottom-left:0px;--awb-padding-bottom:30px;--awb-flex-wrap:wrap;\" ><div class=\"fusion-builder-row fusion-row fusion-flex-align-items-flex-start fusion-flex-content-wrap\" style=\"max-width:1456px;margin-left: calc(-4% \/ 2 );margin-right: calc(-4% \/ 2 );\"><div class=\"fusion-layout-column fusion_builder_column fusion-builder-column-0 fusion_builder_column_1_1 1_1 fusion-flex-column\" style=\"--awb-bg-size:cover;--awb-width-large:100%;--awb-margin-top-large:0px;--awb-spacing-right-large:1.92%;--awb-margin-bottom-large:30px;--awb-spacing-left-large:1.92%;--awb-width-medium:100%;--awb-spacing-right-medium:1.92%;--awb-spacing-left-medium:1.92%;--awb-width-small:100%;--awb-spacing-right-small:1.92%;--awb-spacing-left-small:1.92%;\"><div class=\"fusion-column-wrapper fusion-flex-justify-content-flex-start fusion-content-layout-column\"><div class=\"fusion-separator fusion-full-width-sep slider-border\" style=\"align-self: center;margin-left: auto;margin-right: auto;margin-top:30px;margin-bottom:40px;width:100%;\"><div class=\"fusion-separator-border sep-single sep-solid\" style=\"--awb-height:20px;--awb-amount:20px;border-color:#d6d6d7;border-top-width:1px;\"><\/div><\/div><\/div><\/div><div class=\"fusion-layout-column fusion_builder_column fusion-builder-column-1 fusion_builder_column_2_3 2_3 fusion-flex-column\" style=\"--awb-bg-size:cover;--awb-width-large:66.666666666667%;--awb-margin-top-large:0px;--awb-spacing-right-large:2.88%;--awb-margin-bottom-large:30px;--awb-spacing-left-large:2.88%;--awb-width-medium:100%;--awb-spacing-right-medium:1.92%;--awb-spacing-left-medium:1.92%;--awb-width-small:100%;--awb-spacing-right-small:1.92%;--awb-spacing-left-small:1.92%;\"><div class=\"fusion-column-wrapper fusion-flex-justify-content-flex-start fusion-content-layout-column\"><div class=\"fusion-title title fusion-title-1 fusion-sep-none fusion-title-text fusion-title-size-two\" style=\"--awb-margin-bottom:30px;--awb-margin-top-small:0px;--awb-margin-right-small:0px;--awb-margin-bottom-small:20px;--awb-margin-left-small:0px;\"><h2 class=\"fusion-title-heading title-heading-left fusion-responsive-typography-calculated\" style=\"margin:0;--fontSize:26;line-height:1.4;\">Automobil<\/h2><\/div><div class=\"fusion-text fusion-text-1\"><p>Cloeren Technologien der Co-Extrusions Adaptoren und Breitschlitzd\u00fcsen haben zu gro\u00dfen Durchbr\u00fcchen in der Automobilindustrie gef\u00fchrt, einschlie\u00dflich<\/p>\n<p><strong>Windschutzscheiben Sicherheitsfolie (Verbundfolien)<\/strong><br \/>\nCloeren's d\u00fcnnere und gleichm\u00e4\u00dfigere Mehrlagenfolien revolutionierten die Industrie f\u00fcr alle Fahrer und steigerten gleicherma\u00dfen deren Sicherheit. Durch die Entwicklung einer Technologie den Gr\u00fcnstreifen der Windschutzscheibe in einem Co-Extrusions Verfahren herstellen zu k\u00f6nnen konnten wir zus\u00e4tzlich 30 Tage des Produktionszyklus unseres Kunden reduzieren und somit zu einem in nur Wochen messbaren ROI (Return Of Investment) beitragen.<\/p>\n<p><strong>Teppichboden<\/strong><br \/>\neine einzigartige Cloeren Technologie erm\u00f6glicht es f\u00fcr die Automobilindustrie gef\u00fcllte Polymere auf die R\u00fcckseite des Teppichs zu extrudieren.<\/p>\n<\/div><\/div><\/div><div class=\"fusion-layout-column fusion_builder_column fusion-builder-column-2 fusion_builder_column_1_3 1_3 fusion-flex-column\" style=\"--awb-bg-size:cover;--awb-width-large:33.333333333333%;--awb-margin-top-large:0px;--awb-spacing-right-large:5.76%;--awb-margin-bottom-large:30px;--awb-spacing-left-large:5.76%;--awb-width-medium:100%;--awb-spacing-right-medium:1.92%;--awb-spacing-left-medium:1.92%;--awb-width-small:100%;--awb-spacing-right-small:1.92%;--awb-spacing-left-small:1.92%;\"><div class=\"fusion-column-wrapper fusion-flex-justify-content-flex-start fusion-content-layout-column\"><div class=\"fusion-content-boxes content-boxes columns row fusion-columns-1 fusion-columns-total-2 fusion-content-boxes-1 content-boxes-icon-with-title content-left\" style=\"--awb-margin-bottom:0px;--awb-hover-accent-color:#14213d;--awb-circle-hover-accent-color:#14213d;--awb-item-margin-bottom:40px;\" data-animationOffset=\"top-into-view\"><div style=\"--awb-backgroundcolor:#e8e8e9;\" class=\"fusion-column content-box-column content-box-column content-box-column-1 col-lg-12 col-md-12 col-sm-12 fusion-content-box-hover content-box-column-last-in-row\"><div class=\"col content-box-wrapper content-wrapper-background link-area-link-icon icon-hover-animation-fade\" data-animationOffset=\"top-into-view\"><div class=\"heading icon-left\"><h2 class=\"content-box-heading fusion-responsive-typography-calculated\" style=\"--h2_typography-font-size:26px;--fontSize:26;line-height:1.4;\">Wusstest du schon...<\/h2><\/div><div class=\"fusion-clearfix\"><\/div><div class=\"content-container\">Cloeren entwickelte den Prozess, der von der Mehrheit der Automobilwindschutzscheibenherstellern weltweit verwendet wird, um den Farbverlauf (Gr\u00fcnkeil) am oberen Ende der Windschutzscheibe zu produzieren.<\/div><\/div><\/div><div style=\"--awb-backgroundcolor:#e8e8e9;--awb-iconcolor:#14213d;--awb-circle-hover-accent-color:transparent;\" class=\"fusion-column content-box-column content-box-column content-box-column-2 col-lg-12 col-md-12 col-sm-12 fusion-content-box-hover content-box-column-last content-box-column-last-in-row\"><div class=\"col content-box-wrapper content-wrapper-background link-area-link-icon icon-hover-animation-fade\" data-animationOffset=\"top-into-view\"><div class=\"heading icon-left\"><h2 class=\"content-box-heading fusion-responsive-typography-calculated\" style=\"--h2_typography-font-size:26px;--fontSize:26;line-height:1.4;\">Haben Sie eine Frage \u00fcber unsere Einsatzbereiche?<\/h2><\/div><div class=\"fusion-clearfix\"><\/div><div class=\"content-container\"><div class=\"fusion-text fusion-text-2\"><p>Klicken Sie hier, um auf unsere Kontaktseite zu gelangen, wo Sie uns eine Nachricht zusenden k\u00f6nnen.<\/p>\n<\/div>\n<div ><a class=\"fusion-button button-flat fusion-button-default-size button-default fusion-button-default button-1 fusion-button-span-yes fusion-button-default-type\" target=\"_self\" href=\"https:\/\/cloeren.com\/de\/kontaktiere-uns\/\"><span class=\"fusion-button-text awb-button__text awb-button__text--default\">Kontaktiere Uns<\/span><i class=\" fa fa-comment awb-button__icon awb-button__icon--default button-icon-right\" aria-hidden=\"true\"><\/i><\/a><\/div><\/div><\/div><\/div><div class=\"fusion-clearfix\"><\/div><\/div><\/div><\/div><div class=\"fusion-layout-column fusion_builder_column fusion-builder-column-3 fusion_builder_column_1_1 1_1 fusion-flex-column\" style=\"--awb-bg-size:cover;--awb-width-large:100%;--awb-margin-top-large:0px;--awb-spacing-right-large:1.92%;--awb-margin-bottom-large:30px;--awb-spacing-left-large:1.92%;--awb-width-medium:100%;--awb-spacing-right-medium:1.92%;--awb-spacing-left-medium:1.92%;--awb-width-small:100%;--awb-spacing-right-small:1.92%;--awb-spacing-left-small:1.92%;\"><div class=\"fusion-column-wrapper fusion-flex-justify-content-flex-start fusion-content-layout-column\"><div class=\"fusion-separator fusion-full-width-sep\" style=\"align-self: center;margin-left: auto;margin-right: auto;margin-bottom:60px;width:100%;\"><div class=\"fusion-separator-border sep-single sep-solid\" style=\"--awb-height:20px;--awb-amount:20px;border-color:#d6d6d7;border-top-width:1px;\"><\/div><\/div><div class=\"fusion-title title fusion-title-2 fusion-sep-none fusion-title-text fusion-title-size-two\" style=\"--awb-margin-bottom:30px;--awb-margin-top-small:0px;--awb-margin-right-small:0px;--awb-margin-bottom-small:20px;--awb-margin-left-small:0px;\"><h2 class=\"fusion-title-heading title-heading-left fusion-responsive-typography-calculated\" style=\"margin:0;--fontSize:26;line-height:1.4;\">\u00c4hnliche Produkte<\/h2><\/div>            <div class=\"fusion-builder-row fusion-row fusion-flex-align-items-flex-start\" style=\"width:calc( 100% + 30px ) !important;max-width:calc( 100% + 30px ) !important;margin-left: calc(-30px \/ 2 );margin-right: calc(-30px \/ 2 );\">\n                                    <div class=\"fusion-layout-column fusion_builder_column_inner fusion_builder_column_inner_1_3 1_3 fusion-flex-column\" style=\"--awb-bg-size:cover;--awb-width-large:33.333333333333%;--awb-spacing-right-large:15px;--awb-spacing-left-large:15px;--awb-width-medium:50%;--awb-order-medium:0;--awb-spacing-right-medium:15px;--awb-spacing-left-medium:15px;--awb-width-small:100%;--awb-order-small:0;--awb-spacing-right-small:15px;--awb-spacing-left-small:15px;\">\n                        <div class=\"fusion-column-wrapper fusion-column-has-shadow fusion-flex-justify-content-flex-start fusion-content-layout-column\">\n                            <a href=\"https:\/\/cloeren.com\/de\/breitschlitzdusen\/einkanaldusen\/\" class=\"cl-page-column is-gray\" >\n                                                                    <img decoding=\"async\" width=\"1000\" height=\"1000\" src=\"https:\/\/cloeren.com\/content\/uploads\/2017\/02\/product__single-manifold-dies.jpg\" class=\"attachment-post-thumbnail size-post-thumbnail wp-post-image\" alt=\"\" srcset=\"https:\/\/cloeren.com\/content\/uploads\/2017\/02\/product__single-manifold-dies-66x66.jpg 66w, https:\/\/cloeren.com\/content\/uploads\/2017\/02\/product__single-manifold-dies-150x150.jpg 150w, https:\/\/cloeren.com\/content\/uploads\/2017\/02\/product__single-manifold-dies-200x200.jpg 200w, https:\/\/cloeren.com\/content\/uploads\/2017\/02\/product__single-manifold-dies-300x300.jpg 300w, https:\/\/cloeren.com\/content\/uploads\/2017\/02\/product__single-manifold-dies-400x400.jpg 400w, https:\/\/cloeren.com\/content\/uploads\/2017\/02\/product__single-manifold-dies-600x600.jpg 600w, https:\/\/cloeren.com\/content\/uploads\/2017\/02\/product__single-manifold-dies-768x768.jpg 768w, https:\/\/cloeren.com\/content\/uploads\/2017\/02\/product__single-manifold-dies-800x800.jpg 800w, https:\/\/cloeren.com\/content\/uploads\/2017\/02\/product__single-manifold-dies.jpg 1000w\" sizes=\"(max-width: 1000px) 100vw, 1000px\" \/>                                \n                                <div class=\"cl-page-column__content has-subtitle\">\n                                                                            <div class=\"cl-page-column__title\">Einsatzbereiche<\/div>\n                                    \n                                    <div class=\"cl-page-column__subtitle\">Einkanald\u00fcsen<\/div>\n\n                                <\/div>\n                            <\/a>\n\n                        <\/div>\n                    <\/div>\n                                    <div class=\"fusion-layout-column fusion_builder_column_inner fusion_builder_column_inner_1_3 1_3 fusion-flex-column\" style=\"--awb-bg-size:cover;--awb-width-large:33.333333333333%;--awb-spacing-right-large:15px;--awb-spacing-left-large:15px;--awb-width-medium:50%;--awb-order-medium:0;--awb-spacing-right-medium:15px;--awb-spacing-left-medium:15px;--awb-width-small:100%;--awb-order-small:0;--awb-spacing-right-small:15px;--awb-spacing-left-small:15px;\">\n                        <div class=\"fusion-column-wrapper fusion-column-has-shadow fusion-flex-justify-content-flex-start fusion-content-layout-column\">\n                            <a href=\"https:\/\/cloeren.com\/de\/breitschlitzdusen\/re%c6%92lex-dusen\/\" class=\"cl-page-column is-gray\" >\n                                                                    <img decoding=\"async\" width=\"1000\" height=\"1000\" src=\"https:\/\/cloeren.com\/content\/uploads\/2019\/08\/product__reflex.jpg\" class=\"attachment-post-thumbnail size-post-thumbnail wp-post-image\" alt=\"\" srcset=\"https:\/\/cloeren.com\/content\/uploads\/2019\/08\/product__reflex-66x66.jpg 66w, https:\/\/cloeren.com\/content\/uploads\/2019\/08\/product__reflex-150x150.jpg 150w, https:\/\/cloeren.com\/content\/uploads\/2019\/08\/product__reflex-200x200.jpg 200w, https:\/\/cloeren.com\/content\/uploads\/2019\/08\/product__reflex-300x300.jpg 300w, https:\/\/cloeren.com\/content\/uploads\/2019\/08\/product__reflex-400x400.jpg 400w, https:\/\/cloeren.com\/content\/uploads\/2019\/08\/product__reflex-600x600.jpg 600w, https:\/\/cloeren.com\/content\/uploads\/2019\/08\/product__reflex-768x768.jpg 768w, https:\/\/cloeren.com\/content\/uploads\/2019\/08\/product__reflex-800x800.jpg 800w, https:\/\/cloeren.com\/content\/uploads\/2019\/08\/product__reflex.jpg 1000w\" sizes=\"(max-width: 1000px) 100vw, 1000px\" \/>                                \n                                <div class=\"cl-page-column__content has-subtitle\">\n                                                                            <div class=\"cl-page-column__title\">Einsatzbereiche<\/div>\n                                    \n                                    <div class=\"cl-page-column__subtitle\">Re\u0192lex\u2122 D\u00fcsen<\/div>\n\n                                <\/div>\n                            <\/a>\n\n                        <\/div>\n                    <\/div>\n                            <\/div>\n\n<\/div><\/div><\/div><\/div>\n","protected":false},"excerpt":{"rendered":"","protected":false},"author":1,"featured_media":3916,"parent":6151,"menu_order":6,"comment_status":"closed","ping_status":"closed","template":"","meta":{"_acf_changed":false,"footnotes":""},"class_list":["post-6216","page","type-page","status-publish","has-post-thumbnail","hentry"],"acf":[],"_links":{"self":[{"href":"https:\/\/cloeren.com\/de\/wp-json\/wp\/v2\/pages\/6216","targetHints":{"allow":["GET"]}}],"collection":[{"href":"https:\/\/cloeren.com\/de\/wp-json\/wp\/v2\/pages"}],"about":[{"href":"https:\/\/cloeren.com\/de\/wp-json\/wp\/v2\/types\/page"}],"author":[{"embeddable":true,"href":"https:\/\/cloeren.com\/de\/wp-json\/wp\/v2\/users\/1"}],"replies":[{"embeddable":true,"href":"https:\/\/cloeren.com\/de\/wp-json\/wp\/v2\/comments?post=6216"}],"version-history":[{"count":3,"href":"https:\/\/cloeren.com\/de\/wp-json\/wp\/v2\/pages\/6216\/revisions"}],"predecessor-version":[{"id":19536,"href":"https:\/\/cloeren.com\/de\/wp-json\/wp\/v2\/pages\/6216\/revisions\/19536"}],"up":[{"embeddable":true,"href":"https:\/\/cloeren.com\/de\/wp-json\/wp\/v2\/pages\/6151"}],"wp:featuredmedia":[{"embeddable":true,"href":"https:\/\/cloeren.com\/de\/wp-json\/wp\/v2\/media\/3916"}],"wp:attachment":[{"href":"https:\/\/cloeren.com\/de\/wp-json\/wp\/v2\/media?parent=6216"}],"curies":[{"name":"wp","href":"https:\/\/api.w.org\/{rel}","templated":true}]}}