{"id":6112,"date":"2017-02-20T09:22:45","date_gmt":"2017-02-20T15:22:45","guid":{"rendered":"https:\/\/cloeren.com\/service\/unterstutzung-und-prozess-integration\/"},"modified":"2022-12-29T13:36:05","modified_gmt":"2022-12-29T19:36:05","slug":"unterstutzung-und-prozess-integration","status":"publish","type":"page","link":"https:\/\/cloeren.com\/de\/extrusionsdienstleistungen\/unterstutzung-und-prozess-integration\/","title":{"rendered":"Unterst\u00fctzung und Prozess Integration"},"content":{"rendered":"<div class=\"fusion-fullwidth fullwidth-box fusion-builder-row-1 fusion-flex-container has-pattern-background has-mask-background nonhundred-percent-fullwidth non-hundred-percent-height-scrolling\" style=\"--awb-border-radius-top-left:0px;--awb-border-radius-top-right:0px;--awb-border-radius-bottom-right:0px;--awb-border-radius-bottom-left:0px;--awb-flex-wrap:wrap;\" ><div class=\"fusion-builder-row fusion-row fusion-flex-align-items-flex-start fusion-flex-content-wrap\" style=\"max-width:1456px;margin-left: calc(-4% \/ 2 );margin-right: calc(-4% \/ 2 );\"><div class=\"fusion-layout-column fusion_builder_column fusion-builder-column-0 fusion_builder_column_1_1 1_1 fusion-flex-column\" style=\"--awb-bg-size:cover;--awb-width-large:100%;--awb-margin-top-large:0px;--awb-spacing-right-large:1.92%;--awb-margin-bottom-large:30px;--awb-spacing-left-large:1.92%;--awb-width-medium:100%;--awb-spacing-right-medium:1.92%;--awb-spacing-left-medium:1.92%;--awb-width-small:100%;--awb-spacing-right-small:1.92%;--awb-spacing-left-small:1.92%;\"><div class=\"fusion-column-wrapper fusion-flex-justify-content-flex-start fusion-content-layout-column\"><div class=\"fusion-separator fusion-full-width-sep slider-border\" style=\"align-self: center;margin-left: auto;margin-right: auto;margin-top:30px;margin-bottom:40px;width:100%;\"><div class=\"fusion-separator-border sep-single sep-solid\" style=\"--awb-height:20px;--awb-amount:20px;border-color:#d6d6d7;border-top-width:1px;\"><\/div><\/div><\/div><\/div><div class=\"fusion-layout-column fusion_builder_column fusion-builder-column-1 fusion_builder_column_2_3 2_3 fusion-flex-column\" style=\"--awb-bg-size:cover;--awb-width-large:66.666666666667%;--awb-margin-top-large:0px;--awb-spacing-right-large:2.88%;--awb-margin-bottom-large:30px;--awb-spacing-left-large:2.88%;--awb-width-medium:100%;--awb-spacing-right-medium:1.92%;--awb-spacing-left-medium:1.92%;--awb-width-small:100%;--awb-spacing-right-small:1.92%;--awb-spacing-left-small:1.92%;\"><div class=\"fusion-column-wrapper fusion-flex-justify-content-flex-start fusion-content-layout-column\"><div class=\"fusion-title title fusion-title-1 fusion-sep-none fusion-title-text fusion-title-size-two\" style=\"--awb-margin-bottom:30px;--awb-margin-top-small:0px;--awb-margin-right-small:0px;--awb-margin-bottom-small:20px;--awb-margin-left-small:0px;\"><h2 class=\"fusion-title-heading title-heading-left fusion-responsive-typography-calculated\" style=\"margin:0;--fontSize:26;line-height:1.4;\">Unterst\u00fctzung und Prozess Integration<\/h2><\/div><div class=\"fusion-text fusion-text-1\"><p>Jedes Projekt das Cloeren \u00fcbernimmt ist eine Verpflichtung f\u00fcr Spitzenleistungen und Qualit\u00e4t, eine Verantwortung die f\u00fcr uns nicht mit einem Auftrag endet. Unser Verkauf und das Technikpersonal verf\u00fcgen \u00fcber die n\u00f6tigen Sachkenntnisse um Ihr Cloerenprodukt \u00fcber den gesamten Lebenszyklus hinweg zu begleiten und Sie bei allen Fragen zu unterst\u00fctzen. <\/p>\n<p>Um Ihre Effizienz, Produktivit\u00e4t und Sicherheit sicherzustellen widmen sich viele unserer hochqualifizierten Mitarbeiter ausschlie\u00dflich der Unterst\u00fctzung unserer Kunden und dies bei den gesamten Produktionsprozessen unabh\u00e4ngig vom Maschinenlieferant.<\/p>\n<p>F\u00fcr jedes von Cloeren verkaufte System, bieten wir entsprechende Integrationshilfe an, inklusive:<\/p>\n<ul>\n<li>Montagehilfe durch Fachleute<\/li>\n<li>Inbetriebnahme Service<\/li>\n<li>intensive Schulungen<\/li>\n<li>detaillierte technische Betriebsanleitungen<\/li>\n<li>fortlaufende technische Unterst\u00fctzung<\/li>\n<\/ul>\n<\/div><\/div><\/div><div class=\"fusion-layout-column fusion_builder_column fusion-builder-column-2 fusion_builder_column_1_3 1_3 fusion-flex-column\" style=\"--awb-bg-size:cover;--awb-width-large:33.333333333333%;--awb-margin-top-large:0px;--awb-spacing-right-large:5.76%;--awb-margin-bottom-large:30px;--awb-spacing-left-large:5.76%;--awb-width-medium:100%;--awb-spacing-right-medium:1.92%;--awb-spacing-left-medium:1.92%;--awb-width-small:100%;--awb-spacing-right-small:1.92%;--awb-spacing-left-small:1.92%;\"><div class=\"fusion-column-wrapper fusion-flex-justify-content-flex-start fusion-content-layout-column\"><div class=\"fusion-content-boxes content-boxes columns row fusion-columns-1 fusion-columns-total-2 fusion-content-boxes-1 content-boxes-icon-with-title content-left\" style=\"--awb-margin-bottom:0px;--awb-hover-accent-color:#14213d;--awb-circle-hover-accent-color:#14213d;--awb-item-margin-bottom:40px;\" data-animationOffset=\"top-into-view\"><div style=\"--awb-backgroundcolor:#e8e8e9;\" class=\"fusion-column content-box-column content-box-column content-box-column-1 col-lg-12 col-md-12 col-sm-12 fusion-content-box-hover content-box-column-last-in-row\"><div class=\"col content-box-wrapper content-wrapper-background link-area-link-icon icon-hover-animation-fade\" data-animationOffset=\"top-into-view\"><div class=\"heading icon-left\"><h2 class=\"content-box-heading fusion-responsive-typography-calculated\" style=\"--h2_typography-font-size:26px;--fontSize:26;line-height:1.4;\">Wusstest du schon...<\/h2><\/div><div class=\"fusion-clearfix\"><\/div><div class=\"content-container\">Cloeren verf\u00fcgt \u00fcber ein eigenes, betriebsinternes Rheologie Laboratorium, das durch branchenf\u00fchrende Materialwissenschaftler und Ingenieure unterst\u00fctzt wird.<\/div><\/div><\/div><div style=\"--awb-backgroundcolor:#e8e8e9;--awb-iconcolor:#14213d;--awb-circle-hover-accent-color:transparent;\" class=\"fusion-column content-box-column content-box-column content-box-column-2 col-lg-12 col-md-12 col-sm-12 fusion-content-box-hover content-box-column-last content-box-column-last-in-row\"><div class=\"col content-box-wrapper content-wrapper-background link-area-link-icon icon-hover-animation-fade\" data-animationOffset=\"top-into-view\"><div class=\"heading icon-left\"><h2 class=\"content-box-heading fusion-responsive-typography-calculated\" style=\"--h2_typography-font-size:26px;--fontSize:26;line-height:1.4;\">Haben Sie eine Frage \u00fcber unsere Service?<\/h2><\/div><div class=\"fusion-clearfix\"><\/div><div class=\"content-container\">\n<div class=\"fusion-text fusion-text-2\"><p>Klicken Sie hier, um auf unsere Kontaktseite zu gelangen, wo Sie uns eine Nachricht zusenden k\u00f6nnen.<\/p>\n<\/div>\n<div ><a class=\"fusion-button button-flat fusion-button-default-size button-default fusion-button-default button-1 fusion-button-span-yes fusion-button-default-type\" target=\"_self\" href=\"https:\/\/cloeren.com\/de\/kontaktiere-uns\/\"><span class=\"fusion-button-text awb-button__text awb-button__text--default\">Kontaktiere Uns<\/span><i class=\" fa fa-comment awb-button__icon awb-button__icon--default button-icon-right\" aria-hidden=\"true\"><\/i><\/a><\/div>\n<\/div><\/div><\/div><div class=\"fusion-clearfix\"><\/div><\/div><\/div><\/div><\/div><\/div>\n","protected":false},"excerpt":{"rendered":"","protected":false},"author":1,"featured_media":4101,"parent":6077,"menu_order":4,"comment_status":"closed","ping_status":"closed","template":"","meta":{"_acf_changed":false,"footnotes":""},"class_list":["post-6112","page","type-page","status-publish","has-post-thumbnail","hentry"],"acf":[],"_links":{"self":[{"href":"https:\/\/cloeren.com\/de\/wp-json\/wp\/v2\/pages\/6112","targetHints":{"allow":["GET"]}}],"collection":[{"href":"https:\/\/cloeren.com\/de\/wp-json\/wp\/v2\/pages"}],"about":[{"href":"https:\/\/cloeren.com\/de\/wp-json\/wp\/v2\/types\/page"}],"author":[{"embeddable":true,"href":"https:\/\/cloeren.com\/de\/wp-json\/wp\/v2\/users\/1"}],"replies":[{"embeddable":true,"href":"https:\/\/cloeren.com\/de\/wp-json\/wp\/v2\/comments?post=6112"}],"version-history":[{"count":3,"href":"https:\/\/cloeren.com\/de\/wp-json\/wp\/v2\/pages\/6112\/revisions"}],"predecessor-version":[{"id":19855,"href":"https:\/\/cloeren.com\/de\/wp-json\/wp\/v2\/pages\/6112\/revisions\/19855"}],"up":[{"embeddable":true,"href":"https:\/\/cloeren.com\/de\/wp-json\/wp\/v2\/pages\/6077"}],"wp:featuredmedia":[{"embeddable":true,"href":"https:\/\/cloeren.com\/de\/wp-json\/wp\/v2\/media\/4101"}],"wp:attachment":[{"href":"https:\/\/cloeren.com\/de\/wp-json\/wp\/v2\/media?parent=6112"}],"curies":[{"name":"wp","href":"https:\/\/api.w.org\/{rel}","templated":true}]}}