{"id":6077,"date":"2017-01-05T11:03:59","date_gmt":"2017-01-05T17:03:59","guid":{"rendered":"https:\/\/cloeren.com\/service\/"},"modified":"2022-12-29T14:15:05","modified_gmt":"2022-12-29T20:15:05","slug":"extrusionsdienstleistungen","status":"publish","type":"page","link":"https:\/\/cloeren.com\/de\/extrusionsdienstleistungen\/","title":{"rendered":"Extrusionsdienstleistungen"},"content":{"rendered":"<div class=\"fusion-fullwidth fullwidth-box fusion-builder-row-1 fusion-flex-container has-pattern-background has-mask-background hundred-percent-fullwidth non-hundred-percent-height-scrolling\" style=\"--awb-border-radius-top-left:0px;--awb-border-radius-top-right:0px;--awb-border-radius-bottom-right:0px;--awb-border-radius-bottom-left:0px;--awb-padding-right:0px;--awb-padding-left:0px;--awb-flex-wrap:wrap;\" ><div class=\"fusion-builder-row fusion-row fusion-flex-align-items-flex-start fusion-flex-content-wrap\" style=\"width:104% !important;max-width:104% !important;margin-left: calc(-4% \/ 2 );margin-right: calc(-4% \/ 2 );\"><div class=\"fusion-layout-column fusion_builder_column fusion-builder-column-0 fusion_builder_column_1_1 1_1 fusion-flex-column\" style=\"--awb-padding-top:0px;--awb-padding-right:0px;--awb-padding-bottom:0px;--awb-padding-left:0px;--awb-bg-size:cover;--awb-width-large:100%;--awb-margin-top-large:0px;--awb-spacing-right-large:1.92%;--awb-margin-bottom-large:0px;--awb-spacing-left-large:1.92%;--awb-width-medium:100%;--awb-spacing-right-medium:1.92%;--awb-spacing-left-medium:1.92%;--awb-width-small:100%;--awb-spacing-right-small:1.92%;--awb-spacing-left-small:1.92%;\"><div class=\"fusion-column-wrapper fusion-flex-justify-content-flex-start fusion-content-layout-column\">\n                            <style>\n                                            .cl-hero.style-2.cl-hero-1 {\n                            background: #011429;\n                        }\n                        .cl-hero.style-2.cl-hero-1 .cl-hero__image:after {\n                            background: -webkit-gradient(linear, left top, right top, from(#011429), to(transparent));\n                            background: linear-gradient(90deg, #011429 0, transparent);\n                        }\n                                    <\/style>\n            \n            <div class=\"cl-hero cl-hero-1 large style-2 cover\">\n                                    <div class=\"cl-hero__image background-image\" style=\"background-image: url(https:\/\/cloeren.com\/content\/uploads\/2017\/02\/extrusion-process-consulting.jpg\"><\/div>\n                \n                                    <h1 class=\"cl-hero__title\">Vielf\u00e4ltige Einsatzm\u00f6glichkeiten<\/h1>\n                \n                                                        <h2 class=\"cl-hero__subtitle\">Wenn gut nicht gut genug ist, dann k\u00f6nnen Sie auf Cloeren\u2018s Hilfe vertrauen<\/h2>\n                \n                                    <div ><a class=\"fusion-button button-flat fusion-button-default-size button-default fusion-button-default button-1 fusion-button-default-span fusion-button-default-type\" target=\"_self\" href=\"https:\/\/cloeren.com\/de\/extrusionsdienstleistungen\/vielfaltige-einsatzmoglichkeiten\/\"><span class=\"fusion-button-text awb-button__text awb-button__text--default\">Entdecke mehr<\/span><i class=\"fa-fa fa-chevron-right button-fa-right awb-button__icon awb-button__icon--default button-icon-right\" aria-hidden=\"true\"><\/i><\/a><\/div>                            <\/div>\n\n<\/div><\/div><div class=\"fusion-layout-column fusion_builder_column fusion-builder-column-1 fusion_builder_column_1_1 1_1 fusion-flex-column\" style=\"--awb-padding-top:0px;--awb-padding-right:0px;--awb-padding-bottom:0px;--awb-padding-left:0px;--awb-bg-size:cover;--awb-width-large:100%;--awb-margin-top-large:0px;--awb-spacing-right-large:1.92%;--awb-margin-bottom-large:0px;--awb-spacing-left-large:1.92%;--awb-width-medium:100%;--awb-spacing-right-medium:1.92%;--awb-spacing-left-medium:1.92%;--awb-width-small:100%;--awb-spacing-right-small:1.92%;--awb-spacing-left-small:1.92%;\"><div class=\"fusion-column-wrapper fusion-flex-justify-content-flex-start fusion-content-layout-column\">\n                            <style>\n                                            .cl-hero.style-2.cl-hero-2 {\n                            background: #011429;\n                        }\n                        .cl-hero.style-2.cl-hero-2 .cl-hero__image:after {\n                            background: -webkit-gradient(linear, left top, right top, from(#011429), to(transparent));\n                            background: linear-gradient(90deg, #011429 0, transparent);\n                        }\n                                    <\/style>\n            \n            <div class=\"cl-hero cl-hero-2 large style-2 cover\">\n                                    <div class=\"cl-hero__image background-image\" style=\"background-image: url(https:\/\/cloeren.com\/content\/uploads\/2017\/02\/refurbishment.jpg\"><\/div>\n                \n                                    <h1 class=\"cl-hero__title\">\u00dcberarbeitungen<\/h1>\n                \n                                                        <h2 class=\"cl-hero__subtitle\">Cloeren kann Ihre Breitschlitzd\u00fcse durch eine \u00dcberarbeitung wieder in einen Neuzustand versetzen<\/h2>\n                \n                                    <div ><a class=\"fusion-button button-flat fusion-button-default-size button-default fusion-button-default button-2 fusion-button-default-span fusion-button-default-type\" target=\"_self\" href=\"https:\/\/cloeren.com\/de\/extrusionsdienstleistungen\/uberarbeitungen\/\"><span class=\"fusion-button-text awb-button__text awb-button__text--default\">Entdecke mehr<\/span><i class=\"fa-fa fa-chevron-right button-fa-right awb-button__icon awb-button__icon--default button-icon-right\" aria-hidden=\"true\"><\/i><\/a><\/div>                            <\/div>\n\n<\/div><\/div><div class=\"fusion-layout-column fusion_builder_column fusion-builder-column-2 fusion_builder_column_1_1 1_1 fusion-flex-column\" style=\"--awb-padding-top:0px;--awb-padding-right:0px;--awb-padding-bottom:0px;--awb-padding-left:0px;--awb-bg-size:cover;--awb-width-large:100%;--awb-margin-top-large:0px;--awb-spacing-right-large:1.92%;--awb-margin-bottom-large:0px;--awb-spacing-left-large:1.92%;--awb-width-medium:100%;--awb-spacing-right-medium:1.92%;--awb-spacing-left-medium:1.92%;--awb-width-small:100%;--awb-spacing-right-small:1.92%;--awb-spacing-left-small:1.92%;\"><div class=\"fusion-column-wrapper fusion-flex-justify-content-flex-start fusion-content-layout-column\">\n                            <style>\n                                            .cl-hero.style-2.cl-hero-3 {\n                            background: #011429;\n                        }\n                        .cl-hero.style-2.cl-hero-3 .cl-hero__image:after {\n                            background: -webkit-gradient(linear, left top, right top, from(#011429), to(transparent));\n                            background: linear-gradient(90deg, #011429 0, transparent);\n                        }\n                                    <\/style>\n            \n            <div class=\"cl-hero cl-hero-3 large style-2 cover\">\n                                    <div class=\"cl-hero__image background-image\" style=\"background-image: url(https:\/\/cloeren.com\/content\/uploads\/2017\/02\/after-market-sales.jpg\"><\/div>\n                \n                                    <h1 class=\"cl-hero__title\">Ersatzteile<\/h1>\n                \n                                                        <h2 class=\"cl-hero__subtitle\">Wir verf\u00fcgen \u00fcber einen sehr gro\u00dfen Lagerbestand an Standard Ersatzteilen<\/h2>\n                \n                                    <div ><a class=\"fusion-button button-flat fusion-button-default-size button-default fusion-button-default button-3 fusion-button-default-span fusion-button-default-type\" target=\"_self\" href=\"https:\/\/cloeren.com\/de\/extrusionsdienstleistungen\/ersatzteile\/\"><span class=\"fusion-button-text awb-button__text awb-button__text--default\">Entdecke mehr<\/span><i class=\"fa-fa fa-chevron-right button-fa-right awb-button__icon awb-button__icon--default button-icon-right\" aria-hidden=\"true\"><\/i><\/a><\/div>                            <\/div>\n\n<\/div><\/div><div class=\"fusion-layout-column fusion_builder_column fusion-builder-column-3 fusion_builder_column_1_1 1_1 fusion-flex-column\" style=\"--awb-padding-top:0px;--awb-padding-right:0px;--awb-padding-bottom:0px;--awb-padding-left:0px;--awb-bg-size:cover;--awb-width-large:100%;--awb-margin-top-large:0px;--awb-spacing-right-large:1.92%;--awb-margin-bottom-large:0px;--awb-spacing-left-large:1.92%;--awb-width-medium:100%;--awb-spacing-right-medium:1.92%;--awb-spacing-left-medium:1.92%;--awb-width-small:100%;--awb-spacing-right-small:1.92%;--awb-spacing-left-small:1.92%;\"><div class=\"fusion-column-wrapper fusion-flex-justify-content-flex-start fusion-content-layout-column\">\n                            <style>\n                                            .cl-hero.style-2.cl-hero-4 {\n                            background: #011429;\n                        }\n                        .cl-hero.style-2.cl-hero-4 .cl-hero__image:after {\n                            background: -webkit-gradient(linear, left top, right top, from(#011429), to(transparent));\n                            background: linear-gradient(90deg, #011429 0, transparent);\n                        }\n                                    <\/style>\n            \n            <div class=\"cl-hero cl-hero-4 large style-2 cover\">\n                                    <div class=\"cl-hero__image background-image\" style=\"background-image: url(https:\/\/cloeren.com\/content\/uploads\/2017\/02\/support-and-process-integration.jpg\"><\/div>\n                \n                                    <h1 class=\"cl-hero__title\">Unterst\u00fctzung und Prozess Integration<\/h1>\n                \n                                                        <h2 class=\"cl-hero__subtitle\">Unterst\u00fctzung f\u00fcr Ihr Cloerenprodukt \u00fcber den gesamten Lebenszyklus<\/h2>\n                \n                                    <div ><a class=\"fusion-button button-flat fusion-button-default-size button-default fusion-button-default button-4 fusion-button-default-span fusion-button-default-type\" target=\"_self\" href=\"https:\/\/cloeren.com\/de\/extrusionsdienstleistungen\/unterstutzung-und-prozess-integration\/\"><span class=\"fusion-button-text awb-button__text awb-button__text--default\">Entdecke mehr<\/span><i class=\"fa-fa fa-chevron-right button-fa-right awb-button__icon awb-button__icon--default button-icon-right\" aria-hidden=\"true\"><\/i><\/a><\/div>                            <\/div>\n\n<\/div><\/div><div class=\"fusion-layout-column fusion_builder_column fusion-builder-column-4 fusion_builder_column_1_1 1_1 fusion-flex-column\" style=\"--awb-padding-top:0px;--awb-padding-right:0px;--awb-padding-bottom:0px;--awb-padding-left:0px;--awb-bg-size:cover;--awb-width-large:100%;--awb-margin-top-large:0px;--awb-spacing-right-large:1.92%;--awb-margin-bottom-large:0px;--awb-spacing-left-large:1.92%;--awb-width-medium:100%;--awb-spacing-right-medium:1.92%;--awb-spacing-left-medium:1.92%;--awb-width-small:100%;--awb-spacing-right-small:1.92%;--awb-spacing-left-small:1.92%;\"><div class=\"fusion-column-wrapper fusion-flex-justify-content-flex-start fusion-content-layout-column\">\n                            <style>\n                                            .cl-hero.style-2.cl-hero-5 {\n                            background: #011429;\n                        }\n                        .cl-hero.style-2.cl-hero-5 .cl-hero__image:after {\n                            background: -webkit-gradient(linear, left top, right top, from(#011429), to(transparent));\n                            background: linear-gradient(90deg, #011429 0, transparent);\n                        }\n                                    <\/style>\n            \n            <div class=\"cl-hero cl-hero-5 large style-2 cover\">\n                                    <div class=\"cl-hero__image background-image\" style=\"background-image: url(https:\/\/cloeren.com\/content\/uploads\/2021\/01\/material-characterization-1.jpg\"><\/div>\n                \n                                    <h1 class=\"cl-hero__title\">Materialcharakterisierung<\/h1>\n                \n                                                        <h2 class=\"cl-hero__subtitle\">Das Verst\u00e4ndnis des Flie\u00dfverhaltens von Polymerschmelzen ist die Grundlage f\u00fcr die Werkzeugkonstruktion<\/h2>\n                \n                                    <div ><a class=\"fusion-button button-flat fusion-button-default-size button-default fusion-button-default button-5 fusion-button-default-span fusion-button-default-type\" target=\"_self\" href=\"https:\/\/cloeren.com\/de\/extrusionsdienstleistungen\/materialcharakterisierung\/\"><span class=\"fusion-button-text awb-button__text awb-button__text--default\">Entdecke mehr<\/span><i class=\"fa-fa fa-chevron-right button-fa-right awb-button__icon awb-button__icon--default button-icon-right\" aria-hidden=\"true\"><\/i><\/a><\/div>                            <\/div>\n\n<\/div><\/div><\/div><\/div>\n","protected":false},"excerpt":{"rendered":"","protected":false},"author":1,"featured_media":0,"parent":0,"menu_order":4,"comment_status":"closed","ping_status":"closed","template":"100-width.php","meta":{"_acf_changed":false,"footnotes":""},"class_list":["post-6077","page","type-page","status-publish","hentry"],"acf":[],"_links":{"self":[{"href":"https:\/\/cloeren.com\/de\/wp-json\/wp\/v2\/pages\/6077","targetHints":{"allow":["GET"]}}],"collection":[{"href":"https:\/\/cloeren.com\/de\/wp-json\/wp\/v2\/pages"}],"about":[{"href":"https:\/\/cloeren.com\/de\/wp-json\/wp\/v2\/types\/page"}],"author":[{"embeddable":true,"href":"https:\/\/cloeren.com\/de\/wp-json\/wp\/v2\/users\/1"}],"replies":[{"embeddable":true,"href":"https:\/\/cloeren.com\/de\/wp-json\/wp\/v2\/comments?post=6077"}],"version-history":[{"count":3,"href":"https:\/\/cloeren.com\/de\/wp-json\/wp\/v2\/pages\/6077\/revisions"}],"predecessor-version":[{"id":19946,"href":"https:\/\/cloeren.com\/de\/wp-json\/wp\/v2\/pages\/6077\/revisions\/19946"}],"wp:attachment":[{"href":"https:\/\/cloeren.com\/de\/wp-json\/wp\/v2\/media?parent=6077"}],"curies":[{"name":"wp","href":"https:\/\/api.w.org\/{rel}","templated":true}]}}