{"id":5991,"date":"2017-01-13T16:58:48","date_gmt":"2017-01-13T22:58:48","guid":{"rendered":"https:\/\/cloeren.com\/breitschlitzdusen\/dusenzubehor\/"},"modified":"2021-01-22T13:18:36","modified_gmt":"2021-01-22T19:18:36","slug":"dusenzubehor","status":"publish","type":"page","link":"https:\/\/cloeren.com\/de\/breitschlitzdusen\/dusenzubehor\/","title":{"rendered":"D\u00fcsenzubeh\u00f6r"},"content":{"rendered":"<div class=\"fusion-fullwidth fullwidth-box fusion-builder-row-1 fusion-flex-container nonhundred-percent-fullwidth non-hundred-percent-height-scrolling\" style=\"--awb-border-radius-top-left:0px;--awb-border-radius-top-right:0px;--awb-border-radius-bottom-right:0px;--awb-border-radius-bottom-left:0px;--awb-padding-right:0px;--awb-padding-bottom:30px;--awb-padding-left:0px;--awb-flex-wrap:wrap;\" ><div class=\"fusion-builder-row fusion-row fusion-flex-align-items-flex-start fusion-flex-content-wrap\" style=\"max-width:1456px;margin-left: calc(-4% \/ 2 );margin-right: calc(-4% \/ 2 );\"><div class=\"fusion-layout-column fusion_builder_column fusion-builder-column-0 fusion_builder_column_1_1 1_1 fusion-flex-column\" style=\"--awb-bg-size:cover;--awb-width-large:100%;--awb-margin-top-large:0px;--awb-spacing-right-large:1.92%;--awb-margin-bottom-large:30px;--awb-spacing-left-large:1.92%;--awb-width-medium:100%;--awb-spacing-right-medium:1.92%;--awb-spacing-left-medium:1.92%;--awb-width-small:100%;--awb-spacing-right-small:1.92%;--awb-spacing-left-small:1.92%;\"><div class=\"fusion-column-wrapper fusion-flex-justify-content-flex-start fusion-content-layout-column\"><div class=\"fusion-separator fusion-full-width-sep\" style=\"align-self: center;margin-left: auto;margin-right: auto;margin-bottom:40px;width:100%;\"><div class=\"fusion-separator-border sep-single\" style=\"--awb-height:20px;--awb-amount:20px;border-color:#d6d6d7;border-top-width:1px;\"><\/div><\/div><\/div><\/div><div class=\"fusion-layout-column fusion_builder_column fusion-builder-column-1 fusion_builder_column_2_3 2_3 fusion-flex-column\" style=\"--awb-bg-size:cover;--awb-width-large:66.666666666667%;--awb-margin-top-large:0px;--awb-spacing-right-large:2.88%;--awb-margin-bottom-large:30px;--awb-spacing-left-large:2.88%;--awb-width-medium:100%;--awb-spacing-right-medium:1.92%;--awb-spacing-left-medium:1.92%;--awb-width-small:100%;--awb-spacing-right-small:1.92%;--awb-spacing-left-small:1.92%;\"><div class=\"fusion-column-wrapper fusion-flex-justify-content-flex-start fusion-content-layout-column\"><div class=\"fusion-title title fusion-title-1 fusion-sep-none fusion-title-text fusion-title-size-two\" style=\"--awb-margin-top-small:0px;--awb-margin-right-small:0px;--awb-margin-bottom-small:20px;--awb-margin-left-small:0px;\"><h2 class=\"fusion-title-heading title-heading-left fusion-responsive-typography-calculated\" style=\"margin:0;--fontSize:26;line-height:1.4;\">D\u00fcsenzubeh\u00f6r<\/h2><\/div><div class=\"fusion-text fusion-text-1\"><p>Cloeren D\u00fcsentechnologien beinhalten optionale Lippenjustiersysteme und Abblendungen (Decklings), die auf die Anwendungen unserer Kunden und deren besonderen Bed\u00fcrfnisse angepasst werden k\u00f6nnen.<\/p>\n<\/div><div class=\"fusion-title title fusion-title-2 fusion-sep-none fusion-title-text fusion-title-size-four\" style=\"--awb-margin-top-small:0px;--awb-margin-right-small:0px;--awb-margin-bottom-small:20px;--awb-margin-left-small:0px;\"><h4 class=\"fusion-title-heading title-heading-left fusion-responsive-typography-calculated\" style=\"margin:0;--fontSize:18;--minFontSize:18;line-height:1.3;\"><span style=\"font-size: 16px;\">LIP ADJUSTMENT OPTIONEN<\/span><\/h4><\/div><div class=\"accordian fusion-accordian\" style=\"--awb-border-size:0px;--awb-icon-size:13px;--awb-content-font-size:16px;--awb-icon-alignment:right;--awb-hover-color:#ffffff;--awb-border-color:#cccccc;--awb-background-color:#ffffff;--awb-divider-color:#d6d6d7;--awb-divider-hover-color:#d6d6d7;--awb-icon-color:#14213d;--awb-title-color:#14213d;--awb-content-color:#8d8d8d;--awb-icon-box-color:#333333;--awb-toggle-hover-accent-color:#3a5fb0;--awb-title-font-family:&quot;HelveticaNeue-Bold&quot;;--awb-title-font-weight:700;--awb-title-font-style:normal;--awb-content-font-family:&quot;HelveticaNeue-Light&quot;;--awb-content-font-style:normal;--awb-content-font-weight:400;\"><div class=\"panel-group fusion-toggle-icon-right fusion-toggle-icon-unboxed\" id=\"accordion-5991-1\"><div class=\"fusion-panel panel-default panel-16a3753371421b2e1 fusion-toggle-no-divider fusion-toggle-boxed-mode\"><div class=\"panel-heading\"><h4 class=\"panel-title toggle\" id=\"toggle_16a3753371421b2e1\"><a aria-expanded=\"false\" aria-controls=\"16a3753371421b2e1\" role=\"button\" data-toggle=\"collapse\" data-target=\"#16a3753371421b2e1\" href=\"#16a3753371421b2e1\"><span class=\"fusion-toggle-icon-wrapper\" aria-hidden=\"true\"><i class=\"fa-fusion-box active-icon awb-icon-minus\" aria-hidden=\"true\"><\/i><i class=\"fa-fusion-box inactive-icon awb-icon-plus\" aria-hidden=\"true\"><\/i><\/span><span class=\"fusion-toggle-heading\">Cloeren AutoGauge\u2122 Automatisches Lippenjustiersystem<\/span><\/a><\/h4><\/div><div id=\"16a3753371421b2e1\" class=\"panel-collapse collapse \" aria-labelledby=\"toggle_16a3753371421b2e1\"><div class=\"panel-body toggle-content fusion-clearfix\">\n<p>Dieses System hilft dabei, Dickenvariationen zu reduzieren um engere Toleranzbereiche und damit Produktspezifikationen zu erreichen mit dem Resultat, weniger Rohstoffe einsetzen zu m\u00fcssen. Dieses System verwendet eine computergesteuerte automatische Profilkontrolle zur permanenten Dicken\u00fcberwachung und Verstellen der Lippe zur Optimierung des Querprofils um die Produktion nachhaltig zu maximieren. Dieses System tr\u00e4gt nicht nur dazu bei Produkte gem\u00e4\u00df Spezifikation in einem k\u00fcrzeren Zeitraum zu erreichen, sondern auch engere Dickentoleranzen zu erzielen.<\/p>\n<\/div><\/div><\/div><div class=\"fusion-panel panel-default panel-782a2ed2fcf6ed1db fusion-toggle-no-divider fusion-toggle-boxed-mode\"><div class=\"panel-heading\"><h4 class=\"panel-title toggle\" id=\"toggle_782a2ed2fcf6ed1db\"><a aria-expanded=\"false\" aria-controls=\"782a2ed2fcf6ed1db\" role=\"button\" data-toggle=\"collapse\" data-target=\"#782a2ed2fcf6ed1db\" href=\"#782a2ed2fcf6ed1db\"><span class=\"fusion-toggle-icon-wrapper\" aria-hidden=\"true\"><i class=\"fa-fusion-box active-icon awb-icon-minus\" aria-hidden=\"true\"><\/i><i class=\"fa-fusion-box inactive-icon awb-icon-plus\" aria-hidden=\"true\"><\/i><\/span><span class=\"fusion-toggle-heading\">QuickGap\u2122 Lippenverstellung<\/span><\/a><\/h4><\/div><div id=\"782a2ed2fcf6ed1db\" class=\"panel-collapse collapse \" aria-labelledby=\"toggle_782a2ed2fcf6ed1db\"><div class=\"panel-body toggle-content fusion-clearfix\">\n<p>Dieses Produkt in Verbindung mit der Cloeren Flexlippend\u00fcse, erm\u00f6glicht eine leichte und schnelle Verstellung der Lippen\u00f6ffnung um 7,6mm (0.300inch). Anstelle von vielen Lippenjustierungen oder Lippenwechseln die \u00fcberm\u00e4\u00dfige Ausfallzeiten erfordern, verstellt unsere QuickGap\u2122 Technologie die Lippe um 5,0mm (0,2-inch) durch die Verstellung an nur einer zentralen Verstelleinrichtung. Die Resultate sind sehr genau und reproduzierbar. Hersteller von mittleren und dicken Platten nutzen diese Technologie um die Dickentoleranzen in Querrichtung besser kontrollieren zu k\u00f6nnen. Ebenfalls kann QuickGap\u2122  zur Erleichterung bei  Reinigungsarbeiten eingesetzt werden, das System erm\u00f6glicht ein schnelles Vergr\u00f6\u00dfern der Lippen\u00f6ffnung um Materialr\u00fcckst\u00e4nde und Verunreinigungen nicht nur an den Lippen zu eliminieren.<\/p>\n<\/div><\/div><\/div><\/div><\/div><div class=\"fusion-separator fusion-full-width-sep\" style=\"align-self: center;margin-left: auto;margin-right: auto;margin-top:10px;margin-bottom:10px;width:100%;\"><\/div><div class=\"fusion-title title fusion-title-3 fusion-sep-none fusion-title-text fusion-title-size-four\" style=\"--awb-margin-top-small:0px;--awb-margin-right-small:0px;--awb-margin-bottom-small:20px;--awb-margin-left-small:0px;\"><h4 class=\"fusion-title-heading title-heading-left fusion-responsive-typography-calculated\" style=\"margin:0;--fontSize:18;--minFontSize:18;line-height:1.3;\"><span style=\"font-size: 16px;\">DECKEL-OPTIONEN<\/span><\/h4><\/div><div class=\"accordian fusion-accordian\" style=\"--awb-border-size:0px;--awb-icon-size:13px;--awb-content-font-size:16px;--awb-icon-alignment:right;--awb-hover-color:#ffffff;--awb-border-color:#cccccc;--awb-background-color:#ffffff;--awb-divider-color:#d6d6d7;--awb-divider-hover-color:#d6d6d7;--awb-icon-color:#14213d;--awb-title-color:#14213d;--awb-content-color:#8d8d8d;--awb-icon-box-color:#333333;--awb-toggle-hover-accent-color:#3a5fb0;--awb-title-font-family:&quot;HelveticaNeue-Bold&quot;;--awb-title-font-weight:700;--awb-title-font-style:normal;--awb-content-font-family:&quot;HelveticaNeue-Light&quot;;--awb-content-font-style:normal;--awb-content-font-weight:400;\"><div class=\"panel-group fusion-toggle-icon-right fusion-toggle-icon-unboxed\" id=\"accordion-5991-2\"><div class=\"fusion-panel panel-default panel-abf67c139462b266a fusion-toggle-no-divider fusion-toggle-boxed-mode\"><div class=\"panel-heading\"><h4 class=\"panel-title toggle\" id=\"toggle_abf67c139462b266a\"><a aria-expanded=\"false\" aria-controls=\"abf67c139462b266a\" role=\"button\" data-toggle=\"collapse\" data-target=\"#abf67c139462b266a\" href=\"#abf67c139462b266a\"><span class=\"fusion-toggle-icon-wrapper\" aria-hidden=\"true\"><i class=\"fa-fusion-box active-icon awb-icon-minus\" aria-hidden=\"true\"><\/i><i class=\"fa-fusion-box inactive-icon awb-icon-plus\" aria-hidden=\"true\"><\/i><\/span><span class=\"fusion-toggle-heading\">Internal Deckle System (IDS\u2122)<\/span><\/a><\/h4><\/div><div id=\"abf67c139462b266a\" class=\"panel-collapse collapse \" aria-labelledby=\"toggle_abf67c139462b266a\"><div class=\"panel-body toggle-content fusion-clearfix\">\n<p>Dieses patentierte System erm\u00f6glicht eine Breitenanpassung des extrudierten Materials mit einem minimalen Ma\u00df an Ausfallzeit. IDS\u2122 beinhaltet jeweils einen massiven Kanal- und Lippeneinsatz die Materialablagerungen beim F\u00fcllen des abgedeckelten Bereiches vermeiden. Der Abstand des Lippenaustritts zu den Walzen wird nicht negativ beeinflusst, da das IDS\u2122 die \u00e4u\u00dferen Abmessungen der D\u00fcse nicht ver\u00e4ndert.<\/p>\n<\/div><\/div><\/div><div class=\"fusion-panel panel-default panel-df7e527294ff21324 fusion-toggle-no-divider fusion-toggle-boxed-mode\"><div class=\"panel-heading\"><h4 class=\"panel-title toggle\" id=\"toggle_df7e527294ff21324\"><a aria-expanded=\"false\" aria-controls=\"df7e527294ff21324\" role=\"button\" data-toggle=\"collapse\" data-target=\"#df7e527294ff21324\" href=\"#df7e527294ff21324\"><span class=\"fusion-toggle-icon-wrapper\" aria-hidden=\"true\"><i class=\"fa-fusion-box active-icon awb-icon-minus\" aria-hidden=\"true\"><\/i><i class=\"fa-fusion-box inactive-icon awb-icon-plus\" aria-hidden=\"true\"><\/i><\/span><span class=\"fusion-toggle-heading\">Encapsulating Deckle System (EDS\u2122)<\/span><\/a><\/h4><\/div><div id=\"df7e527294ff21324\" class=\"panel-collapse collapse \" aria-labelledby=\"toggle_df7e527294ff21324\"><div class=\"panel-body toggle-content fusion-clearfix\">\n<p>Ein weiteres, von Cloeren patentiertes System, welches die gleichen Vorteile wie das IDS\u2122 bietet aber zus\u00e4tzlich noch die F\u00e4higkeit beinhaltet, sortenreine R\u00e4nder zu produzieren. Dieser Prozess f\u00fchrt zur Eliminierung des teuren Materials in den Seitenstreifen bzw. in den Randbeschnitt. Da die Einkapselung mit einem einzigen Polymer durchgef\u00fchrt wird, eignet sich ein solches im Anschluss besser zum Recycling. EDS\u2122 kann ebenfalls verwendet werden um die Folienr\u00e4nder zu stabilisieren, was in verschiedenen Prozessen einen nachhaltigen Einfluss auf die Reduzierung des Neck-In Verhalten haben kann und damit den Bereich des brauchbaren Produktes verbreitert \u2013 die Folge eine breitere verkaufsf\u00e4hige Folie.<\/p>\n<\/div><\/div><\/div><div class=\"fusion-panel panel-default panel-6dce65a51c4a59b9f fusion-toggle-no-divider fusion-toggle-boxed-mode\"><div class=\"panel-heading\"><h4 class=\"panel-title toggle\" id=\"toggle_6dce65a51c4a59b9f\"><a aria-expanded=\"false\" aria-controls=\"6dce65a51c4a59b9f\" role=\"button\" data-toggle=\"collapse\" data-target=\"#6dce65a51c4a59b9f\" href=\"#6dce65a51c4a59b9f\"><span class=\"fusion-toggle-icon-wrapper\" aria-hidden=\"true\"><i class=\"fa-fusion-box active-icon awb-icon-minus\" aria-hidden=\"true\"><\/i><i class=\"fa-fusion-box inactive-icon awb-icon-plus\" aria-hidden=\"true\"><\/i><\/span><span class=\"fusion-toggle-heading\">Fixed-width Internal Deckles<\/span><\/a><\/h4><\/div><div id=\"6dce65a51c4a59b9f\" class=\"panel-collapse collapse \" aria-labelledby=\"toggle_6dce65a51c4a59b9f\"><div class=\"panel-body toggle-content fusion-clearfix\">\n<p>Diese Abdeckelung liefert eine kosteng\u00fcnstige L\u00f6sung f\u00fcr all\u2018 diejenigen Verarbeiter, die keinen stufenlos verstellbaren Bereich eines Decklings ben\u00f6tigen. Die Deckling Eins\u00e4tze sind problemlos und einfach in die Enden des Flie\u00dfkanals einzulegen und erm\u00f6glichen kundenspezifische Breiten zu fertigen, ohne einen \u00fcberm\u00e4\u00dfigen Randbeschnitt hervorzurufen. Diese Art des Decklings ist auch f\u00fcr Plattenhersteller im mittleren St\u00e4rkenbereich, die  Polymere mit geringer Schmelzefestigkeit verarbeiten, bestens geeignet. Mit Einsatz der fixen internen Eins\u00e4tze werden die \u00e4u\u00dferen Abmessungen der D\u00fcse nicht ver\u00e4ndert und somit vergr\u00f6\u00dfert sich der Abstand vom Lippenaustritt zur Walze auch nicht &#8211; wie es typischerweise bei extern aufgebauten Decklinsystemen der Fall ist.<\/p>\n<\/div><\/div><\/div><div class=\"fusion-panel panel-default panel-6592913b73841baa5 fusion-toggle-no-divider fusion-toggle-boxed-mode\"><div class=\"panel-heading\"><h4 class=\"panel-title toggle\" id=\"toggle_6592913b73841baa5\"><a aria-expanded=\"false\" aria-controls=\"6592913b73841baa5\" role=\"button\" data-toggle=\"collapse\" data-target=\"#6592913b73841baa5\" href=\"#6592913b73841baa5\"><span class=\"fusion-toggle-icon-wrapper\" aria-hidden=\"true\"><i class=\"fa-fusion-box active-icon awb-icon-minus\" aria-hidden=\"true\"><\/i><i class=\"fa-fusion-box inactive-icon awb-icon-plus\" aria-hidden=\"true\"><\/i><\/span><span class=\"fusion-toggle-heading\">Power Wedge\u2122 Deckle System<\/span><\/a><\/h4><\/div><div id=\"6592913b73841baa5\" class=\"panel-collapse collapse \" aria-labelledby=\"toggle_6592913b73841baa5\"><div class=\"panel-body toggle-content fusion-clearfix\">\n<p>Dieses Decklingsystem ist sowohl f\u00fcr Neud\u00fcsen verf\u00fcgbar, als auch bei bestehenden D\u00fcsen nachr\u00fcstbar und kann vollst\u00e4ndig zu den Enden der D\u00fcse zur\u00fcckgezogen werden. Dieser Sachverhalt erm\u00f6glicht es, neben einer Garantie des Erreichens der vollen Extrusionsbreite, auch Lippenwechsel, D\u00fcsenreinigungen und Instandhaltungsarbeiten durchf\u00fchren zu k\u00f6nnen.  Das System ist mit einer starken Gewindestange f\u00fcr die Breitenverstellungen ausger\u00fcstet, verf\u00fcgt \u00fcber strapazierf\u00e4hige Laufschienen und Schiebkeilsysteme sowie einer eingekapselten Balkendichtung \u2013 konzipiert f\u00fcr den jahrelangen, st\u00f6rungs- und leckagefreien Einsatz.<\/p>\n<\/div><\/div><\/div><\/div><\/div><\/div><\/div><div class=\"fusion-layout-column fusion_builder_column fusion-builder-column-2 fusion_builder_column_1_3 1_3 fusion-flex-column\" style=\"--awb-bg-size:cover;--awb-width-large:33.333333333333%;--awb-margin-top-large:0px;--awb-spacing-right-large:5.76%;--awb-margin-bottom-large:30px;--awb-spacing-left-large:5.76%;--awb-width-medium:100%;--awb-spacing-right-medium:1.92%;--awb-spacing-left-medium:1.92%;--awb-width-small:100%;--awb-spacing-right-small:1.92%;--awb-spacing-left-small:1.92%;\"><div class=\"fusion-column-wrapper fusion-flex-justify-content-flex-start fusion-content-layout-column\"><div class=\"fusion-content-boxes content-boxes columns row fusion-columns-1 fusion-columns-total-2 fusion-content-boxes-1 content-boxes-icon-with-title content-left\" style=\"--awb-margin-bottom:0px;--awb-hover-accent-color:#14213d;--awb-circle-hover-accent-color:#14213d;--awb-item-margin-bottom:40px;\" data-animationOffset=\"top-into-view\"><div style=\"--awb-backgroundcolor:#e8e8e9;\" class=\"fusion-column content-box-column content-box-column content-box-column-1 col-lg-12 col-md-12 col-sm-12 fusion-content-box-hover content-box-column-last-in-row\"><div class=\"col content-box-wrapper content-wrapper-background link-area-link-icon icon-hover-animation-fade\" data-animationOffset=\"top-into-view\"><div class=\"heading icon-left\"><h2 class=\"content-box-heading fusion-responsive-typography-calculated\" style=\"--h2_typography-font-size:26px;--fontSize:26;line-height:1.4;\">Wusstest du schon...<\/h2><\/div><div class=\"fusion-clearfix\"><\/div><div class=\"content-container\">Cloeren kann auch D\u00fcsen der Wettbewerber \u00fcberarbeiten und diese wieder in einen betriebsbereiten Zustand zu bringen.<\/div><\/div><\/div><div style=\"--awb-backgroundcolor:#e8e8e9;--awb-iconcolor:#14213d;--awb-circle-hover-accent-color:transparent;\" class=\"fusion-column content-box-column content-box-column content-box-column-2 col-lg-12 col-md-12 col-sm-12 fusion-content-box-hover content-box-column-last content-box-column-last-in-row\"><div class=\"col content-box-wrapper content-wrapper-background link-area-link-icon icon-hover-animation-fade\" data-animationOffset=\"top-into-view\"><div class=\"heading icon-left\"><h2 class=\"content-box-heading fusion-responsive-typography-calculated\" style=\"--h2_typography-font-size:26px;--fontSize:26;line-height:1.4;\">Haben Sie eine Frage \u00fcber unsere Breitschlitzd\u00fcsen?<\/h2><\/div><div class=\"fusion-clearfix\"><\/div><div class=\"content-container\"><div class=\"fusion-text fusion-text-2\"><p>Klicken Sie hier, um auf unsere Kontaktseite zu gelangen, wo Sie uns eine Nachricht zusenden k\u00f6nnen.<\/p>\n<\/div>\n<div ><a class=\"fusion-button button-flat fusion-button-default-size button-default fusion-button-default button-1 fusion-button-span-yes fusion-button-default-type\" target=\"_self\" href=\"https:\/\/cloeren.com\/de\/kontaktiere-uns\/\"><span class=\"fusion-button-text awb-button__text awb-button__text--default\">Kontaktiere Uns<\/span><i class=\" fa fa-comment awb-button__icon awb-button__icon--default button-icon-right\" aria-hidden=\"true\"><\/i><\/a><\/div><\/div><\/div><\/div><div class=\"fusion-clearfix\"><\/div><\/div><\/div><\/div><\/div><\/div>\n","protected":false},"excerpt":{"rendered":"","protected":false},"author":1,"featured_media":3696,"parent":5790,"menu_order":6,"comment_status":"closed","ping_status":"closed","template":"","meta":{"_acf_changed":false,"footnotes":""},"class_list":["post-5991","page","type-page","status-publish","has-post-thumbnail","hentry"],"acf":[],"_links":{"self":[{"href":"https:\/\/cloeren.com\/de\/wp-json\/wp\/v2\/pages\/5991","targetHints":{"allow":["GET"]}}],"collection":[{"href":"https:\/\/cloeren.com\/de\/wp-json\/wp\/v2\/pages"}],"about":[{"href":"https:\/\/cloeren.com\/de\/wp-json\/wp\/v2\/types\/page"}],"author":[{"embeddable":true,"href":"https:\/\/cloeren.com\/de\/wp-json\/wp\/v2\/users\/1"}],"replies":[{"embeddable":true,"href":"https:\/\/cloeren.com\/de\/wp-json\/wp\/v2\/comments?post=5991"}],"version-history":[{"count":0,"href":"https:\/\/cloeren.com\/de\/wp-json\/wp\/v2\/pages\/5991\/revisions"}],"up":[{"embeddable":true,"href":"https:\/\/cloeren.com\/de\/wp-json\/wp\/v2\/pages\/5790"}],"wp:featuredmedia":[{"embeddable":true,"href":"https:\/\/cloeren.com\/de\/wp-json\/wp\/v2\/media\/3696"}],"wp:attachment":[{"href":"https:\/\/cloeren.com\/de\/wp-json\/wp\/v2\/media?parent=5991"}],"curies":[{"name":"wp","href":"https:\/\/api.w.org\/{rel}","templated":true}]}}