{"id":5893,"date":"2017-01-12T16:25:30","date_gmt":"2017-01-12T22:25:30","guid":{"rendered":"https:\/\/cloeren.com\/breitschlitzdusen\/einkanaldusen\/"},"modified":"2021-01-22T12:28:47","modified_gmt":"2021-01-22T18:28:47","slug":"einkanaldusen","status":"publish","type":"page","link":"https:\/\/cloeren.com\/de\/breitschlitzdusen\/einkanaldusen\/","title":{"rendered":"Einkanald\u00fcsen"},"content":{"rendered":"<div class=\"fusion-fullwidth fullwidth-box fusion-builder-row-1 fusion-flex-container nonhundred-percent-fullwidth non-hundred-percent-height-scrolling\" style=\"--awb-border-radius-top-left:0px;--awb-border-radius-top-right:0px;--awb-border-radius-bottom-right:0px;--awb-border-radius-bottom-left:0px;--awb-padding-right:0px;--awb-padding-bottom:30px;--awb-padding-left:0px;--awb-flex-wrap:wrap;\" ><div class=\"fusion-builder-row fusion-row fusion-flex-align-items-flex-start fusion-flex-content-wrap\" style=\"max-width:1456px;margin-left: calc(-4% \/ 2 );margin-right: calc(-4% \/ 2 );\"><div class=\"fusion-layout-column fusion_builder_column fusion-builder-column-0 fusion_builder_column_1_1 1_1 fusion-flex-column\" style=\"--awb-bg-size:cover;--awb-width-large:100%;--awb-margin-top-large:0px;--awb-spacing-right-large:1.92%;--awb-margin-bottom-large:30px;--awb-spacing-left-large:1.92%;--awb-width-medium:100%;--awb-order-medium:0;--awb-spacing-right-medium:1.92%;--awb-spacing-left-medium:1.92%;--awb-width-small:100%;--awb-order-small:0;--awb-spacing-right-small:1.92%;--awb-spacing-left-small:1.92%;\"><div class=\"fusion-column-wrapper fusion-column-has-shadow fusion-flex-justify-content-flex-start fusion-content-layout-column\"><div class=\"fusion-separator fusion-full-width-sep\" style=\"align-self: center;margin-left: auto;margin-right: auto;margin-bottom:40px;width:100%;\"><div class=\"fusion-separator-border sep-single\" style=\"--awb-height:20px;--awb-amount:20px;border-color:#d6d6d7;border-top-width:1px;\"><\/div><\/div><\/div><\/div><div class=\"fusion-layout-column fusion_builder_column fusion-builder-column-1 fusion_builder_column_2_3 2_3 fusion-flex-column\" style=\"--awb-bg-size:cover;--awb-width-large:66.666666666667%;--awb-margin-top-large:0px;--awb-spacing-right-large:2.88%;--awb-margin-bottom-large:30px;--awb-spacing-left-large:2.88%;--awb-width-medium:100%;--awb-spacing-right-medium:1.92%;--awb-spacing-left-medium:1.92%;--awb-width-small:100%;--awb-spacing-right-small:1.92%;--awb-spacing-left-small:1.92%;\"><div class=\"fusion-column-wrapper fusion-flex-justify-content-flex-start fusion-content-layout-column\"><div class=\"fusion-title title fusion-title-1 fusion-sep-none fusion-title-text fusion-title-size-two\" style=\"--awb-margin-bottom:30px;--awb-margin-top-small:0px;--awb-margin-right-small:0px;--awb-margin-bottom-small:20px;--awb-margin-left-small:0px;\"><h2 class=\"fusion-title-heading title-heading-left fusion-responsive-typography-calculated\" style=\"margin:0;--fontSize:26;line-height:1.4;\">Einkanald\u00fcsen<\/h2><\/div><div class=\"fusion-text fusion-text-1\"><p>Die richtige Auslegung einer D\u00fcse ist essenziell wichtig f\u00fcr eine erfolgreiche Co-Extrusion. Die Cloeren Epoch\u2122 D\u00fcsenserien erzielen eine einzigartige Funktion der Verteilerkanalgeometrie gekoppelt mit einem patentierten zweistufigen Drosselfeld (Pre-Land), das sowohl den Materialfluss, als auch den Druck kontrolliert. Diese exklusive Kombination liefert Schichtdickengenauigkeiten der Einzelschichten die in der Adapter Co-Extrusion un\u00fcbertroffen sind, was eine Verbesserung der Qualit\u00e4t des Fertigproduktes beinhaltet. Die patentierte Epoch\u2122 D\u00fcse war durch das gleichm\u00e4\u00dfige \u00d6ffnen der D\u00fcse unter Druck (clamshelling) das erste kommerziell etablierte Werkzeug seiner Art.<\/p>\n<p><strong>Epoch\u2122 III<\/strong><br \/>\nCloerens Co-Extrusions Konstruktion beinhaltet einen rechteckigen, konstanten Querschnitt um Schichtinstabilit\u00e4ten zu reduzieren<\/p>\n<p><strong>Epoch\u2122 V<\/strong><br \/>\nUnser ma\u00dfgeschneidertes Produkt f\u00fcr Monoextrusion. Diese D\u00fcse beinhaltet einen tr\u00e4nenf\u00f6rmigen Querschnitt (tear drop) um bestm\u00f6glich Verweilzeiten und Schergeschwindigkeiten zu balancieren.<\/p>\n<p><strong>moebius-manifold\u2122 Die<\/strong><br \/>\nDie patentierte moebius-manifold \u2122 Matrize bietet eine revolution\u00e4re L\u00f6sung, die die Verweilzeit und die Durchbiegung der Klappschale verringert und gleichzeitig das Verarbeitungsfenster vergr\u00f6\u00dfert.<\/p>\n<p>Die moebius-manifold\u2122 D\u00fcse integriert einen ver\u00e4nderlichen \u00dcbergangswinkel des Verteilerkanals der die Querschnittsfl\u00e4chen reduziert aber den Verlauf der hinteren geraden Linie (Cloerens Kennzeichen, den Straight Backline Verteilerkanal) beibeh\u00e4lt.<\/p>\n<p><strong>emo\u2122 Die<\/strong><br \/>\nCloeren hat 2017 alle restlichen Anteile der \u00f6sterreichischen Extrusionswerkzeugfirma EMO GmbH gekauft. Ein Ergebnis dieser Akquisition ist die Einf\u00fchrung eines nichtlinearen Werkzeugdesigns in unser Produktportfolio. Die emo\u2122 D\u00fcse eignet sich f\u00fcr Monolayer-Strukturen.<\/p>\n<\/div><\/div><\/div><div class=\"fusion-layout-column fusion_builder_column fusion-builder-column-2 fusion_builder_column_1_3 1_3 fusion-flex-column\" style=\"--awb-bg-size:cover;--awb-width-large:33.333333333333%;--awb-margin-top-large:0px;--awb-spacing-right-large:5.76%;--awb-margin-bottom-large:30px;--awb-spacing-left-large:5.76%;--awb-width-medium:100%;--awb-spacing-right-medium:1.92%;--awb-spacing-left-medium:1.92%;--awb-width-small:100%;--awb-spacing-right-small:1.92%;--awb-spacing-left-small:1.92%;\"><div class=\"fusion-column-wrapper fusion-flex-justify-content-flex-start fusion-content-layout-column\"><div class=\"fusion-content-boxes content-boxes columns row fusion-columns-1 fusion-columns-total-2 fusion-content-boxes-1 content-boxes-icon-with-title content-left\" style=\"--awb-margin-bottom:0px;--awb-hover-accent-color:#14213d;--awb-circle-hover-accent-color:#14213d;--awb-item-margin-bottom:40px;\" data-animationOffset=\"top-into-view\"><div style=\"--awb-backgroundcolor:#e8e8e9;\" class=\"fusion-column content-box-column content-box-column content-box-column-1 col-lg-12 col-md-12 col-sm-12 fusion-content-box-hover content-box-column-last-in-row\"><div class=\"col content-box-wrapper content-wrapper-background link-area-link-icon icon-hover-animation-fade\" data-animationOffset=\"top-into-view\"><div class=\"heading icon-left\"><h2 class=\"content-box-heading fusion-responsive-typography-calculated\" style=\"--h2_typography-font-size:26px;--fontSize:26;line-height:1.4;\">Wusstest du schon...<\/h2><\/div><div class=\"fusion-clearfix\"><\/div><div class=\"content-container\">Cloeren's moebius-manifold\u2122 \u00f6ffnet die M\u00f6glichkeit der Verarbeitung eines gro\u00dfen Bereiches von hitze- und verweilzeitempfindlichen Polymeren.<\/div><\/div><\/div><div style=\"--awb-backgroundcolor:#e8e8e9;--awb-iconcolor:#14213d;--awb-circle-hover-accent-color:transparent;\" class=\"fusion-column content-box-column content-box-column content-box-column-2 col-lg-12 col-md-12 col-sm-12 fusion-content-box-hover content-box-column-last content-box-column-last-in-row\"><div class=\"col content-box-wrapper content-wrapper-background link-area-link-icon icon-hover-animation-fade\" data-animationOffset=\"top-into-view\"><div class=\"heading icon-left\"><h2 class=\"content-box-heading fusion-responsive-typography-calculated\" style=\"--h2_typography-font-size:26px;--fontSize:26;line-height:1.4;\">Haben Sie eine Frage \u00fcber unsere Breitschlitzd\u00fcsen?<\/h2><\/div><div class=\"fusion-clearfix\"><\/div><div class=\"content-container\"><div class=\"fusion-text fusion-text-2\"><p>Klicken Sie hier, um auf unsere Kontaktseite zu gelangen, wo Sie uns eine Nachricht zusenden k\u00f6nnen.<\/p>\n<\/div>\n<div ><a class=\"fusion-button button-flat fusion-button-default-size button-default fusion-button-default button-1 fusion-button-span-yes fusion-button-default-type\" target=\"_self\" href=\"https:\/\/cloeren.com\/de\/kontaktiere-uns\/\"><span class=\"fusion-button-text awb-button__text awb-button__text--default\">Kontaktiere Uns<\/span><i class=\" fa fa-comment awb-button__icon awb-button__icon--default button-icon-right\" aria-hidden=\"true\"><\/i><\/a><\/div><\/div><\/div><\/div><div class=\"fusion-clearfix\"><\/div><\/div><\/div><\/div><div class=\"fusion-layout-column fusion_builder_column fusion-builder-column-3 fusion_builder_column_1_1 1_1 fusion-flex-column\" style=\"--awb-bg-size:cover;--awb-width-large:100%;--awb-margin-top-large:0px;--awb-spacing-right-large:1.92%;--awb-margin-bottom-large:30px;--awb-spacing-left-large:1.92%;--awb-width-medium:100%;--awb-spacing-right-medium:1.92%;--awb-spacing-left-medium:1.92%;--awb-width-small:100%;--awb-spacing-right-small:1.92%;--awb-spacing-left-small:1.92%;\"><div class=\"fusion-column-wrapper fusion-flex-justify-content-flex-start fusion-content-layout-column\"><div class=\"fusion-separator fusion-full-width-sep\" style=\"align-self: center;margin-left: auto;margin-right: auto;margin-bottom:60px;width:100%;\"><div class=\"fusion-separator-border sep-single sep-solid\" style=\"--awb-height:20px;--awb-amount:20px;border-color:#d6d6d7;border-top-width:1px;\"><\/div><\/div><div class=\"fusion-title title fusion-title-2 fusion-sep-none fusion-title-text fusion-title-size-two\" style=\"--awb-margin-bottom:30px;--awb-margin-top-small:0px;--awb-margin-right-small:0px;--awb-margin-bottom-small:20px;--awb-margin-left-small:0px;\"><h2 class=\"fusion-title-heading title-heading-left fusion-responsive-typography-calculated\" style=\"margin:0;--fontSize:26;line-height:1.4;\">Anwendungen<\/h2><\/div>            <div class=\"fusion-builder-row fusion-row fusion-flex-align-items-flex-start\" style=\"width:calc( 100% + 30px ) !important;max-width:calc( 100% + 30px ) !important;margin-left: calc(-30px \/ 2 );margin-right: calc(-30px \/ 2 );\">\n                                    <div class=\"fusion-layout-column fusion_builder_column_inner fusion_builder_column_inner_1_3 1_3 fusion-flex-column\" style=\"--awb-bg-size:cover;--awb-width-large:33.333333333333%;--awb-spacing-right-large:15px;--awb-spacing-left-large:15px;--awb-width-medium:50%;--awb-order-medium:0;--awb-spacing-right-medium:15px;--awb-spacing-left-medium:15px;--awb-width-small:100%;--awb-order-small:0;--awb-spacing-right-small:15px;--awb-spacing-left-small:15px;\">\n                        <div class=\"fusion-column-wrapper fusion-column-has-shadow fusion-flex-justify-content-flex-start fusion-content-layout-column\">\n                            <a href=\"https:\/\/cloeren.com\/de\/einsatzbereiche\/beschichtete-verpackungen\/\" class=\"cl-page-column \" >\n                                                                    <img decoding=\"async\" width=\"1400\" height=\"700\" src=\"https:\/\/cloeren.com\/content\/uploads\/2017\/05\/applications-cp-coffee-bags.jpg\" class=\"attachment-post-thumbnail size-post-thumbnail wp-post-image\" alt=\"\" srcset=\"https:\/\/cloeren.com\/content\/uploads\/2017\/05\/applications-cp-coffee-bags-200x100.jpg 200w, https:\/\/cloeren.com\/content\/uploads\/2017\/05\/applications-cp-coffee-bags-300x150.jpg 300w, https:\/\/cloeren.com\/content\/uploads\/2017\/05\/applications-cp-coffee-bags-400x200.jpg 400w, https:\/\/cloeren.com\/content\/uploads\/2017\/05\/applications-cp-coffee-bags-600x300.jpg 600w, https:\/\/cloeren.com\/content\/uploads\/2017\/05\/applications-cp-coffee-bags-768x384.jpg 768w, https:\/\/cloeren.com\/content\/uploads\/2017\/05\/applications-cp-coffee-bags-800x400.jpg 800w, https:\/\/cloeren.com\/content\/uploads\/2017\/05\/applications-cp-coffee-bags-1024x512.jpg 1024w, https:\/\/cloeren.com\/content\/uploads\/2017\/05\/applications-cp-coffee-bags-1200x600.jpg 1200w, https:\/\/cloeren.com\/content\/uploads\/2017\/05\/applications-cp-coffee-bags.jpg 1400w\" sizes=\"(max-width: 1400px) 100vw, 1400px\" \/>                                \n                                <div class=\"cl-page-column__content \">\n                                    \n                                    <div class=\"cl-page-column__title\">Beschichtete Verpackungen<\/div>\n\n                                <\/div>\n                            <\/a>\n\n                        <\/div>\n                    <\/div>\n                                    <div class=\"fusion-layout-column fusion_builder_column_inner fusion_builder_column_inner_1_3 1_3 fusion-flex-column\" style=\"--awb-bg-size:cover;--awb-width-large:33.333333333333%;--awb-spacing-right-large:15px;--awb-spacing-left-large:15px;--awb-width-medium:50%;--awb-order-medium:0;--awb-spacing-right-medium:15px;--awb-spacing-left-medium:15px;--awb-width-small:100%;--awb-order-small:0;--awb-spacing-right-small:15px;--awb-spacing-left-small:15px;\">\n                        <div class=\"fusion-column-wrapper fusion-column-has-shadow fusion-flex-justify-content-flex-start fusion-content-layout-column\">\n                            <a href=\"https:\/\/cloeren.com\/de\/einsatzbereiche\/commodity-folie\/\" class=\"cl-page-column \" >\n                                                                    <img decoding=\"async\" width=\"1400\" height=\"700\" src=\"https:\/\/cloeren.com\/content\/uploads\/2017\/05\/cf-pallet-stretch-wrap.jpg\" class=\"attachment-post-thumbnail size-post-thumbnail wp-post-image\" alt=\"\" srcset=\"https:\/\/cloeren.com\/content\/uploads\/2017\/05\/cf-pallet-stretch-wrap-200x100.jpg 200w, https:\/\/cloeren.com\/content\/uploads\/2017\/05\/cf-pallet-stretch-wrap-300x150.jpg 300w, https:\/\/cloeren.com\/content\/uploads\/2017\/05\/cf-pallet-stretch-wrap-400x200.jpg 400w, https:\/\/cloeren.com\/content\/uploads\/2017\/05\/cf-pallet-stretch-wrap-600x300.jpg 600w, https:\/\/cloeren.com\/content\/uploads\/2017\/05\/cf-pallet-stretch-wrap-768x384.jpg 768w, https:\/\/cloeren.com\/content\/uploads\/2017\/05\/cf-pallet-stretch-wrap-800x400.jpg 800w, https:\/\/cloeren.com\/content\/uploads\/2017\/05\/cf-pallet-stretch-wrap-1024x512.jpg 1024w, https:\/\/cloeren.com\/content\/uploads\/2017\/05\/cf-pallet-stretch-wrap-1200x600.jpg 1200w, https:\/\/cloeren.com\/content\/uploads\/2017\/05\/cf-pallet-stretch-wrap.jpg 1400w\" sizes=\"(max-width: 1400px) 100vw, 1400px\" \/>                                \n                                <div class=\"cl-page-column__content \">\n                                    \n                                    <div class=\"cl-page-column__title\">Commodity Folie<\/div>\n\n                                <\/div>\n                            <\/a>\n\n                        <\/div>\n                    <\/div>\n                                    <div class=\"fusion-layout-column fusion_builder_column_inner fusion_builder_column_inner_1_3 1_3 fusion-flex-column\" style=\"--awb-bg-size:cover;--awb-width-large:33.333333333333%;--awb-spacing-right-large:15px;--awb-spacing-left-large:15px;--awb-width-medium:50%;--awb-order-medium:0;--awb-spacing-right-medium:15px;--awb-spacing-left-medium:15px;--awb-width-small:100%;--awb-order-small:0;--awb-spacing-right-small:15px;--awb-spacing-left-small:15px;\">\n                        <div class=\"fusion-column-wrapper fusion-column-has-shadow fusion-flex-justify-content-flex-start fusion-content-layout-column\">\n                            <a href=\"https:\/\/cloeren.com\/de\/einsatzbereiche\/hygieneprodukte\/\" class=\"cl-page-column \" >\n                                                                    <img decoding=\"async\" width=\"1400\" height=\"700\" src=\"https:\/\/cloeren.com\/content\/uploads\/2017\/05\/applications-pcp-lady-products.jpg\" class=\"attachment-post-thumbnail size-post-thumbnail wp-post-image\" alt=\"\" srcset=\"https:\/\/cloeren.com\/content\/uploads\/2017\/05\/applications-pcp-lady-products-200x100.jpg 200w, https:\/\/cloeren.com\/content\/uploads\/2017\/05\/applications-pcp-lady-products-300x150.jpg 300w, https:\/\/cloeren.com\/content\/uploads\/2017\/05\/applications-pcp-lady-products-400x200.jpg 400w, https:\/\/cloeren.com\/content\/uploads\/2017\/05\/applications-pcp-lady-products-600x300.jpg 600w, https:\/\/cloeren.com\/content\/uploads\/2017\/05\/applications-pcp-lady-products-768x384.jpg 768w, https:\/\/cloeren.com\/content\/uploads\/2017\/05\/applications-pcp-lady-products-800x400.jpg 800w, https:\/\/cloeren.com\/content\/uploads\/2017\/05\/applications-pcp-lady-products-1024x512.jpg 1024w, https:\/\/cloeren.com\/content\/uploads\/2017\/05\/applications-pcp-lady-products-1200x600.jpg 1200w, https:\/\/cloeren.com\/content\/uploads\/2017\/05\/applications-pcp-lady-products.jpg 1400w\" sizes=\"(max-width: 1400px) 100vw, 1400px\" \/>                                \n                                <div class=\"cl-page-column__content \">\n                                    \n                                    <div class=\"cl-page-column__title\">Hygieneprodukte<\/div>\n\n                                <\/div>\n                            <\/a>\n\n                        <\/div>\n                    <\/div>\n                                    <div class=\"fusion-layout-column fusion_builder_column_inner fusion_builder_column_inner_1_3 1_3 fusion-flex-column\" style=\"--awb-bg-size:cover;--awb-width-large:33.333333333333%;--awb-spacing-right-large:15px;--awb-spacing-left-large:15px;--awb-width-medium:50%;--awb-order-medium:0;--awb-spacing-right-medium:15px;--awb-spacing-left-medium:15px;--awb-width-small:100%;--awb-order-small:0;--awb-spacing-right-small:15px;--awb-spacing-left-small:15px;\">\n                        <div class=\"fusion-column-wrapper fusion-column-has-shadow fusion-flex-justify-content-flex-start fusion-content-layout-column\">\n                            <a href=\"https:\/\/cloeren.com\/de\/einsatzbereiche\/automobil\/\" class=\"cl-page-column \" >\n                                                                    <img decoding=\"async\" width=\"1400\" height=\"700\" src=\"https:\/\/cloeren.com\/content\/uploads\/2017\/05\/applications-auto-windshield-safety-films.jpg\" class=\"attachment-post-thumbnail size-post-thumbnail wp-post-image\" alt=\"\" srcset=\"https:\/\/cloeren.com\/content\/uploads\/2017\/05\/applications-auto-windshield-safety-films-200x100.jpg 200w, https:\/\/cloeren.com\/content\/uploads\/2017\/05\/applications-auto-windshield-safety-films-300x150.jpg 300w, https:\/\/cloeren.com\/content\/uploads\/2017\/05\/applications-auto-windshield-safety-films-400x200.jpg 400w, https:\/\/cloeren.com\/content\/uploads\/2017\/05\/applications-auto-windshield-safety-films-600x300.jpg 600w, https:\/\/cloeren.com\/content\/uploads\/2017\/05\/applications-auto-windshield-safety-films-768x384.jpg 768w, https:\/\/cloeren.com\/content\/uploads\/2017\/05\/applications-auto-windshield-safety-films-800x400.jpg 800w, https:\/\/cloeren.com\/content\/uploads\/2017\/05\/applications-auto-windshield-safety-films-1024x512.jpg 1024w, https:\/\/cloeren.com\/content\/uploads\/2017\/05\/applications-auto-windshield-safety-films-1200x600.jpg 1200w, https:\/\/cloeren.com\/content\/uploads\/2017\/05\/applications-auto-windshield-safety-films.jpg 1400w\" sizes=\"(max-width: 1400px) 100vw, 1400px\" \/>                                \n                                <div class=\"cl-page-column__content \">\n                                    \n                                    <div class=\"cl-page-column__title\">Automobil<\/div>\n\n                                <\/div>\n                            <\/a>\n\n                        <\/div>\n                    <\/div>\n                                    <div class=\"fusion-layout-column fusion_builder_column_inner fusion_builder_column_inner_1_3 1_3 fusion-flex-column\" style=\"--awb-bg-size:cover;--awb-width-large:33.333333333333%;--awb-spacing-right-large:15px;--awb-spacing-left-large:15px;--awb-width-medium:50%;--awb-order-medium:0;--awb-spacing-right-medium:15px;--awb-spacing-left-medium:15px;--awb-width-small:100%;--awb-order-small:0;--awb-spacing-right-small:15px;--awb-spacing-left-small:15px;\">\n                        <div class=\"fusion-column-wrapper fusion-column-has-shadow fusion-flex-justify-content-flex-start fusion-content-layout-column\">\n                            <a href=\"https:\/\/cloeren.com\/de\/einsatzbereiche\/energie\/\" class=\"cl-page-column \" >\n                                                                    <img decoding=\"async\" width=\"1400\" height=\"700\" src=\"https:\/\/cloeren.com\/content\/uploads\/2017\/05\/applications-pv-solar-panels.jpg\" class=\"attachment-post-thumbnail size-post-thumbnail wp-post-image\" alt=\"\" srcset=\"https:\/\/cloeren.com\/content\/uploads\/2017\/05\/applications-pv-solar-panels-200x100.jpg 200w, https:\/\/cloeren.com\/content\/uploads\/2017\/05\/applications-pv-solar-panels-300x150.jpg 300w, https:\/\/cloeren.com\/content\/uploads\/2017\/05\/applications-pv-solar-panels-400x200.jpg 400w, https:\/\/cloeren.com\/content\/uploads\/2017\/05\/applications-pv-solar-panels-600x300.jpg 600w, https:\/\/cloeren.com\/content\/uploads\/2017\/05\/applications-pv-solar-panels-768x384.jpg 768w, https:\/\/cloeren.com\/content\/uploads\/2017\/05\/applications-pv-solar-panels-800x400.jpg 800w, https:\/\/cloeren.com\/content\/uploads\/2017\/05\/applications-pv-solar-panels-1024x512.jpg 1024w, https:\/\/cloeren.com\/content\/uploads\/2017\/05\/applications-pv-solar-panels-1200x600.jpg 1200w, https:\/\/cloeren.com\/content\/uploads\/2017\/05\/applications-pv-solar-panels.jpg 1400w\" sizes=\"(max-width: 1400px) 100vw, 1400px\" \/>                                \n                                <div class=\"cl-page-column__content \">\n                                    \n                                    <div class=\"cl-page-column__title\">Energie<\/div>\n\n                                <\/div>\n                            <\/a>\n\n                        <\/div>\n                    <\/div>\n                            <\/div>\n\n<\/div><\/div><\/div><\/div>\n","protected":false},"excerpt":{"rendered":"","protected":false},"author":1,"featured_media":3741,"parent":5790,"menu_order":1,"comment_status":"closed","ping_status":"closed","template":"","meta":{"_acf_changed":false,"footnotes":""},"class_list":["post-5893","page","type-page","status-publish","has-post-thumbnail","hentry"],"acf":[],"_links":{"self":[{"href":"https:\/\/cloeren.com\/de\/wp-json\/wp\/v2\/pages\/5893","targetHints":{"allow":["GET"]}}],"collection":[{"href":"https:\/\/cloeren.com\/de\/wp-json\/wp\/v2\/pages"}],"about":[{"href":"https:\/\/cloeren.com\/de\/wp-json\/wp\/v2\/types\/page"}],"author":[{"embeddable":true,"href":"https:\/\/cloeren.com\/de\/wp-json\/wp\/v2\/users\/1"}],"replies":[{"embeddable":true,"href":"https:\/\/cloeren.com\/de\/wp-json\/wp\/v2\/comments?post=5893"}],"version-history":[{"count":0,"href":"https:\/\/cloeren.com\/de\/wp-json\/wp\/v2\/pages\/5893\/revisions"}],"up":[{"embeddable":true,"href":"https:\/\/cloeren.com\/de\/wp-json\/wp\/v2\/pages\/5790"}],"wp:featuredmedia":[{"embeddable":true,"href":"https:\/\/cloeren.com\/de\/wp-json\/wp\/v2\/media\/3741"}],"wp:attachment":[{"href":"https:\/\/cloeren.com\/de\/wp-json\/wp\/v2\/media?parent=5893"}],"curies":[{"name":"wp","href":"https:\/\/api.w.org\/{rel}","templated":true}]}}