{"id":5799,"date":"2017-01-19T10:34:22","date_gmt":"2017-01-19T16:34:22","guid":{"rendered":"https:\/\/cloeren.com\/co-extrusions-adaptoren\/fg-feedblocke\/"},"modified":"2021-01-22T12:49:06","modified_gmt":"2021-01-22T18:49:06","slug":"fg-feedblocke","status":"publish","type":"page","link":"https:\/\/cloeren.com\/de\/co-extrusions-adaptoren\/fg-feedblocke\/","title":{"rendered":"FG\u2122 Feedbl\u00f6cke"},"content":{"rendered":"<div class=\"fusion-fullwidth fullwidth-box fusion-builder-row-1 fusion-flex-container nonhundred-percent-fullwidth non-hundred-percent-height-scrolling\" style=\"--awb-border-radius-top-left:0px;--awb-border-radius-top-right:0px;--awb-border-radius-bottom-right:0px;--awb-border-radius-bottom-left:0px;--awb-padding-right:0px;--awb-padding-bottom:30px;--awb-padding-left:0px;--awb-flex-wrap:wrap;\" ><div class=\"fusion-builder-row fusion-row fusion-flex-align-items-flex-start fusion-flex-content-wrap\" style=\"max-width:1456px;margin-left: calc(-4% \/ 2 );margin-right: calc(-4% \/ 2 );\"><div class=\"fusion-layout-column fusion_builder_column fusion-builder-column-0 fusion_builder_column_1_1 1_1 fusion-flex-column\" style=\"--awb-bg-size:cover;--awb-width-large:100%;--awb-margin-top-large:0px;--awb-spacing-right-large:1.92%;--awb-margin-bottom-large:30px;--awb-spacing-left-large:1.92%;--awb-width-medium:100%;--awb-order-medium:0;--awb-spacing-right-medium:1.92%;--awb-spacing-left-medium:1.92%;--awb-width-small:100%;--awb-order-small:0;--awb-spacing-right-small:1.92%;--awb-spacing-left-small:1.92%;\"><div class=\"fusion-column-wrapper fusion-column-has-shadow fusion-flex-justify-content-flex-start fusion-content-layout-column\"><div class=\"fusion-separator fusion-full-width-sep\" style=\"align-self: center;margin-left: auto;margin-right: auto;margin-bottom:40px;width:100%;\"><div class=\"fusion-separator-border sep-single\" style=\"--awb-height:20px;--awb-amount:20px;border-color:#d6d6d7;border-top-width:1px;\"><\/div><\/div><\/div><\/div><div class=\"fusion-layout-column fusion_builder_column fusion-builder-column-1 fusion_builder_column_2_3 2_3 fusion-flex-column\" style=\"--awb-bg-size:cover;--awb-width-large:66.666666666667%;--awb-margin-top-large:0px;--awb-spacing-right-large:2.88%;--awb-margin-bottom-large:30px;--awb-spacing-left-large:2.88%;--awb-width-medium:100%;--awb-spacing-right-medium:1.92%;--awb-spacing-left-medium:1.92%;--awb-width-small:100%;--awb-spacing-right-small:1.92%;--awb-spacing-left-small:1.92%;\"><div class=\"fusion-column-wrapper fusion-flex-justify-content-flex-start fusion-content-layout-column\"><div class=\"fusion-title title fusion-title-1 fusion-sep-none fusion-title-text fusion-title-size-two\" style=\"--awb-margin-bottom:30px;--awb-margin-top-small:0px;--awb-margin-right-small:0px;--awb-margin-bottom-small:20px;--awb-margin-left-small:0px;\"><h2 class=\"fusion-title-heading title-heading-left fusion-responsive-typography-calculated\" style=\"margin:0;--fontSize:26;line-height:1.4;\">FG\u2122 Feedbl\u00f6cke<\/h2><\/div><div class=\"fusion-text fusion-text-1\"><p>Wir haben den Cloeren feste Geometrie (FG\u2122) Feedblock f\u00fcr eine benutzerfreundliche Bedienung, zum Einsatz f\u00fcr einfache Anwendungen entworfen. <\/p>\n<p><strong>Leicht austauschbare Eins\u00e4tze<\/strong><br \/>\nDer (FG\u2122) Feedblock hat fixe Geometrieeins\u00e4tze die schnell wechselbar sind und verf\u00fcgt ebenfalls \u00fcber eine Selector Plug\u2122 Kassette f\u00fcr das einfache \u00c4ndern der Schichtkombination. Dieser Adapter wurde f\u00fcr h\u00f6herviskose Materialien entworfen und f\u00fcr Anlagen, die vorwiegend das gleiche Produkt fahren.<\/p>\n<p><strong>Kundenspezifische Ausf\u00fchrungen der Feedbl\u00f6cke ( Co-Extrusions Adaptoren )<\/strong><br \/>\nCloeren arbeitet sehr eng mit Ihnen zusammen, um im Vorfeld der Konstruktion und Fertigung exakt zu bestimmen, welche Materialien in welchen Lagenstrukturen hergestellt werden sollen. Die Cloeren (FG\u2122) Adaptoren sind bei der Anzahl der m\u00f6glichen Lagen \u00e4hnlich zu dem (VG\u2122) Co-Extrusions Adapter zu sehen\u2013 von 2 bis 11 Schichten.<\/p>\n<\/div><\/div><\/div><div class=\"fusion-layout-column fusion_builder_column fusion-builder-column-2 fusion_builder_column_1_3 1_3 fusion-flex-column\" style=\"--awb-bg-size:cover;--awb-width-large:33.333333333333%;--awb-margin-top-large:0px;--awb-spacing-right-large:5.76%;--awb-margin-bottom-large:30px;--awb-spacing-left-large:5.76%;--awb-width-medium:100%;--awb-spacing-right-medium:1.92%;--awb-spacing-left-medium:1.92%;--awb-width-small:100%;--awb-spacing-right-small:1.92%;--awb-spacing-left-small:1.92%;\"><div class=\"fusion-column-wrapper fusion-flex-justify-content-flex-start fusion-content-layout-column\"><div class=\"fusion-content-boxes content-boxes columns row fusion-columns-1 fusion-columns-total-2 fusion-content-boxes-1 content-boxes-icon-with-title content-left\" style=\"--awb-margin-bottom:0px;--awb-hover-accent-color:#14213d;--awb-circle-hover-accent-color:#14213d;--awb-item-margin-bottom:40px;\" data-animationOffset=\"top-into-view\"><div style=\"--awb-backgroundcolor:#e8e8e9;\" class=\"fusion-column content-box-column content-box-column content-box-column-1 col-lg-12 col-md-12 col-sm-12 fusion-content-box-hover content-box-column-last-in-row\"><div class=\"col content-box-wrapper content-wrapper-background link-area-link-icon icon-hover-animation-fade\" data-animationOffset=\"top-into-view\"><div class=\"heading icon-left\"><h2 class=\"content-box-heading fusion-responsive-typography-calculated\" style=\"--h2_typography-font-size:26px;--fontSize:26;line-height:1.4;\">Wusstest du schon...<\/h2><\/div><div class=\"fusion-clearfix\"><\/div><div class=\"content-container\">Cloeren betreut seine Werkzeuge \u00fcber die gesamte Lebensdauer dieser.<\/div><\/div><\/div><div style=\"--awb-backgroundcolor:#e8e8e9;--awb-iconcolor:#14213d;--awb-circle-hover-accent-color:transparent;\" class=\"fusion-column content-box-column content-box-column content-box-column-2 col-lg-12 col-md-12 col-sm-12 fusion-content-box-hover content-box-column-last content-box-column-last-in-row\"><div class=\"col content-box-wrapper content-wrapper-background link-area-link-icon icon-hover-animation-fade\" data-animationOffset=\"top-into-view\"><div class=\"heading icon-left\"><h2 class=\"content-box-heading fusion-responsive-typography-calculated\" style=\"--h2_typography-font-size:26px;--fontSize:26;line-height:1.4;\">Haben Sie eine Frage \u00fcber unsere Co-Extrusions Adaptoren?<\/h2><\/div><div class=\"fusion-clearfix\"><\/div><div class=\"content-container\"><div class=\"fusion-text fusion-text-2\"><p>Klicken Sie hier, um auf unsere Kontaktseite zu gelangen, wo Sie uns eine Nachricht zusenden k\u00f6nnen.<\/p>\n<\/div>\n<div ><a class=\"fusion-button button-flat fusion-button-default-size button-default fusion-button-default button-1 fusion-button-span-yes fusion-button-default-type\" target=\"_self\" href=\"https:\/\/cloeren.com\/de\/kontaktiere-uns\/\"><span class=\"fusion-button-text awb-button__text awb-button__text--default\">Kontaktiere Uns<\/span><i class=\" fa fa-comment awb-button__icon awb-button__icon--default button-icon-right\" aria-hidden=\"true\"><\/i><\/a><\/div><\/div><\/div><\/div><div class=\"fusion-clearfix\"><\/div><\/div><\/div><\/div><div class=\"fusion-layout-column fusion_builder_column fusion-builder-column-3 fusion_builder_column_1_1 1_1 fusion-flex-column\" style=\"--awb-bg-size:cover;--awb-width-large:100%;--awb-margin-top-large:0px;--awb-spacing-right-large:1.92%;--awb-margin-bottom-large:30px;--awb-spacing-left-large:1.92%;--awb-width-medium:100%;--awb-spacing-right-medium:1.92%;--awb-spacing-left-medium:1.92%;--awb-width-small:100%;--awb-spacing-right-small:1.92%;--awb-spacing-left-small:1.92%;\"><div class=\"fusion-column-wrapper fusion-flex-justify-content-flex-start fusion-content-layout-column\"><div class=\"fusion-separator fusion-full-width-sep\" style=\"align-self: center;margin-left: auto;margin-right: auto;margin-bottom:60px;width:100%;\"><div class=\"fusion-separator-border sep-single sep-solid\" style=\"--awb-height:20px;--awb-amount:20px;border-color:#d6d6d7;border-top-width:1px;\"><\/div><\/div><div class=\"fusion-title title fusion-title-2 fusion-sep-none fusion-title-text fusion-title-size-two\" style=\"--awb-margin-bottom:30px;--awb-margin-top-small:0px;--awb-margin-right-small:0px;--awb-margin-bottom-small:20px;--awb-margin-left-small:0px;\"><h2 class=\"fusion-title-heading title-heading-left fusion-responsive-typography-calculated\" style=\"margin:0;--fontSize:26;line-height:1.4;\">Einsatzbereiche<\/h2><\/div>            <div class=\"fusion-builder-row fusion-row fusion-flex-align-items-flex-start\" style=\"width:calc( 100% + 30px ) !important;max-width:calc( 100% + 30px ) !important;margin-left: calc(-30px \/ 2 );margin-right: calc(-30px \/ 2 );\">\n                                    <div class=\"fusion-layout-column fusion_builder_column_inner fusion_builder_column_inner_1_3 1_3 fusion-flex-column\" style=\"--awb-bg-size:cover;--awb-width-large:33.333333333333%;--awb-spacing-right-large:15px;--awb-spacing-left-large:15px;--awb-width-medium:50%;--awb-order-medium:0;--awb-spacing-right-medium:15px;--awb-spacing-left-medium:15px;--awb-width-small:100%;--awb-order-small:0;--awb-spacing-right-small:15px;--awb-spacing-left-small:15px;\">\n                        <div class=\"fusion-column-wrapper fusion-column-has-shadow fusion-flex-justify-content-flex-start fusion-content-layout-column\">\n                            <a href=\"https:\/\/cloeren.com\/de\/einsatzbereiche\/flexible-verpackung\/\" class=\"cl-page-column \" >\n                                                                    <img decoding=\"async\" width=\"1400\" height=\"700\" src=\"https:\/\/cloeren.com\/content\/uploads\/2018\/06\/fp-chip-bag.jpg\" class=\"attachment-post-thumbnail size-post-thumbnail wp-post-image\" alt=\"\" srcset=\"https:\/\/cloeren.com\/content\/uploads\/2018\/06\/fp-chip-bag-200x100.jpg 200w, https:\/\/cloeren.com\/content\/uploads\/2018\/06\/fp-chip-bag-300x150.jpg 300w, https:\/\/cloeren.com\/content\/uploads\/2018\/06\/fp-chip-bag-400x200.jpg 400w, https:\/\/cloeren.com\/content\/uploads\/2018\/06\/fp-chip-bag-600x300.jpg 600w, https:\/\/cloeren.com\/content\/uploads\/2018\/06\/fp-chip-bag-768x384.jpg 768w, https:\/\/cloeren.com\/content\/uploads\/2018\/06\/fp-chip-bag-800x400.jpg 800w, https:\/\/cloeren.com\/content\/uploads\/2018\/06\/fp-chip-bag-1024x512.jpg 1024w, https:\/\/cloeren.com\/content\/uploads\/2018\/06\/fp-chip-bag-1200x600.jpg 1200w, https:\/\/cloeren.com\/content\/uploads\/2018\/06\/fp-chip-bag.jpg 1400w\" sizes=\"(max-width: 1400px) 100vw, 1400px\" \/>                                \n                                <div class=\"cl-page-column__content \">\n                                    \n                                    <div class=\"cl-page-column__title\">Flexible Verpackung<\/div>\n\n                                <\/div>\n                            <\/a>\n\n                        <\/div>\n                    <\/div>\n                                    <div class=\"fusion-layout-column fusion_builder_column_inner fusion_builder_column_inner_1_3 1_3 fusion-flex-column\" style=\"--awb-bg-size:cover;--awb-width-large:33.333333333333%;--awb-spacing-right-large:15px;--awb-spacing-left-large:15px;--awb-width-medium:50%;--awb-order-medium:0;--awb-spacing-right-medium:15px;--awb-spacing-left-medium:15px;--awb-width-small:100%;--awb-order-small:0;--awb-spacing-right-small:15px;--awb-spacing-left-small:15px;\">\n                        <div class=\"fusion-column-wrapper fusion-column-has-shadow fusion-flex-justify-content-flex-start fusion-content-layout-column\">\n                            <a href=\"https:\/\/cloeren.com\/de\/einsatzbereiche\/beschichtete-verpackungen\/\" class=\"cl-page-column \" >\n                                                                    <img decoding=\"async\" width=\"1400\" height=\"700\" src=\"https:\/\/cloeren.com\/content\/uploads\/2017\/05\/applications-cp-coffee-bags.jpg\" class=\"attachment-post-thumbnail size-post-thumbnail wp-post-image\" alt=\"\" srcset=\"https:\/\/cloeren.com\/content\/uploads\/2017\/05\/applications-cp-coffee-bags-200x100.jpg 200w, https:\/\/cloeren.com\/content\/uploads\/2017\/05\/applications-cp-coffee-bags-300x150.jpg 300w, https:\/\/cloeren.com\/content\/uploads\/2017\/05\/applications-cp-coffee-bags-400x200.jpg 400w, https:\/\/cloeren.com\/content\/uploads\/2017\/05\/applications-cp-coffee-bags-600x300.jpg 600w, https:\/\/cloeren.com\/content\/uploads\/2017\/05\/applications-cp-coffee-bags-768x384.jpg 768w, https:\/\/cloeren.com\/content\/uploads\/2017\/05\/applications-cp-coffee-bags-800x400.jpg 800w, https:\/\/cloeren.com\/content\/uploads\/2017\/05\/applications-cp-coffee-bags-1024x512.jpg 1024w, https:\/\/cloeren.com\/content\/uploads\/2017\/05\/applications-cp-coffee-bags-1200x600.jpg 1200w, https:\/\/cloeren.com\/content\/uploads\/2017\/05\/applications-cp-coffee-bags.jpg 1400w\" sizes=\"(max-width: 1400px) 100vw, 1400px\" \/>                                \n                                <div class=\"cl-page-column__content \">\n                                    \n                                    <div class=\"cl-page-column__title\">Beschichtete Verpackungen<\/div>\n\n                                <\/div>\n                            <\/a>\n\n                        <\/div>\n                    <\/div>\n                                    <div class=\"fusion-layout-column fusion_builder_column_inner fusion_builder_column_inner_1_3 1_3 fusion-flex-column\" style=\"--awb-bg-size:cover;--awb-width-large:33.333333333333%;--awb-spacing-right-large:15px;--awb-spacing-left-large:15px;--awb-width-medium:50%;--awb-order-medium:0;--awb-spacing-right-medium:15px;--awb-spacing-left-medium:15px;--awb-width-small:100%;--awb-order-small:0;--awb-spacing-right-small:15px;--awb-spacing-left-small:15px;\">\n                        <div class=\"fusion-column-wrapper fusion-column-has-shadow fusion-flex-justify-content-flex-start fusion-content-layout-column\">\n                            <a href=\"https:\/\/cloeren.com\/de\/einsatzbereiche\/commodity-folie\/\" class=\"cl-page-column \" >\n                                                                    <img decoding=\"async\" width=\"1400\" height=\"700\" src=\"https:\/\/cloeren.com\/content\/uploads\/2017\/05\/cf-pallet-stretch-wrap.jpg\" class=\"attachment-post-thumbnail size-post-thumbnail wp-post-image\" alt=\"\" srcset=\"https:\/\/cloeren.com\/content\/uploads\/2017\/05\/cf-pallet-stretch-wrap-200x100.jpg 200w, https:\/\/cloeren.com\/content\/uploads\/2017\/05\/cf-pallet-stretch-wrap-300x150.jpg 300w, https:\/\/cloeren.com\/content\/uploads\/2017\/05\/cf-pallet-stretch-wrap-400x200.jpg 400w, https:\/\/cloeren.com\/content\/uploads\/2017\/05\/cf-pallet-stretch-wrap-600x300.jpg 600w, https:\/\/cloeren.com\/content\/uploads\/2017\/05\/cf-pallet-stretch-wrap-768x384.jpg 768w, https:\/\/cloeren.com\/content\/uploads\/2017\/05\/cf-pallet-stretch-wrap-800x400.jpg 800w, https:\/\/cloeren.com\/content\/uploads\/2017\/05\/cf-pallet-stretch-wrap-1024x512.jpg 1024w, https:\/\/cloeren.com\/content\/uploads\/2017\/05\/cf-pallet-stretch-wrap-1200x600.jpg 1200w, https:\/\/cloeren.com\/content\/uploads\/2017\/05\/cf-pallet-stretch-wrap.jpg 1400w\" sizes=\"(max-width: 1400px) 100vw, 1400px\" \/>                                \n                                <div class=\"cl-page-column__content \">\n                                    \n                                    <div class=\"cl-page-column__title\">Commodity Folie<\/div>\n\n                                <\/div>\n                            <\/a>\n\n                        <\/div>\n                    <\/div>\n                            <\/div>\n\n<\/div><\/div><\/div><\/div>\n","protected":false},"excerpt":{"rendered":"","protected":false},"author":1,"featured_media":3716,"parent":5750,"menu_order":2,"comment_status":"closed","ping_status":"closed","template":"","meta":{"_acf_changed":false,"footnotes":""},"class_list":["post-5799","page","type-page","status-publish","has-post-thumbnail","hentry"],"acf":[],"_links":{"self":[{"href":"https:\/\/cloeren.com\/de\/wp-json\/wp\/v2\/pages\/5799","targetHints":{"allow":["GET"]}}],"collection":[{"href":"https:\/\/cloeren.com\/de\/wp-json\/wp\/v2\/pages"}],"about":[{"href":"https:\/\/cloeren.com\/de\/wp-json\/wp\/v2\/types\/page"}],"author":[{"embeddable":true,"href":"https:\/\/cloeren.com\/de\/wp-json\/wp\/v2\/users\/1"}],"replies":[{"embeddable":true,"href":"https:\/\/cloeren.com\/de\/wp-json\/wp\/v2\/comments?post=5799"}],"version-history":[{"count":0,"href":"https:\/\/cloeren.com\/de\/wp-json\/wp\/v2\/pages\/5799\/revisions"}],"up":[{"embeddable":true,"href":"https:\/\/cloeren.com\/de\/wp-json\/wp\/v2\/pages\/5750"}],"wp:featuredmedia":[{"embeddable":true,"href":"https:\/\/cloeren.com\/de\/wp-json\/wp\/v2\/media\/3716"}],"wp:attachment":[{"href":"https:\/\/cloeren.com\/de\/wp-json\/wp\/v2\/media?parent=5799"}],"curies":[{"name":"wp","href":"https:\/\/api.w.org\/{rel}","templated":true}]}}