{"id":17626,"date":"2018-06-18T15:17:13","date_gmt":"2018-06-18T20:17:13","guid":{"rendered":"https:\/\/cloeren.com\/terms-and-conditions-of-use\/"},"modified":"2023-07-17T13:05:37","modified_gmt":"2023-07-17T18:05:37","slug":"terms-and-conditions-of-use","status":"publish","type":"page","link":"https:\/\/cloeren.com\/de\/terms-and-conditions-of-use\/","title":{"rendered":"Nutzungsbedingungen"},"content":{"rendered":"<div class=\"fusion-fullwidth fullwidth-box fusion-builder-row-1 fusion-flex-container has-pattern-background has-mask-background nonhundred-percent-fullwidth non-hundred-percent-height-scrolling\" style=\"--awb-border-radius-top-left:0px;--awb-border-radius-top-right:0px;--awb-border-radius-bottom-right:0px;--awb-border-radius-bottom-left:0px;--awb-flex-wrap:wrap;\" ><div class=\"fusion-builder-row fusion-row fusion-flex-align-items-flex-start fusion-flex-content-wrap\" style=\"max-width:1456px;margin-left: calc(-4% \/ 2 );margin-right: calc(-4% \/ 2 );\"><div class=\"fusion-layout-column fusion_builder_column fusion-builder-column-0 fusion_builder_column_1_1 1_1 fusion-flex-column\" style=\"--awb-bg-size:cover;--awb-width-large:100%;--awb-margin-top-large:0px;--awb-spacing-right-large:1.92%;--awb-margin-bottom-large:0px;--awb-spacing-left-large:1.92%;--awb-width-medium:100%;--awb-spacing-right-medium:1.92%;--awb-spacing-left-medium:1.92%;--awb-width-small:100%;--awb-spacing-right-small:1.92%;--awb-spacing-left-small:1.92%;\"><div class=\"fusion-column-wrapper fusion-flex-justify-content-flex-start fusion-content-layout-column\"><div class=\"fusion-text fusion-text-1\"><p><strong>Cloeren US-amerikanische und internationale Patente<\/strong><br \/>\nProdukte, Dienstleistungen und Prozesse, die hierin beschrieben werden, k\u00f6nnen durch eines oder mehrere der folgenden U.S. Letters Patent und internationale Gegenst\u00fccke davon offenbart werden; 6,905,324, 6,398,535, 6,287,105, 6,017,207, 5,888,556, 5,679,387, 5,582,850, 5,516,474, 5,505,609, 5,451,357, 5,423,668, 5,259,747, 5,256,052, 5,234,649, 5,208,047, 5,147,195, 5,120,484, 5,066,443, 5,020,984, 4,839,131, 4,789,513, 4,784,815, 4,780,258, 4,619,802, 4,600,550, 4,533,308, 4,197,069, 4,152,387. Zus\u00e4tzliche Briefe Patente k\u00f6nnen angemeldet werden.<\/p>\n<p><strong>Cloeren Warenzeichen<\/strong><br \/>\nemo\u2122, Reflex\u2122, Vane\u2122 Feedblock and Die, VG, FG\u2122 Selector Plug\u2122, Epoch\u2122 Die, AutoGauge\u2122, QuickGap\u2122, Masterflex\u2122, MasterCoat\u2122, NanoLayer Films, NanoLayer\u2122\u2122 Feedblock, InfiNano\u2122 Feedblock, TopHat\u2122, EBR\u2122, IDS, EDS\u2122\u2122, PowerWedge\u2122, ClipEdge\u2122 moebius-manifold\u2122 und Heritage of Performance\u2122 sind Marken von Cloeren Incorporated, Orange,\u2122 Texas U.S.A., alle Rechte vorbehalten.<\/p>\n<p><strong>Nutzungsbedingungen<\/strong><br \/>\nDIESE WEBSITE WIRD VON CLOEREN INCORPORATED (&#8222;CLOEREN&#8220;) ZUR VERF\u00dcGUNG GESTELLT, UND IHRE NUTZUNG DIESER WEBSITE UNTERLIEGT DER EINHALTUNG DER HIER DARGELEGTEN BEDINGUNGEN. BITTE LESEN SIE DIE FOLGENDEN INFORMATIONEN SORGF\u00c4LTIG DURCH. WENN SIE DIESE WEBSITE WEITERHIN NUTZEN, ERKL\u00c4REN SIE SICH DAMIT EINVERSTANDEN, AN DIE UNTEN AUFGEF\u00dcHRTEN BEDINGUNGEN GEBUNDEN ZU SEIN. WENN SIE NICHT DAMIT EINVERSTANDEN SIND, AN DIESE ALLGEMEINEN GESCH\u00c4FTSBEDINGUNGEN GEBUNDEN ZU SEIN, VERLASSEN SIE BITTE UMGEHEND DIESE WEBSITE.<\/p>\n<p><strong>1. Nutzungsbeschr\u00e4nkungen<\/strong><br \/>\nAlle Seiten und Materialien, die auf oder innerhalb dieser Website enthalten sind, einschlie\u00dflich, aber nicht beschr\u00e4nkt auf alle HTML-Codes, Informationen, Bilder, Renderings, Zeichnungen und dergleichen, sind Eigentum von Cloeren und\/oder seinen Tochtergesellschaften und verbundenen Unternehmen und sind durch US-amerikanische und internationale Urheberrechts- und Markengesetze gesch\u00fctzt. Kein Material auf dieser Website oder Teile davon darf ohne die ausdr\u00fcckliche vorherige schriftliche Zustimmung von Cloeren kopiert, verteilt, \u00fcbertragen, angezeigt, reproduziert, ver\u00f6ffentlicht, ge\u00e4ndert oder \u00fcbertragen werden. Jede unbefugte Nutzung von Material auf dieser Website kann gegen Urheberrechtsgesetze, Markengesetze und\/oder andere Kommunikationsvorschriften und -gesetze versto\u00dfen. F\u00fcr den Fall, dass es Ihnen gestattet ist, Material von dieser Website herunterzuladen, erkl\u00e4ren Sie sich damit einverstanden, dass Sie alle Eigentumshinweise, einschlie\u00dflich Urheberrechtsvermerke, die auf solchen heruntergeladenen Materialien enthalten sind, intakt halten und alle geltenden Gesetze und\/oder sonstigen Vorschriften einhalten. Alle Rechte, die nicht ausdr\u00fccklich durch diese Allgemeinen Gesch\u00e4ftsbedingungen oder andere schriftliche Vereinbarungen mit Cloeren gew\u00e4hrt werden, sind Cloeren vorbehalten.<\/p>\n<p><strong>2. Markenhinweis<\/strong><br \/>\nDie auf dieser Website angezeigten Marken, Logos und Dienstleistungsmarken (zusammenfassend als &#8222;Marken&#8220; bezeichnet) sind Marken von Cloeren und\/oder seinen Tochtergesellschaften und verbundenen Unternehmen, sind Eigentum von Cloeren und Eigentum von Cloeren. Nichts in diesem Dokument darf so ausgelegt werden, dass eine Lizenz oder ein Recht zur Nutzung der auf dieser Website angezeigten Marken ohne die ausdr\u00fcckliche vorherige schriftliche Zustimmung von Cloeren gew\u00e4hrt wird. Die unbefugte Verwendung der Marken ist strengstens untersagt und eine solche unbefugte Nutzung kann eine Markenverletzung darstellen, die erhebliche zivil- und\/oder strafrechtliche Sanktionen nach sich ziehen kann.<\/p>\n<p><strong>3. Haftungsausschluss<\/strong><br \/>\nDIESE WEBSITE, EINSCHLIESSLICH ALLER DARIN ENTHALTENEN INHALTE ODER INFORMATIONEN ODER EINES MIT DER WEBSITE VERBUNDENEN DIENSTES, WIRD OHNE M\u00c4NGELGEW\u00c4HR UND OHNE AUSDR\u00dcCKLICHE ODER STILLSCHWEIGENDE ZUSICHERUNGEN ODER GEW\u00c4HRLEISTUNGEN JEGLICHER ART BEREITGESTELLT, EINSCHLIESSLICH, ABER NICHT BESCHR\u00c4NKT AUF DIE STILLSCHWEIGENDE GEW\u00c4HRLEISTUNG DER MARKTG\u00c4NGIGKEIT UND EIGNUNG F\u00dcR EINEN BESTIMMTEN ZWECK. SIE \u00dcBERNEHMEN DIE VOLLE VERANTWORTUNG UND DAS RISIKO F\u00dcR IHRE NUTZUNG DIESER WEBSITE, DER MIT DER WEBSITE VERBUNDENEN DIENSTE UND DER VERLINKTEN WEBSITES, FALLS VORHANDEN.<\/p>\n<p>CLOEREN, SEINE TOCHTERGESELLSCHAFTEN UND\/ODER VERBUNDENEN UNTERNEHMEN SIND WEDER VERANTWORTLICH NOCH HAFTBAR F\u00dcR DIREKTE, INDIREKTE, ZUF\u00c4LLIGE, FOLGE-, SPEZIELLE, EXEMPLARISCHE, STRAFBARE ODER ANDERE SCH\u00c4DEN JEGLICHER ART, DIE SICH AUS DER WEBSITE, DEN AUF DER WEBSITE ENTHALTENEN DIENSTEN ODER INFORMATIONEN ERGEBEN ODER IN IRGENDEINER WEISE DAMIT ZUSAMMENH\u00c4NGEN, ODER IHRE NUTZUNG DERSELBEN UND\/ODER EINER VERLINKTEN WEBSITE. IHR EINZIGES RECHTSMITTEL BEI UNZUFRIEDENHEIT MIT DER WEBSITE, DEN MIT DER WEBSITE VERBUNDENEN DIENSTEN UND\/ODER VERLINKTEN WEBSITES BESTEHT DARIN, DIE NUTZUNG DER WEBSITE UND\/ODER DIESER DIENSTE EINZUSTELLEN.<\/p>\n<p>Obwohl Cloeren versucht, die Integrit\u00e4t und Genauigkeit der Website zu gew\u00e4hrleisten, \u00fcbernimmt Cloeren keine Garantie f\u00fcr die Vollst\u00e4ndigkeit oder Richtigkeit der Website, und Cloeren garantiert nicht, dass die Nutzung dieser Website ununterbrochen, stabil oder f\u00fcr alle Benutzer geeignet ist. Es ist m\u00f6glich, dass die Website Ungenauigkeiten oder Fehler enth\u00e4lt und dass Dritte unbefugte Erg\u00e4nzungen, L\u00f6schungen und \u00c4nderungen an der Website vornehmen k\u00f6nnen. F\u00fcr den Fall, dass eine Ungenauigkeit auftritt, informieren Sie bitte Cloeren, damit diese korrigiert werden kann. Die auf der Website enthaltenen Informationen k\u00f6nnen ohne vorherige Ank\u00fcndigung ge\u00e4ndert oder aktualisiert werden.<\/p>\n<p><strong>4. Kommunikation<\/strong><br \/>\nAlle Mitteilungen oder Materialien, die Sie \u00fcber diese Website oder per E-Mail an eine auf dieser Website aufgef\u00fchrte Adresse an Cloeren \u00fcbermitteln, einschlie\u00dflich, aber nicht beschr\u00e4nkt auf Daten, Fragen, Kommentare, Informationsanfragen oder \u00c4hnliches, werden als nicht vertraulich und nicht urheberrechtlich gesch\u00fctzt behandelt und gehen in das Eigentum von Cloeren und\/oder seinen Tochtergesellschaften und verbundenen Unternehmen \u00fcber.  und kann von Cloeren f\u00fcr jeden Zweck verwendet werden.<\/p>\n<p><strong>5. Links oder Verweise auf andere Websites<\/strong><br \/>\nCloeren gibt keinerlei Zusicherungen \u00fcber andere Websites ab, auf die Sie \u00fcber diese Website zugreifen k\u00f6nnen, falls vorhanden. Wenn Sie auf eine Website zugreifen, die nicht zu Cloeren geh\u00f6rt, beachten Sie bitte, dass diese unabh\u00e4ngig von Cloeren ist und dass Cloeren keine Kontrolle \u00fcber den Inhalt dieser Website hat. Dar\u00fcber hinaus bedeutet ein Hyperlink zu einer Website, die nicht zu Cloeren geh\u00f6rt, nicht, dass Cloeren den Inhalt oder die Nutzung der verlinkten Website bef\u00fcrwortet oder irgendeine Verantwortung daf\u00fcr \u00fcbernimmt. Es liegt an Ihnen, Vorkehrungen zu treffen, um sicherzustellen, dass alles, was Sie f\u00fcr Ihre Nutzung oder Ihren Download ausw\u00e4hlen, frei von Elementen wie Viren, W\u00fcrmern, Trojanischen Pferden und\/oder anderen Elementen zerst\u00f6rerischer Natur ist.<\/p>\n<p><strong>6. Rechtswahl und Gerichtsstand<\/strong><br \/>\nDiese Website wird von Cloeren von seinem Hauptsitz im Bundesstaat Texas aus kontrolliert und betrieben und ist nicht dazu gedacht, Cloeren den Gesetzen eines anderen Staates, Landes oder Territoriums als dem Bundesstaat Texas und den Vereinigten Staaten von Amerika zu unterwerfen. Diese Allgemeinen Gesch\u00e4ftsbedingungen unterliegen den Gesetzen des US-Bundesstaates Texas und werden in \u00dcbereinstimmung mit diesen ausgelegt, ohne dass die Kollisionsnormen in Kraft treten. Sie erkl\u00e4ren sich damit einverstanden, dass alle Klagen, die sich aus oder im Zusammenhang mit diesen Allgemeinen Gesch\u00e4ftsbedingungen oder Ihrer Nutzung dieser Website ergeben, nur vor den staatlichen Gerichten in Orange County, Texas, und keinem anderen Gericht eingereicht werden d\u00fcrfen, und Sie erkl\u00e4ren sich hiermit einverstanden und erkl\u00e4ren sich damit einverstanden, sich der ausschlie\u00dflichen pers\u00f6nlichen Gerichtsbarkeit und dem Gerichtsstand dieser Gerichte zu unterwerfen, und Sie verzichten hiermit auf jegliche Gerichtsbarkeit,  Gerichtsstand oder unbequeme Einw\u00e4nde gegen solche Gerichte. F\u00fcr den Fall, dass eine der hierin enthaltenen Allgemeinen Gesch\u00e4ftsbedingungen von einem Gericht oder einer anderen zust\u00e4ndigen Gerichtsbarkeit f\u00fcr nicht durchsetzbar befunden wird, werden diese Bestimmungen auf das erforderliche Mindestma\u00df beschr\u00e4nkt oder gestrichen, so dass diese Allgemeinen Gesch\u00e4ftsbedingungen ansonsten in vollem Umfang in Kraft bleiben.<\/p>\n<p><strong>7. Gesamte Vereinbarung<\/strong><br \/>\nDiese Allgemeinen Gesch\u00e4ftsbedingungen stellen die gesamte Vereinbarung und \u00dcbereinkunft zwischen Ihnen und Cloeren in Bezug auf die Nutzung dieser Website dar und ersetzen alle vorherigen oder gleichzeitigen Mitteilungen. Cloeren beh\u00e4lt sich das Recht vor, jederzeit ohne vorherige Ank\u00fcndigung und ohne jegliche Haftung Ihnen gegen\u00fcber \u00c4nderungen, Erg\u00e4nzungen, L\u00f6schungen und\/oder Modifikationen an diesen Allgemeinen Gesch\u00e4ftsbedingungen vorzunehmen, indem die \u00fcberarbeiteten Allgemeinen Gesch\u00e4ftsbedingungen auf dieser Website ver\u00f6ffentlicht werden. Durch die weitere Nutzung dieser Website nach der Ver\u00f6ffentlichung solcher \u00c4nderungen, Erg\u00e4nzungen, L\u00f6schungen und\/oder Modifikationen erkl\u00e4ren Sie sich damit einverstanden, an alle diese \u00c4nderungen, Erg\u00e4nzungen, L\u00f6schungen und\/oder Modifikationen gebunden zu sein. Eine gedruckte Version dieser Allgemeinen Gesch\u00e4ftsbedingungen ist in jedem Gerichts- oder Verwaltungsverfahren, das auf der Nutzung dieser Website beruht oder damit in Zusammenhang steht, im gleichen Umfang und unter den gleichen Bedingungen zul\u00e4ssig wie andere Gesch\u00e4ftsdokumente und Aufzeichnungen, die urspr\u00fcnglich in gedruckter Form erstellt wurden.<\/p>\n<p><strong>8. Kein rechtswidriger oder verbotener Zweck<\/strong><br \/>\nAls Bedingung f\u00fcr Ihre Nutzung dieser Website erkl\u00e4ren und garantieren Sie Cloeren, dass Sie die Website nicht f\u00fcr Zwecke nutzen werden, die rechtswidrig oder durch diese Allgemeinen Gesch\u00e4ftsbedingungen verboten sind.<\/p>\n<\/div><\/div><\/div><\/div><\/div>\n","protected":false},"excerpt":{"rendered":"","protected":false},"author":1,"featured_media":0,"parent":0,"menu_order":0,"comment_status":"closed","ping_status":"closed","template":"","meta":{"_acf_changed":false,"footnotes":""},"class_list":["post-17626","page","type-page","status-publish","hentry"],"acf":[],"_links":{"self":[{"href":"https:\/\/cloeren.com\/de\/wp-json\/wp\/v2\/pages\/17626","targetHints":{"allow":["GET"]}}],"collection":[{"href":"https:\/\/cloeren.com\/de\/wp-json\/wp\/v2\/pages"}],"about":[{"href":"https:\/\/cloeren.com\/de\/wp-json\/wp\/v2\/types\/page"}],"author":[{"embeddable":true,"href":"https:\/\/cloeren.com\/de\/wp-json\/wp\/v2\/users\/1"}],"replies":[{"embeddable":true,"href":"https:\/\/cloeren.com\/de\/wp-json\/wp\/v2\/comments?post=17626"}],"version-history":[{"count":3,"href":"https:\/\/cloeren.com\/de\/wp-json\/wp\/v2\/pages\/17626\/revisions"}],"predecessor-version":[{"id":21193,"href":"https:\/\/cloeren.com\/de\/wp-json\/wp\/v2\/pages\/17626\/revisions\/21193"}],"wp:attachment":[{"href":"https:\/\/cloeren.com\/de\/wp-json\/wp\/v2\/media?parent=17626"}],"curies":[{"name":"wp","href":"https:\/\/api.w.org\/{rel}","templated":true}]}}