{"id":15666,"date":"2018-09-19T09:30:37","date_gmt":"2018-09-19T14:30:37","guid":{"rendered":"https:\/\/cloeren.com\/privacy-policy\/"},"modified":"2023-07-05T11:54:52","modified_gmt":"2023-07-05T16:54:52","slug":"internetdatenschutzrichtlinie","status":"publish","type":"page","link":"https:\/\/cloeren.com\/de\/internetdatenschutzrichtlinie\/","title":{"rendered":"Internetdatenschutzrichtlinie"},"content":{"rendered":"<div class=\"fusion-fullwidth fullwidth-box fusion-builder-row-1 fusion-flex-container has-pattern-background has-mask-background nonhundred-percent-fullwidth non-hundred-percent-height-scrolling\" style=\"--awb-border-radius-top-left:0px;--awb-border-radius-top-right:0px;--awb-border-radius-bottom-right:0px;--awb-border-radius-bottom-left:0px;--awb-flex-wrap:wrap;\" ><div class=\"fusion-builder-row fusion-row fusion-flex-align-items-flex-start fusion-flex-content-wrap\" style=\"max-width:1456px;margin-left: calc(-4% \/ 2 );margin-right: calc(-4% \/ 2 );\"><div class=\"fusion-layout-column fusion_builder_column fusion-builder-column-0 fusion_builder_column_1_1 1_1 fusion-flex-column\" style=\"--awb-bg-size:cover;--awb-width-large:100%;--awb-margin-top-large:0px;--awb-spacing-right-large:1.92%;--awb-margin-bottom-large:30px;--awb-spacing-left-large:1.92%;--awb-width-medium:100%;--awb-spacing-right-medium:1.92%;--awb-spacing-left-medium:1.92%;--awb-width-small:100%;--awb-spacing-right-small:1.92%;--awb-spacing-left-small:1.92%;\"><div class=\"fusion-column-wrapper fusion-flex-justify-content-flex-start fusion-content-layout-column\"><div class=\"fusion-text fusion-text-1\"><p>Cloeren Incorporated (im Folgenden als \u201eCloeren\u201c, \u201euns\u201c oder \u201ewir\u201c bezeichnet) hat sich dem Schutz Ihrer Online-Privatsph\u00e4re verschrieben und die folgenden Datenschutzvorkehrungen f\u00fcr diese Webseite entwickelt. Diese Richtlinie erkl\u00e4rt die von Cloeren zum Schutz und zur Sicherheit Ihrer Daten gesetzten Ma\u00dfnahmen. Mit der Weiterbenutzung dieser Webseite erkl\u00e4ren Sie Ihre Zustimmung zur Einhaltung der nachstehenden Datenschutzvorkehrungen. Falls Sie dieser Datenschutzrichtlinie nicht zustimmen, werden Sie ersucht, die Webseite umgehend zu verlassen.<\/p>\n<p>Wir behalten uns vor, diese Datenschutzrichtlinie jederzeit zu \u00e4ndern. Solche \u00c4nderungen, Erg\u00e4nzungen und\/oder Streichungen treten mit Ver\u00f6ffentlichung der ge\u00e4nderten Richtlinie auf dieser Webseite umgehend in Kraft. Sie nehmen zur Kenntnis und stimmen zu, dass Sie f\u00fcr die regelm\u00e4\u00dfige Pr\u00fcfung der Webseite und dieser Richtlinie sowie die Kenntnisnahme von allf\u00e4lligen \u00c4nderungen verantwortlich sind. Mit der Weiterbenutzung der Webseite nach solchen \u00c4nderungen: (a) nehmen Sie die ge\u00e4nderte Richtlinie zur Kenntnis und (b) verpflichten Sie sich, die ge\u00e4nderte Richtlinie zu beachten und an diese gebunden zu sein.<\/p>\n<p><strong>Erfassung und Verwendung von pers\u00f6nlichen Daten<\/strong><br \/>\nUm Ihnen bessere Dienste bieten zu k\u00f6nnen, erfassen wir zwei Arten von Daten unserer Benutzer auch mit Hilfe Dritter (Cookies): pers\u00f6nliche Daten und nichtpers\u00f6nliche Daten. Unser Hauptziel bei der Erfassung Ihrer Daten ist, Ihnen ein reibungsloses und effizientes Erlebnis bei der Verwendung unserer Webseite zu bieten.<\/p>\n<p>Pers\u00f6nliche Daten: Das sind Daten, die uns Informationen \u00fcber Ihre Einzelheiten liefern. Bei bestimmten Aktivit\u00e4ten auf dieser Webseite, wie zum Beispiel die Anforderung von Informationen, das Bestellen eines Produktes oder eines Dienstes, die \u00dcbermittlung von Content und\/oder Feedback, ersuchen wir Sie m\u00f6glicherweise, bestimmte pers\u00f6nliche Daten bekanntzugeben, indem Sie ein Onlineformular ausf\u00fcllen und \u00fcbermitteln. Ihre Teilnahme an solchen Aktivit\u00e4ten ist absolut optional. Wenn Sie sich jedoch zur Teilnahme an solchen Aktivit\u00e4ten entscheiden, k\u00f6nnen wir Sie um pers\u00f6nliche Daten wie Vor- und Nachname, Postanschrift (einschlie\u00dflich Postleitzahl), E-Mail-Adresse, Arbeitgeber, Position, Telefon- und Faxnummern und\/oder andere pers\u00f6nliche Daten ersuchen. Je nach Aktivit\u00e4t sind manche der von uns geforderten Informationen als Pflichtangaben und andere als freiwillige Angaben gekennzeichnet. Wenn Sie uns die Pflichtdaten hinsichtlich einer bestimmten Aktivit\u00e4t nicht \u00fcbermitteln, k\u00f6nnen Sie nicht an dieser Aktivit\u00e4t teilnehmen.<\/p>\n<p>Nichtpers\u00f6nliche Daten: Das sind Daten, anhand derer eine bestimmte Person nicht identifiziert werden kann. Wir erfassen gewisse Daten von Ihnen, je nachdem, welche Seiten Sie aufrufen, auf verschiedene Weisen. Diese Daten werden sowohl auf pers\u00f6nlicher Ebene als auch auf Gesamtbasis kompiliert und analysiert. Dazu z\u00e4hlen die Internetadresse (\u201eURL\u201c), von der Sie gerade gekommen sind, die URL, die Sie als n\u00e4chstes besuchen, der Browser, den Sie verwenden, und Ihre Internetprotokoll-(\u201eIP\u201c)-Adresse. Eine URL ist die globale Adresse f\u00fcr Dokumente und andere Ressourcen im World Wide Web. Eine IP-Adresse identifiziert einen Computer oder ein Ger\u00e4t in einem \u00dcbertragungskontrollprotokoll\/Internetprotokoll-(\u201eTCP\/IP\u201c)-Netzwerk wie das World Wide Web. Netzwerke wie das Web verwenden das TCP\/IP-Protokoll, um Informationen anhand der Ziel-IP-Adresse zu senden. Anders ausgedr\u00fcckt ist eine IP-Adresse eine Zahl, die Ihrem Computer automatisch zugewiesen wird, wenn Sie im Netz surfen, damit Webserver Ihren Computer lokalisieren und identifizieren k\u00f6nnen. Computer brauchen IP-Adressen, damit Benutzer im Internet kommunizieren k\u00f6nnen.<\/p>\n<p>Wir erfassen keine pers\u00f6nlichen Daten von Ihnen, wenn Sie uns diese nicht freiwillig \u00fcbermitteln. Sie \u00fcbermitteln uns pers\u00f6nliche Daten, wenn Sie:<\/p>\n<ol>\n<li>weitere Informationen \u00fcber unsere Produkte und\/oder unsere Dienste anfordern und uns Ihre E-Mail-Adresse geben;<\/li>\n<li>E-Mails schicken, Formulare einreichen oder sonstige Daten telefonisch oder schriftlich \u00fcbermitteln; oder<\/li>\n<li>Produkte und Dienste auf unserer Webseite bestellen und kaufen.<\/li>\n<\/ol>\n<p>Wir k\u00f6nnen auch an anderen Stellen auf unserer Webseite Daten von Ihnen erfassen, wenn dort angegeben ist, dass solche Daten erfasst werden.<\/p>\n<p>Au\u00dferdem k\u00f6nnen wir gewisse nichtpers\u00f6nliche Daten erfassen. Diese Daten werden letztendlich in Form von Kategorien und in manchen F\u00e4llen von bestimmten URLs gespeichert. Wir verwenden Ihre IP-Adresse, um Probleme mit unseren Servern oder unserer Software zu diagnostizieren, unsere Webseite zu verwalten und demographische Daten zu erfassen.<\/p>\n<p>Wir verwenden Ihre pers\u00f6nlichen Daten prim\u00e4r, um Ihnen unsere Dienste gem\u00e4\u00df unseren Vereinbarungen mit Ihnen anzubieten. Wir verwenden pers\u00f6nliche Daten auch, um die Bedienung unserer Webseite zu verbessern, Auftr\u00e4ge zu erf\u00fcllen, unsere Marketing- und Verkaufsf\u00f6rderungsaktivit\u00e4ten zu verbessern, die Webseitenbenutzung statistisch zu analysieren, unsere Produkt- und Dienstangebote zu verbessern und den Content, das Layout und die Dienste unserer Webseite zu personalisieren. Wir k\u00f6nnen pers\u00f6nliche Daten dazu verwenden, Ihnen Informationen zukommen zu lassen und Sie in administrativen Angelegenheiten zu kontaktieren.<\/p>\n<p>Wir teilen, verkaufen, tauschen oder verleihen Ihre pers\u00f6nlichen Daten nicht mit Dritten oder an Dritte. Wir bieten jedoch einen Teil unserer Dienste \u00fcber vertragliche Vereinbarungen mit unseren Tochtergesellschaften und\/oder verbundenen Unternehmen und anderen Dritten an. Wir und diese anderen Dritten k\u00f6nnen Ihre pers\u00f6nlichen Daten verwenden, um unsere Webseiten zu bedienen und ihre Dienste zu liefern. Wir m\u00fcssen Ihre pers\u00f6nlichen Daten zum Beispiel an einen Zustelldienst weitergeben, um die von Ihnen auf dieser Webseite gekauften Produkte zu liefern.<\/p>\n<p>Wir ermutigen unsere Servicepartner, Datenschutzrichtlinien einzuf\u00fchren und zu ver\u00f6ffentlichen. Die Verwendung Ihrer pers\u00f6nlichen Daten durch unsere Servicepartner wird jedoch durch die Datenschutzrichtlinien dieser Servicepartner geregelt und untersteht nicht unserer Kontrolle.<\/p>\n<p>Gelegentlich m\u00fcssen wir pers\u00f6nliche Daten auf Anordnung von Strafverfolgungs- oder Justizbeh\u00f6rden an die entsprechenden Regierungsbeh\u00f6rden weitergeben. Wir geben pers\u00f6nliche Daten nach Erhalt einer gerichtlichen Anordnung, einer Zeugenladung oder zur Unterst\u00fctzung von strafrechtlichen Ermittlungen weiter. Wir arbeiten umfassend mit Strafverfolgungsbeh\u00f6rden zusammen, um Personen zu identifizieren, die unsere Dienste f\u00fcr illegale T\u00e4tigkeiten verwenden. Wir behalten uns vor, alle Aktivit\u00e4ten, die wir im guten Glauben f\u00fcr illegal halten, den Strafverfolgungsbeh\u00f6rden zu melden.<\/p>\n<p>Die Bedeutung der Sicherheit aller pers\u00f6nlichen Daten unserer Benutzer ist ein sehr wichtiges Anliegen f\u00fcr uns. Den aktuellen Branchenstandards entsprechend sind Ihre pers\u00f6nlichen Daten auf einem sicheren Server gespeichert, zu dem nur ausgew\u00e4hlte Mitarbeiter von Cloeren unter Verwendung eines sicheren Passwortes Zugriff haben. Ihre pers\u00f6nlichen Daten werden verschl\u00fcsselt, um zu verhindern, dass Unbefugte diese Daten w\u00e4hrend der \u00dcbermittlung an uns einsehen k\u00f6nnen.<\/p>\n<p>Leider kann die hundertprozentige Sicherheit einer Daten\u00fcbermittlung \u00fcber das Internet oder ein Funknetzwerk nicht garantiert werden. Obwohl wir uns bem\u00fchen, Ihre pers\u00f6nlichen Daten zu sch\u00fctzen, nehmen Sie zur Kenntnis, dass: (a) es Sicherheits- und Schutzgrenzen im Internet gibt, die nicht in unserer Macht liegen; (b) die Sicherheit, die Integrit\u00e4t und der Schutz jeglicher zwischen Ihnen und uns \u00fcber diese Webseite ausgetauschter Informationen und Daten nicht garantiert werden kann; und (c) jegliche solche Informationen und Daten unterwegs von Dritten eingesehen oder manipuliert werden k\u00f6nnten.<\/p>\n<p><strong>Zusatzinformationen (DSGVO)<\/strong><br \/>\nSie nehmen zur Kenntnis (wie oben beschrieben), dass Ihre Daten in die Vereinigten Staaten \u00fcbermittelt werden, also in ein Land ohne Angemessenheitsbeschluss gem\u00e4\u00df Art 45 (3) DSGVO und ohne entsprechende Garantien gem\u00e4\u00df Art 46 DSGVO. Es besteht das Risiko, dass Ihre \u00fcbertragenen Daten von nichteurop\u00e4ischen Regierungsbeh\u00f6rden verwendet\/\u00fcberwacht werden und es keine g\u00fcltigen Rechtsmittel gegen solche Ma\u00dfnahmen gibt.<\/p>\n<\/div><\/div><\/div><\/div><\/div>\n","protected":false},"excerpt":{"rendered":"","protected":false},"author":1,"featured_media":0,"parent":0,"menu_order":0,"comment_status":"closed","ping_status":"closed","template":"","meta":{"_acf_changed":false,"footnotes":""},"class_list":["post-15666","page","type-page","status-publish","hentry"],"acf":[],"_links":{"self":[{"href":"https:\/\/cloeren.com\/de\/wp-json\/wp\/v2\/pages\/15666","targetHints":{"allow":["GET"]}}],"collection":[{"href":"https:\/\/cloeren.com\/de\/wp-json\/wp\/v2\/pages"}],"about":[{"href":"https:\/\/cloeren.com\/de\/wp-json\/wp\/v2\/types\/page"}],"author":[{"embeddable":true,"href":"https:\/\/cloeren.com\/de\/wp-json\/wp\/v2\/users\/1"}],"replies":[{"embeddable":true,"href":"https:\/\/cloeren.com\/de\/wp-json\/wp\/v2\/comments?post=15666"}],"version-history":[{"count":3,"href":"https:\/\/cloeren.com\/de\/wp-json\/wp\/v2\/pages\/15666\/revisions"}],"predecessor-version":[{"id":21037,"href":"https:\/\/cloeren.com\/de\/wp-json\/wp\/v2\/pages\/15666\/revisions\/21037"}],"wp:attachment":[{"href":"https:\/\/cloeren.com\/de\/wp-json\/wp\/v2\/media?parent=15666"}],"curies":[{"name":"wp","href":"https:\/\/api.w.org\/{rel}","templated":true}]}}